{"id":1131,"date":"2016-07-20T10:36:55","date_gmt":"2016-07-20T08:36:55","guid":{"rendered":"http:\/\/www.teske-schwiede.de\/?page_id=1131"},"modified":"2016-11-07T15:23:40","modified_gmt":"2016-11-07T13:23:40","slug":"brueckenbachweg","status":"publish","type":"page","link":"http:\/\/www.teske-schwiede.de\/?page_id=1131","title":{"rendered":"Br\u00fcckenbachweg"},"content":{"rendered":"<p><strong>Br\u00fcckenbachweg, Gro\u00dfschirma\/ Sachsen, <\/strong>Ausgef\u00fchrt: 2009\/2010<br \/>\nUmnutzung, Umbau und Modernisierung einer Hofstelle und zweier<br \/>\nStallgeb\u00e4ude zu einem Wohngeb\u00e4ude f\u00fcr Seniorenwohngruppen<br \/>\nLeistung: Bestandserfassung, Sanierungsplanung, Kostenermittlung,<br \/>\nVorbereitung f\u00fcr F\u00f6rdermittelbeantragung, Steuerungsleistungen<\/p>\n<!-- index.php -->\n<div\n\tclass=\"ngg-galleryoverview ngg-ajax-pagination-none\"\n\tid=\"ngg-gallery-849cfd9f9f18e2fa4111075773125ec8-1\">\n\n    \t<div class=\"slideshowlink\">\n        <a href='http:\/\/www.teske-schwiede.de\/index.php\/nggallery\/slideshow?page_id=1131'>[Zeige eine Slideshow]<\/a>\n\t\t\n\t<\/div>\n\t\t\t<!-- Thumbnails -->\n\t\t\t\t<div id=\"ngg-image-0\" class=\"ngg-gallery-thumbnail-box\" >\n\t\t\t\t        <div class=\"ngg-gallery-thumbnail\">\n            <a href=\"http:\/\/www.teske-schwiede.de\/wp-content\/gallery\/brueckenbachweg\/Modell-1.jpg\"\n               title=\"3 D Modell mit sichtbaren Dachstuhl\"\n               data-src=\"http:\/\/www.teske-schwiede.de\/wp-content\/gallery\/brueckenbachweg\/Modell-1.jpg\"\n               data-thumbnail=\"http:\/\/www.teske-schwiede.de\/wp-content\/gallery\/brueckenbachweg\/thumbs\/thumbs_Modell-1.jpg\"\n               data-image-id=\"199\"\n               data-title=\"Modell\"\n               data-description=\"3 D Modell mit sichtbaren Dachstuhl\"\n               data-image-slug=\"modell-1\"\n               class=\"ngg-fancybox\" rel=\"849cfd9f9f18e2fa4111075773125ec8\">\n                <img\n                    title=\"Modell\"\n                    alt=\"Modell\"\n                    src=\"http:\/\/www.teske-schwiede.de\/wp-content\/gallery\/brueckenbachweg\/thumbs\/thumbs_Modell-1.jpg\"\n                    width=\"120\"\n                    height=\"90\"\n                    style=\"max-width:100%;\"\n                \/>\n            <\/a>\n        <\/div>\n\t\t\t\t\t\t\t<\/div> \n\t\t\t\n        \n\t\t\n\t\t<!-- Pagination -->\n\t<div class='ngg-clear'><\/div>\t<\/div>\n\n","protected":false},"excerpt":{"rendered":"<p>Br\u00fcckenbachweg, Gro\u00dfschirma\/ Sachsen, Ausgef\u00fchrt: 2009\/2010 Umnutzung, Umbau und Modernisierung einer Hofstelle und zweier Stallgeb\u00e4ude zu einem Wohngeb\u00e4ude f\u00fcr Seniorenwohngruppen Leistung: Bestandserfassung, Sanierungsplanung, Kostenermittlung, Vorbereitung f\u00fcr F\u00f6rdermittelbeantragung, Steuerungsleistungen<\/p>\n","protected":false},"author":1,"featured_media":0,"parent":44,"menu_order":0,"comment_status":"closed","ping_status":"closed","template":"","meta":{"ngg_post_thumbnail":0},"_links":{"self":[{"href":"http:\/\/www.teske-schwiede.de\/index.php?rest_route=\/wp\/v2\/pages\/1131"}],"collection":[{"href":"http:\/\/www.teske-schwiede.de\/index.php?rest_route=\/wp\/v2\/pages"}],"about":[{"href":"http:\/\/www.teske-schwiede.de\/index.php?rest_route=\/wp\/v2\/types\/page"}],"author":[{"embeddable":true,"href":"http:\/\/www.teske-schwiede.de\/index.php?rest_route=\/wp\/v2\/users\/1"}],"replies":[{"embeddable":true,"href":"http:\/\/www.teske-schwiede.de\/index.php?rest_route=%2Fwp%2Fv2%2Fcomments&post=1131"}],"version-history":[{"count":6,"href":"http:\/\/www.teske-schwiede.de\/index.php?rest_route=\/wp\/v2\/pages\/1131\/revisions"}],"predecessor-version":[{"id":1939,"href":"http:\/\/www.teske-schwiede.de\/index.php?rest_route=\/wp\/v2\/pages\/1131\/revisions\/1939"}],"up":[{"embeddable":true,"href":"http:\/\/www.teske-schwiede.de\/index.php?rest_route=\/wp\/v2\/pages\/44"}],"wp:attachment":[{"href":"http:\/\/www.teske-schwiede.de\/index.php?rest_route=%2Fwp%2Fv2%2Fmedia&parent=1131"}],"curies":[{"name":"wp","href":"https:\/\/api.w.org\/{rel}","templated":true}]}}