{"id":1176,"date":"2016-07-20T10:58:59","date_gmt":"2016-07-20T08:58:59","guid":{"rendered":"http:\/\/www.teske-schwiede.de\/?page_id=1176"},"modified":"2018-08-31T16:21:07","modified_gmt":"2018-08-31T14:21:07","slug":"parkstr-71","status":"publish","type":"page","link":"http:\/\/www.teske-schwiede.de\/?page_id=1176","title":{"rendered":"Parkstr. 71"},"content":{"rendered":"<p><strong>Parkstra\u00dfe 71<\/strong> in 14943 Luckenwalde, Ausgef\u00fchrt: 2012-2015,<br \/>\nSanierung\/ Umbau eines denkmalgesch\u00fctzten Mehrfamilienhauses,<br \/>\nbarrierearmer Umbau der Wohnungen und Zuwegen, Einbau einer Aufzugsanlage, energetische<br \/>\nVerbesserung der Fassade durch Innend\u00e4mmung, Aufwertung der Bestandsfenster durch<br \/>\nW\u00e4rmeschutzverglasung, \u00dcberarbeitung der Wohnungseingangst\u00fcren. LP 1-8<\/p>\n<p>F\u00fcr weitergehende Informationen klicken Sie bitte <a href=\"http:\/\/www.teske-schwiede.de\/?page_id=1060\"><span style=\"text-decoration: underline;\">hier<\/span><\/a><\/p>\n<!-- index.php -->\n<div\n\tclass=\"ngg-galleryoverview ngg-ajax-pagination-none\"\n\tid=\"ngg-gallery-4dbde292cf31610adfed085d5065af79-1\">\n\n    \t<div class=\"slideshowlink\">\n        <a href='http:\/\/www.teske-schwiede.de\/index.php\/nggallery\/slideshow?page_id=1176'>[Zeige eine Slideshow]<\/a>\n\t\t\n\t<\/div>\n\t\t\t<!-- Thumbnails -->\n\t\t\t\t<div id=\"ngg-image-0\" class=\"ngg-gallery-thumbnail-box\" >\n\t\t\t\t        <div class=\"ngg-gallery-thumbnail\">\n            <a href=\"http:\/\/www.teske-schwiede.de\/wp-content\/gallery\/parkstr-71-1\/eingang1.jpg\"\n               title=\"restaurierter Hauseingangsflur\"\n               data-src=\"http:\/\/www.teske-schwiede.de\/wp-content\/gallery\/parkstr-71-1\/eingang1.jpg\"\n               data-thumbnail=\"http:\/\/www.teske-schwiede.de\/wp-content\/gallery\/parkstr-71-1\/thumbs\/thumbs_eingang1.jpg\"\n               data-image-id=\"209\"\n               data-title=\"eingang1\"\n               data-description=\"restaurierter Hauseingangsflur\"\n               data-image-slug=\"eingang1-1\"\n               class=\"ngg-fancybox\" rel=\"4dbde292cf31610adfed085d5065af79\">\n                <img\n                    title=\"eingang1\"\n                    alt=\"eingang1\"\n                    src=\"http:\/\/www.teske-schwiede.de\/wp-content\/gallery\/parkstr-71-1\/thumbs\/thumbs_eingang1.jpg\"\n                    width=\"120\"\n                    height=\"90\"\n                    style=\"max-width:100%;\"\n                \/>\n            <\/a>\n        <\/div>\n\t\t\t\t\t\t\t<\/div> \n\t\t\t\n        \n\t\t\t\t<div id=\"ngg-image-1\" class=\"ngg-gallery-thumbnail-box\" >\n\t\t\t\t        <div class=\"ngg-gallery-thumbnail\">\n            <a href=\"http:\/\/www.teske-schwiede.de\/wp-content\/gallery\/parkstr-71-1\/fassade1.jpg\"\n               title=\"Ansicht Fassade\"\n               data-src=\"http:\/\/www.teske-schwiede.de\/wp-content\/gallery\/parkstr-71-1\/fassade1.jpg\"\n               data-thumbnail=\"http:\/\/www.teske-schwiede.de\/wp-content\/gallery\/parkstr-71-1\/thumbs\/thumbs_fassade1.jpg\"\n               data-image-id=\"210\"\n               data-title=\"fassade1\"\n               data-description=\"Ansicht Fassade\"\n               data-image-slug=\"fassade1-1\"\n               class=\"ngg-fancybox\" rel=\"4dbde292cf31610adfed085d5065af79\">\n                <img\n                    title=\"fassade1\"\n                    alt=\"fassade1\"\n                    src=\"http:\/\/www.teske-schwiede.de\/wp-content\/gallery\/parkstr-71-1\/thumbs\/thumbs_fassade1.jpg\"\n                    width=\"120\"\n                    height=\"90\"\n                    style=\"max-width:100%;\"\n                \/>\n            <\/a>\n        <\/div>\n\t\t\t\t\t\t\t<\/div> \n\t\t\t\n        \n\t\t\t\t<div id=\"ngg-image-2\" class=\"ngg-gallery-thumbnail-box\" >\n\t\t\t\t        <div class=\"ngg-gallery-thumbnail\">\n            <a href=\"http:\/\/www.teske-schwiede.de\/wp-content\/gallery\/parkstr-71-1\/fenster1.jpg\"\n               title=\"Ansicht auf Loggia\"\n               data-src=\"http:\/\/www.teske-schwiede.de\/wp-content\/gallery\/parkstr-71-1\/fenster1.jpg\"\n               data-thumbnail=\"http:\/\/www.teske-schwiede.de\/wp-content\/gallery\/parkstr-71-1\/thumbs\/thumbs_fenster1.jpg\"\n               data-image-id=\"211\"\n               data-title=\"fenster1\"\n               data-description=\"Ansicht auf Loggia\"\n               data-image-slug=\"fenster1-1\"\n               class=\"ngg-fancybox\" rel=\"4dbde292cf31610adfed085d5065af79\">\n                <img\n                    title=\"fenster1\"\n                    alt=\"fenster1\"\n                    src=\"http:\/\/www.teske-schwiede.de\/wp-content\/gallery\/parkstr-71-1\/thumbs\/thumbs_fenster1.jpg\"\n                    width=\"120\"\n                    height=\"90\"\n                    style=\"max-width:100%;\"\n                \/>\n            <\/a>\n        <\/div>\n\t\t\t\t\t\t\t<\/div> \n\t\t\t\n        \n\t\t\t\t<div id=\"ngg-image-3\" class=\"ngg-gallery-thumbnail-box\" >\n\t\t\t\t        <div class=\"ngg-gallery-thumbnail\">\n            <a href=\"http:\/\/www.teske-schwiede.de\/wp-content\/gallery\/parkstr-71-1\/hoffenster.jpg\"\n               title=\"Ansicht Mosaikfenster zum Hof\"\n               data-src=\"http:\/\/www.teske-schwiede.de\/wp-content\/gallery\/parkstr-71-1\/hoffenster.jpg\"\n               data-thumbnail=\"http:\/\/www.teske-schwiede.de\/wp-content\/gallery\/parkstr-71-1\/thumbs\/thumbs_hoffenster.jpg\"\n               data-image-id=\"212\"\n               data-title=\"hoffenster\"\n               data-description=\"Ansicht Mosaikfenster zum Hof\"\n               data-image-slug=\"hoffenster-1\"\n               class=\"ngg-fancybox\" rel=\"4dbde292cf31610adfed085d5065af79\">\n                <img\n                    title=\"hoffenster\"\n                    alt=\"hoffenster\"\n                    src=\"http:\/\/www.teske-schwiede.de\/wp-content\/gallery\/parkstr-71-1\/thumbs\/thumbs_hoffenster.jpg\"\n                    width=\"120\"\n                    height=\"90\"\n                    style=\"max-width:100%;\"\n                \/>\n            <\/a>\n        <\/div>\n\t\t\t\t\t\t\t<\/div> \n\t\t\t\n        \n\t\t\t\t<div id=\"ngg-image-4\" class=\"ngg-gallery-thumbnail-box\" >\n\t\t\t\t        <div class=\"ngg-gallery-thumbnail\">\n            <a href=\"http:\/\/www.teske-schwiede.de\/wp-content\/gallery\/parkstr-71-1\/treppenraum1.jpg\"\n               title=\"Ansicht Treppenaufgang\"\n               data-src=\"http:\/\/www.teske-schwiede.de\/wp-content\/gallery\/parkstr-71-1\/treppenraum1.jpg\"\n               data-thumbnail=\"http:\/\/www.teske-schwiede.de\/wp-content\/gallery\/parkstr-71-1\/thumbs\/thumbs_treppenraum1.jpg\"\n               data-image-id=\"213\"\n               data-title=\"treppenraum1\"\n               data-description=\"Ansicht Treppenaufgang\"\n               data-image-slug=\"treppenraum1-1\"\n               class=\"ngg-fancybox\" rel=\"4dbde292cf31610adfed085d5065af79\">\n                <img\n                    title=\"treppenraum1\"\n                    alt=\"treppenraum1\"\n                    src=\"http:\/\/www.teske-schwiede.de\/wp-content\/gallery\/parkstr-71-1\/thumbs\/thumbs_treppenraum1.jpg\"\n                    width=\"120\"\n                    height=\"90\"\n                    style=\"max-width:100%;\"\n                \/>\n            <\/a>\n        <\/div>\n\t\t\t\t\t\t\t<\/div> \n\t\t\t\n        \n\t\t\t\t<div id=\"ngg-image-5\" class=\"ngg-gallery-thumbnail-box\" >\n\t\t\t\t        <div class=\"ngg-gallery-thumbnail\">\n            <a href=\"http:\/\/www.teske-schwiede.de\/wp-content\/gallery\/parkstr-71-1\/treppenraum2.jpg\"\n               title=\"Treppenaufgang\"\n               data-src=\"http:\/\/www.teske-schwiede.de\/wp-content\/gallery\/parkstr-71-1\/treppenraum2.jpg\"\n               data-thumbnail=\"http:\/\/www.teske-schwiede.de\/wp-content\/gallery\/parkstr-71-1\/thumbs\/thumbs_treppenraum2.jpg\"\n               data-image-id=\"214\"\n               data-title=\"treppenraum2\"\n               data-description=\"Treppenaufgang\"\n               data-image-slug=\"treppenraum2-1\"\n               class=\"ngg-fancybox\" rel=\"4dbde292cf31610adfed085d5065af79\">\n                <img\n                    title=\"treppenraum2\"\n                    alt=\"treppenraum2\"\n                    src=\"http:\/\/www.teske-schwiede.de\/wp-content\/gallery\/parkstr-71-1\/thumbs\/thumbs_treppenraum2.jpg\"\n                    width=\"120\"\n                    height=\"90\"\n                    style=\"max-width:100%;\"\n                \/>\n            <\/a>\n        <\/div>\n\t\t\t\t\t\t\t<\/div> \n\t\t\t\n        \n\t\t\t\t<div id=\"ngg-image-6\" class=\"ngg-gallery-thumbnail-box\" >\n\t\t\t\t        <div class=\"ngg-gallery-thumbnail\">\n            <a href=\"http:\/\/www.teske-schwiede.de\/wp-content\/gallery\/parkstr-71-1\/DSCN5581.jpg\"\n               title=\"\"\n               data-src=\"http:\/\/www.teske-schwiede.de\/wp-content\/gallery\/parkstr-71-1\/DSCN5581.jpg\"\n               data-thumbnail=\"http:\/\/www.teske-schwiede.de\/wp-content\/gallery\/parkstr-71-1\/thumbs\/thumbs_DSCN5581.jpg\"\n               data-image-id=\"476\"\n               data-title=\"DSCN5581\"\n               data-description=\"\"\n               data-image-slug=\"dscn5581\"\n               class=\"ngg-fancybox\" rel=\"4dbde292cf31610adfed085d5065af79\">\n                <img\n                    title=\"DSCN5581\"\n                    alt=\"DSCN5581\"\n                    src=\"http:\/\/www.teske-schwiede.de\/wp-content\/gallery\/parkstr-71-1\/thumbs\/thumbs_DSCN5581.jpg\"\n                    width=\"120\"\n                    height=\"90\"\n                    style=\"max-width:100%;\"\n                \/>\n            <\/a>\n        <\/div>\n\t\t\t\t\t\t\t<\/div> \n\t\t\t\n        \n\t\t\t\t<div id=\"ngg-image-7\" class=\"ngg-gallery-thumbnail-box\" >\n\t\t\t\t        <div class=\"ngg-gallery-thumbnail\">\n            <a href=\"http:\/\/www.teske-schwiede.de\/wp-content\/gallery\/parkstr-71-1\/DSCN5583.jpg\"\n               title=\"\"\n               data-src=\"http:\/\/www.teske-schwiede.de\/wp-content\/gallery\/parkstr-71-1\/DSCN5583.jpg\"\n               data-thumbnail=\"http:\/\/www.teske-schwiede.de\/wp-content\/gallery\/parkstr-71-1\/thumbs\/thumbs_DSCN5583.jpg\"\n               data-image-id=\"477\"\n               data-title=\"DSCN5583\"\n               data-description=\"\"\n               data-image-slug=\"dscn5583\"\n               class=\"ngg-fancybox\" rel=\"4dbde292cf31610adfed085d5065af79\">\n                <img\n                    title=\"DSCN5583\"\n                    alt=\"DSCN5583\"\n                    src=\"http:\/\/www.teske-schwiede.de\/wp-content\/gallery\/parkstr-71-1\/thumbs\/thumbs_DSCN5583.jpg\"\n                    width=\"120\"\n                    height=\"90\"\n                    style=\"max-width:100%;\"\n                \/>\n            <\/a>\n        <\/div>\n\t\t\t\t\t\t\t<\/div> \n\t\t\t\n        \n\t\t\t\t<div id=\"ngg-image-8\" class=\"ngg-gallery-thumbnail-box\" >\n\t\t\t\t        <div class=\"ngg-gallery-thumbnail\">\n            <a href=\"http:\/\/www.teske-schwiede.de\/wp-content\/gallery\/parkstr-71-1\/DSCN5585.jpg\"\n               title=\"\"\n               data-src=\"http:\/\/www.teske-schwiede.de\/wp-content\/gallery\/parkstr-71-1\/DSCN5585.jpg\"\n               data-thumbnail=\"http:\/\/www.teske-schwiede.de\/wp-content\/gallery\/parkstr-71-1\/thumbs\/thumbs_DSCN5585.jpg\"\n               data-image-id=\"478\"\n               data-title=\"DSCN5585\"\n               data-description=\"\"\n               data-image-slug=\"dscn5585\"\n               class=\"ngg-fancybox\" rel=\"4dbde292cf31610adfed085d5065af79\">\n                <img\n                    title=\"DSCN5585\"\n                    alt=\"DSCN5585\"\n                    src=\"http:\/\/www.teske-schwiede.de\/wp-content\/gallery\/parkstr-71-1\/thumbs\/thumbs_DSCN5585.jpg\"\n                    width=\"120\"\n                    height=\"90\"\n                    style=\"max-width:100%;\"\n                \/>\n            <\/a>\n        <\/div>\n\t\t\t\t\t\t\t<\/div> \n\t\t\t\n        \n\t\t\t\t<div id=\"ngg-image-9\" class=\"ngg-gallery-thumbnail-box\" >\n\t\t\t\t        <div class=\"ngg-gallery-thumbnail\">\n            <a href=\"http:\/\/www.teske-schwiede.de\/wp-content\/gallery\/parkstr-71-1\/DSCN5586.jpg\"\n               title=\"\"\n               data-src=\"http:\/\/www.teske-schwiede.de\/wp-content\/gallery\/parkstr-71-1\/DSCN5586.jpg\"\n               data-thumbnail=\"http:\/\/www.teske-schwiede.de\/wp-content\/gallery\/parkstr-71-1\/thumbs\/thumbs_DSCN5586.jpg\"\n               data-image-id=\"479\"\n               data-title=\"DSCN5586\"\n               data-description=\"\"\n               data-image-slug=\"dscn5586\"\n               class=\"ngg-fancybox\" rel=\"4dbde292cf31610adfed085d5065af79\">\n                <img\n                    title=\"DSCN5586\"\n                    alt=\"DSCN5586\"\n                    src=\"http:\/\/www.teske-schwiede.de\/wp-content\/gallery\/parkstr-71-1\/thumbs\/thumbs_DSCN5586.jpg\"\n                    width=\"120\"\n                    height=\"90\"\n                    style=\"max-width:100%;\"\n                \/>\n            <\/a>\n        <\/div>\n\t\t\t\t\t\t\t<\/div> \n\t\t\t\n        \n\t\t\n\t\t<!-- Pagination -->\n\t<div class='ngg-clear'><\/div>\t<\/div>\n\n","protected":false},"excerpt":{"rendered":"<p>Parkstra\u00dfe 71 in 14943 Luckenwalde, Ausgef\u00fchrt: 2012-2015, Sanierung\/ Umbau eines denkmalgesch\u00fctzten Mehrfamilienhauses, barrierearmer Umbau der Wohnungen und Zuwegen, Einbau einer Aufzugsanlage, energetische Verbesserung der Fassade durch Innend\u00e4mmung, Aufwertung der Bestandsfenster durch W\u00e4rmeschutzverglasung, \u00dcberarbeitung der Wohnungseingangst\u00fcren. LP 1-8 F\u00fcr weitergehende Informationen klicken Sie bitte hier<\/p>\n","protected":false},"author":1,"featured_media":0,"parent":87,"menu_order":0,"comment_status":"closed","ping_status":"closed","template":"","meta":{"ngg_post_thumbnail":0},"_links":{"self":[{"href":"http:\/\/www.teske-schwiede.de\/index.php?rest_route=\/wp\/v2\/pages\/1176"}],"collection":[{"href":"http:\/\/www.teske-schwiede.de\/index.php?rest_route=\/wp\/v2\/pages"}],"about":[{"href":"http:\/\/www.teske-schwiede.de\/index.php?rest_route=\/wp\/v2\/types\/page"}],"author":[{"embeddable":true,"href":"http:\/\/www.teske-schwiede.de\/index.php?rest_route=\/wp\/v2\/users\/1"}],"replies":[{"embeddable":true,"href":"http:\/\/www.teske-schwiede.de\/index.php?rest_route=%2Fwp%2Fv2%2Fcomments&post=1176"}],"version-history":[{"count":7,"href":"http:\/\/www.teske-schwiede.de\/index.php?rest_route=\/wp\/v2\/pages\/1176\/revisions"}],"predecessor-version":[{"id":2761,"href":"http:\/\/www.teske-schwiede.de\/index.php?rest_route=\/wp\/v2\/pages\/1176\/revisions\/2761"}],"up":[{"embeddable":true,"href":"http:\/\/www.teske-schwiede.de\/index.php?rest_route=\/wp\/v2\/pages\/87"}],"wp:attachment":[{"href":"http:\/\/www.teske-schwiede.de\/index.php?rest_route=%2Fwp%2Fv2%2Fmedia&parent=1176"}],"curies":[{"name":"wp","href":"https:\/\/api.w.org\/{rel}","templated":true}]}}