{"id":1257,"date":"2016-07-20T12:37:58","date_gmt":"2016-07-20T10:37:58","guid":{"rendered":"http:\/\/www.teske-schwiede.de\/?page_id=1257"},"modified":"2017-01-04T11:57:13","modified_gmt":"2017-01-04T09:57:13","slug":"haus-zeier-innenansichten-2","status":"publish","type":"page","link":"http:\/\/www.teske-schwiede.de\/?page_id=1257","title":{"rendered":"Haus Zeier : Innenansichten"},"content":{"rendered":"<p><strong>Neubau eines Wohn- und Gesch\u00e4ftshauses in\u00a015748 M\u00fcnchehofe OT Hermsdorf\/ Brandenburg,<br \/>\n<\/strong>Ausgef\u00fchrt<strong>:<\/strong> 2005, Ausgestaltung der Innenr\u00e4ume mit Kamin und Natursteinwand, Entwurf und Ausf\u00fchrung von M\u00f6beln<\/p>\n<p>F\u00fcr weitergehende Informationen klicken Sie bitte <a href=\"http:\/\/www.teske-schwiede.de\/?page_id=723\"><span style=\"text-decoration: underline;\">hier<\/span><\/a><\/p>\n<!-- index.php -->\n<div\n\tclass=\"ngg-galleryoverview ngg-ajax-pagination-none\"\n\tid=\"ngg-gallery-965e41b8c8947d805ae5b1b5dc4b8ee1-1\">\n\n    \t<div class=\"slideshowlink\">\n        <a href='http:\/\/www.teske-schwiede.de\/index.php\/nggallery\/slideshow?page_id=1257'>[Zeige eine Slideshow]<\/a>\n\t\t\n\t<\/div>\n\t\t\t<!-- Thumbnails -->\n\t\t\t\t<div id=\"ngg-image-0\" class=\"ngg-gallery-thumbnail-box\" >\n\t\t\t\t        <div class=\"ngg-gallery-thumbnail\">\n            <a href=\"http:\/\/www.teske-schwiede.de\/wp-content\/gallery\/haus-zeier-innenansichten\/PUB-Haus-Zeier-Atrium-01.jpg\"\n               title=\"Ansicht EG zentrale Halle\"\n               data-src=\"http:\/\/www.teske-schwiede.de\/wp-content\/gallery\/haus-zeier-innenansichten\/PUB-Haus-Zeier-Atrium-01.jpg\"\n               data-thumbnail=\"http:\/\/www.teske-schwiede.de\/wp-content\/gallery\/haus-zeier-innenansichten\/thumbs\/thumbs_PUB-Haus-Zeier-Atrium-01.jpg\"\n               data-image-id=\"159\"\n               data-title=\"PUB-Haus-Zeier-Atrium-01\"\n               data-description=\"Ansicht EG zentrale Halle\"\n               data-image-slug=\"pub-haus-zeier-atrium-01-1\"\n               class=\"ngg-fancybox\" rel=\"965e41b8c8947d805ae5b1b5dc4b8ee1\">\n                <img\n                    title=\"PUB-Haus-Zeier-Atrium-01\"\n                    alt=\"PUB-Haus-Zeier-Atrium-01\"\n                    src=\"http:\/\/www.teske-schwiede.de\/wp-content\/gallery\/haus-zeier-innenansichten\/thumbs\/thumbs_PUB-Haus-Zeier-Atrium-01.jpg\"\n                    width=\"120\"\n                    height=\"90\"\n                    style=\"max-width:100%;\"\n                \/>\n            <\/a>\n        <\/div>\n\t\t\t\t\t\t\t<\/div> \n\t\t\t\n        \n\t\t\t\t<div id=\"ngg-image-1\" class=\"ngg-gallery-thumbnail-box\" >\n\t\t\t\t        <div class=\"ngg-gallery-thumbnail\">\n            <a href=\"http:\/\/www.teske-schwiede.de\/wp-content\/gallery\/haus-zeier-innenansichten\/PUB-Haus-Zeier-Atrium-02.jpg\"\n               title=\"Ansicht Stahltreppe in zentraler Halle\"\n               data-src=\"http:\/\/www.teske-schwiede.de\/wp-content\/gallery\/haus-zeier-innenansichten\/PUB-Haus-Zeier-Atrium-02.jpg\"\n               data-thumbnail=\"http:\/\/www.teske-schwiede.de\/wp-content\/gallery\/haus-zeier-innenansichten\/thumbs\/thumbs_PUB-Haus-Zeier-Atrium-02.jpg\"\n               data-image-id=\"160\"\n               data-title=\"PUB-Haus-Zeier-Atrium-02\"\n               data-description=\"Ansicht Stahltreppe in zentraler Halle\"\n               data-image-slug=\"pub-haus-zeier-atrium-02-1\"\n               class=\"ngg-fancybox\" rel=\"965e41b8c8947d805ae5b1b5dc4b8ee1\">\n                <img\n                    title=\"PUB-Haus-Zeier-Atrium-02\"\n                    alt=\"PUB-Haus-Zeier-Atrium-02\"\n                    src=\"http:\/\/www.teske-schwiede.de\/wp-content\/gallery\/haus-zeier-innenansichten\/thumbs\/thumbs_PUB-Haus-Zeier-Atrium-02.jpg\"\n                    width=\"120\"\n                    height=\"90\"\n                    style=\"max-width:100%;\"\n                \/>\n            <\/a>\n        <\/div>\n\t\t\t\t\t\t\t<\/div> \n\t\t\t\n        \n\t\t\t\t<div id=\"ngg-image-2\" class=\"ngg-gallery-thumbnail-box\" >\n\t\t\t\t        <div class=\"ngg-gallery-thumbnail\">\n            <a href=\"http:\/\/www.teske-schwiede.de\/wp-content\/gallery\/haus-zeier-innenansichten\/PUB-Haus-Zeier-Galerie-01.jpg\"\n               title=\"Ansicht zentrale Halle von der Galerie\"\n               data-src=\"http:\/\/www.teske-schwiede.de\/wp-content\/gallery\/haus-zeier-innenansichten\/PUB-Haus-Zeier-Galerie-01.jpg\"\n               data-thumbnail=\"http:\/\/www.teske-schwiede.de\/wp-content\/gallery\/haus-zeier-innenansichten\/thumbs\/thumbs_PUB-Haus-Zeier-Galerie-01.jpg\"\n               data-image-id=\"162\"\n               data-title=\"PUB-Haus-Zeier-Galerie-01\"\n               data-description=\"Ansicht zentrale Halle von der Galerie\"\n               data-image-slug=\"pub-haus-zeier-galerie-01-1\"\n               class=\"ngg-fancybox\" rel=\"965e41b8c8947d805ae5b1b5dc4b8ee1\">\n                <img\n                    title=\"PUB-Haus-Zeier-Galerie-01\"\n                    alt=\"PUB-Haus-Zeier-Galerie-01\"\n                    src=\"http:\/\/www.teske-schwiede.de\/wp-content\/gallery\/haus-zeier-innenansichten\/thumbs\/thumbs_PUB-Haus-Zeier-Galerie-01.jpg\"\n                    width=\"120\"\n                    height=\"90\"\n                    style=\"max-width:100%;\"\n                \/>\n            <\/a>\n        <\/div>\n\t\t\t\t\t\t\t<\/div> \n\t\t\t\n        \n\t\t\t\t<div id=\"ngg-image-3\" class=\"ngg-gallery-thumbnail-box\" >\n\t\t\t\t        <div class=\"ngg-gallery-thumbnail\">\n            <a href=\"http:\/\/www.teske-schwiede.de\/wp-content\/gallery\/haus-zeier-innenansichten\/Haus_Zeier_3.jpg\"\n               title=\"Ansicht offene K\u00fcche\"\n               data-src=\"http:\/\/www.teske-schwiede.de\/wp-content\/gallery\/haus-zeier-innenansichten\/Haus_Zeier_3.jpg\"\n               data-thumbnail=\"http:\/\/www.teske-schwiede.de\/wp-content\/gallery\/haus-zeier-innenansichten\/thumbs\/thumbs_Haus_Zeier_3.jpg\"\n               data-image-id=\"317\"\n               data-title=\"Haus_Zeier_3\"\n               data-description=\"Ansicht offene K\u00fcche\"\n               data-image-slug=\"haus_zeier_3-4\"\n               class=\"ngg-fancybox\" rel=\"965e41b8c8947d805ae5b1b5dc4b8ee1\">\n                <img\n                    title=\"Haus_Zeier_3\"\n                    alt=\"Haus_Zeier_3\"\n                    src=\"http:\/\/www.teske-schwiede.de\/wp-content\/gallery\/haus-zeier-innenansichten\/thumbs\/thumbs_Haus_Zeier_3.jpg\"\n                    width=\"120\"\n                    height=\"90\"\n                    style=\"max-width:100%;\"\n                \/>\n            <\/a>\n        <\/div>\n\t\t\t\t\t\t\t<\/div> \n\t\t\t\n        \n\t\t\t\t<div id=\"ngg-image-4\" class=\"ngg-gallery-thumbnail-box\" >\n\t\t\t\t        <div class=\"ngg-gallery-thumbnail\">\n            <a href=\"http:\/\/www.teske-schwiede.de\/wp-content\/gallery\/haus-zeier-innenansichten\/zeier_kamin1.jpg\"\n               title=\"Ansicht Kamin vor Natursteinwand\"\n               data-src=\"http:\/\/www.teske-schwiede.de\/wp-content\/gallery\/haus-zeier-innenansichten\/zeier_kamin1.jpg\"\n               data-thumbnail=\"http:\/\/www.teske-schwiede.de\/wp-content\/gallery\/haus-zeier-innenansichten\/thumbs\/thumbs_zeier_kamin1.jpg\"\n               data-image-id=\"318\"\n               data-title=\"zeier_kamin1\"\n               data-description=\"Ansicht Kamin vor Natursteinwand\"\n               data-image-slug=\"zeier_kamin1\"\n               class=\"ngg-fancybox\" rel=\"965e41b8c8947d805ae5b1b5dc4b8ee1\">\n                <img\n                    title=\"zeier_kamin1\"\n                    alt=\"zeier_kamin1\"\n                    src=\"http:\/\/www.teske-schwiede.de\/wp-content\/gallery\/haus-zeier-innenansichten\/thumbs\/thumbs_zeier_kamin1.jpg\"\n                    width=\"120\"\n                    height=\"90\"\n                    style=\"max-width:100%;\"\n                \/>\n            <\/a>\n        <\/div>\n\t\t\t\t\t\t\t<\/div> \n\t\t\t\n        \n\t\t\t\t<div id=\"ngg-image-5\" class=\"ngg-gallery-thumbnail-box\" >\n\t\t\t\t        <div class=\"ngg-gallery-thumbnail\">\n            <a href=\"http:\/\/www.teske-schwiede.de\/wp-content\/gallery\/haus-zeier-innenansichten\/zeier_essbereich.jpg\"\n               title=\"Ansicht offene K\u00fcche mit Essbereich\"\n               data-src=\"http:\/\/www.teske-schwiede.de\/wp-content\/gallery\/haus-zeier-innenansichten\/zeier_essbereich.jpg\"\n               data-thumbnail=\"http:\/\/www.teske-schwiede.de\/wp-content\/gallery\/haus-zeier-innenansichten\/thumbs\/thumbs_zeier_essbereich.jpg\"\n               data-image-id=\"319\"\n               data-title=\"zeier_essbereich\"\n               data-description=\"Ansicht offene K\u00fcche mit Essbereich\"\n               data-image-slug=\"zeier_essbereich\"\n               class=\"ngg-fancybox\" rel=\"965e41b8c8947d805ae5b1b5dc4b8ee1\">\n                <img\n                    title=\"zeier_essbereich\"\n                    alt=\"zeier_essbereich\"\n                    src=\"http:\/\/www.teske-schwiede.de\/wp-content\/gallery\/haus-zeier-innenansichten\/thumbs\/thumbs_zeier_essbereich.jpg\"\n                    width=\"120\"\n                    height=\"90\"\n                    style=\"max-width:100%;\"\n                \/>\n            <\/a>\n        <\/div>\n\t\t\t\t\t\t\t<\/div> \n\t\t\t\n        \n\t\t\t\t<div id=\"ngg-image-6\" class=\"ngg-gallery-thumbnail-box\" >\n\t\t\t\t        <div class=\"ngg-gallery-thumbnail\">\n            <a href=\"http:\/\/www.teske-schwiede.de\/wp-content\/gallery\/haus-zeier-innenansichten\/Beistelltisch_skid.jpg\"\n               title=\"M\u00f6belentwurf Beistelltisch: Skid\"\n               data-src=\"http:\/\/www.teske-schwiede.de\/wp-content\/gallery\/haus-zeier-innenansichten\/Beistelltisch_skid.jpg\"\n               data-thumbnail=\"http:\/\/www.teske-schwiede.de\/wp-content\/gallery\/haus-zeier-innenansichten\/thumbs\/thumbs_Beistelltisch_skid.jpg\"\n               data-image-id=\"320\"\n               data-title=\"Beistelltisch_skid\"\n               data-description=\"M\u00f6belentwurf Beistelltisch: Skid\"\n               data-image-slug=\"beistelltisch_skid\"\n               class=\"ngg-fancybox\" rel=\"965e41b8c8947d805ae5b1b5dc4b8ee1\">\n                <img\n                    title=\"Beistelltisch_skid\"\n                    alt=\"Beistelltisch_skid\"\n                    src=\"http:\/\/www.teske-schwiede.de\/wp-content\/gallery\/haus-zeier-innenansichten\/thumbs\/thumbs_Beistelltisch_skid.jpg\"\n                    width=\"120\"\n                    height=\"90\"\n                    style=\"max-width:100%;\"\n                \/>\n            <\/a>\n        <\/div>\n\t\t\t\t\t\t\t<\/div> \n\t\t\t\n        \n\t\t\n\t\t<!-- Pagination -->\n\t<div class='ngg-clear'><\/div>\t<\/div>\n\n","protected":false},"excerpt":{"rendered":"<p>Neubau eines Wohn- und Gesch\u00e4ftshauses in\u00a015748 M\u00fcnchehofe OT Hermsdorf\/ Brandenburg, Ausgef\u00fchrt: 2005, Ausgestaltung der Innenr\u00e4ume mit Kamin und Natursteinwand, Entwurf und Ausf\u00fchrung von M\u00f6beln F\u00fcr weitergehende Informationen klicken Sie bitte hier<\/p>\n","protected":false},"author":1,"featured_media":0,"parent":131,"menu_order":0,"comment_status":"closed","ping_status":"closed","template":"","meta":{"ngg_post_thumbnail":0},"_links":{"self":[{"href":"http:\/\/www.teske-schwiede.de\/index.php?rest_route=\/wp\/v2\/pages\/1257"}],"collection":[{"href":"http:\/\/www.teske-schwiede.de\/index.php?rest_route=\/wp\/v2\/pages"}],"about":[{"href":"http:\/\/www.teske-schwiede.de\/index.php?rest_route=\/wp\/v2\/types\/page"}],"author":[{"embeddable":true,"href":"http:\/\/www.teske-schwiede.de\/index.php?rest_route=\/wp\/v2\/users\/1"}],"replies":[{"embeddable":true,"href":"http:\/\/www.teske-schwiede.de\/index.php?rest_route=%2Fwp%2Fv2%2Fcomments&post=1257"}],"version-history":[{"count":5,"href":"http:\/\/www.teske-schwiede.de\/index.php?rest_route=\/wp\/v2\/pages\/1257\/revisions"}],"predecessor-version":[{"id":2260,"href":"http:\/\/www.teske-schwiede.de\/index.php?rest_route=\/wp\/v2\/pages\/1257\/revisions\/2260"}],"up":[{"embeddable":true,"href":"http:\/\/www.teske-schwiede.de\/index.php?rest_route=\/wp\/v2\/pages\/131"}],"wp:attachment":[{"href":"http:\/\/www.teske-schwiede.de\/index.php?rest_route=%2Fwp%2Fv2%2Fmedia&parent=1257"}],"curies":[{"name":"wp","href":"https:\/\/api.w.org\/{rel}","templated":true}]}}