{"id":1425,"date":"2016-10-12T10:55:41","date_gmt":"2016-10-12T08:55:41","guid":{"rendered":"http:\/\/www.teske-schwiede.de\/?page_id=1425"},"modified":"2017-01-04T12:30:09","modified_gmt":"2017-01-04T10:30:09","slug":"siedlung-am-steinberg","status":"publish","type":"page","link":"http:\/\/www.teske-schwiede.de\/?page_id=1425","title":{"rendered":"Siedlung am Steinberg"},"content":{"rendered":"<p><b>Siedlung am Steinberg, 13509 Berlin Tegel<\/b>, Ausgef\u00fchrt:\u00a0derzeit in Bearbeitung<br \/>\nSanierung und Umbau von 3 denkmalgesch\u00fctzten Mehrfamilienh\u00e4usern,<br \/>\nR\u00fcckbau Dachgeschoss und Neuerrichtung Dachgeschoss in Abstimmung<br \/>\nmit der Denkmalpflege, energetische Sanierung der Fassade, LP 4-6<\/p>\n<p>F\u00fcr weitergehende Informationen klicken Sie bitte <a href=\"http:\/\/www.teske-schwiede.de\/?page_id=1382\"><span style=\"text-decoration: underline;\">hier<\/span><\/a><br \/>\n<!-- index.php -->\n<div\n\tclass=\"ngg-galleryoverview ngg-ajax-pagination-none\"\n\tid=\"ngg-gallery-ea7fb82ed682830d970e3e2e8232bc72-1\">\n\n    \t<div class=\"slideshowlink\">\n        <a href='http:\/\/www.teske-schwiede.de\/index.php\/nggallery\/slideshow?page_id=1425'>[Zeige eine Slideshow]<\/a>\n\t\t\n\t<\/div>\n\t\t\t<!-- Thumbnails -->\n\t\t\t\t<div id=\"ngg-image-0\" class=\"ngg-gallery-thumbnail-box\" >\n\t\t\t\t        <div class=\"ngg-gallery-thumbnail\">\n            <a href=\"http:\/\/www.teske-schwiede.de\/wp-content\/gallery\/siedlung-am-steinberg-1\/Siedlung_am_Steinberg_4.jpg\"\n               title=\"Ansicht Fassade Gartenseite\"\n               data-src=\"http:\/\/www.teske-schwiede.de\/wp-content\/gallery\/siedlung-am-steinberg-1\/Siedlung_am_Steinberg_4.jpg\"\n               data-thumbnail=\"http:\/\/www.teske-schwiede.de\/wp-content\/gallery\/siedlung-am-steinberg-1\/thumbs\/thumbs_Siedlung_am_Steinberg_4.jpg\"\n               data-image-id=\"273\"\n               data-title=\"Siedlung_am_Steinberg_4\"\n               data-description=\"Ansicht Fassade Gartenseite\"\n               data-image-slug=\"siedlung_am_steinberg_4-1\"\n               class=\"ngg-fancybox\" rel=\"ea7fb82ed682830d970e3e2e8232bc72\">\n                <img\n                    title=\"Siedlung_am_Steinberg_4\"\n                    alt=\"Siedlung_am_Steinberg_4\"\n                    src=\"http:\/\/www.teske-schwiede.de\/wp-content\/gallery\/siedlung-am-steinberg-1\/thumbs\/thumbs_Siedlung_am_Steinberg_4.jpg\"\n                    width=\"120\"\n                    height=\"90\"\n                    style=\"max-width:100%;\"\n                \/>\n            <\/a>\n        <\/div>\n\t\t\t\t\t\t\t<\/div> \n\t\t\t\n        \n\t\t\t\t<div id=\"ngg-image-1\" class=\"ngg-gallery-thumbnail-box\" >\n\t\t\t\t        <div class=\"ngg-gallery-thumbnail\">\n            <a href=\"http:\/\/www.teske-schwiede.de\/wp-content\/gallery\/siedlung-am-steinberg-1\/Siedlung_am_Steinberg_5.jpg\"\n               title=\"Ansicht Fassade Stra\u00dfenseite\"\n               data-src=\"http:\/\/www.teske-schwiede.de\/wp-content\/gallery\/siedlung-am-steinberg-1\/Siedlung_am_Steinberg_5.jpg\"\n               data-thumbnail=\"http:\/\/www.teske-schwiede.de\/wp-content\/gallery\/siedlung-am-steinberg-1\/thumbs\/thumbs_Siedlung_am_Steinberg_5.jpg\"\n               data-image-id=\"274\"\n               data-title=\"Siedlung_am_Steinberg_5\"\n               data-description=\"Ansicht Fassade Stra\u00dfenseite\"\n               data-image-slug=\"siedlung_am_steinberg_5-1\"\n               class=\"ngg-fancybox\" rel=\"ea7fb82ed682830d970e3e2e8232bc72\">\n                <img\n                    title=\"Siedlung_am_Steinberg_5\"\n                    alt=\"Siedlung_am_Steinberg_5\"\n                    src=\"http:\/\/www.teske-schwiede.de\/wp-content\/gallery\/siedlung-am-steinberg-1\/thumbs\/thumbs_Siedlung_am_Steinberg_5.jpg\"\n                    width=\"120\"\n                    height=\"90\"\n                    style=\"max-width:100%;\"\n                \/>\n            <\/a>\n        <\/div>\n\t\t\t\t\t\t\t<\/div> \n\t\t\t\n        \n\t\t\n\t\t<!-- Pagination -->\n\t<div class='ngg-clear'><\/div>\t<\/div>\n<\/p>\n","protected":false},"excerpt":{"rendered":"<p>Siedlung am Steinberg, 13509 Berlin Tegel, Ausgef\u00fchrt:\u00a0derzeit in Bearbeitung Sanierung und Umbau von 3 denkmalgesch\u00fctzten Mehrfamilienh\u00e4usern, R\u00fcckbau Dachgeschoss und Neuerrichtung Dachgeschoss in Abstimmung mit der Denkmalpflege, energetische Sanierung der Fassade, LP 4-6 F\u00fcr weitergehende Informationen klicken Sie bitte hier<\/p>\n","protected":false},"author":1,"featured_media":0,"parent":44,"menu_order":0,"comment_status":"closed","ping_status":"closed","template":"","meta":{"ngg_post_thumbnail":0},"_links":{"self":[{"href":"http:\/\/www.teske-schwiede.de\/index.php?rest_route=\/wp\/v2\/pages\/1425"}],"collection":[{"href":"http:\/\/www.teske-schwiede.de\/index.php?rest_route=\/wp\/v2\/pages"}],"about":[{"href":"http:\/\/www.teske-schwiede.de\/index.php?rest_route=\/wp\/v2\/types\/page"}],"author":[{"embeddable":true,"href":"http:\/\/www.teske-schwiede.de\/index.php?rest_route=\/wp\/v2\/users\/1"}],"replies":[{"embeddable":true,"href":"http:\/\/www.teske-schwiede.de\/index.php?rest_route=%2Fwp%2Fv2%2Fcomments&post=1425"}],"version-history":[{"count":2,"href":"http:\/\/www.teske-schwiede.de\/index.php?rest_route=\/wp\/v2\/pages\/1425\/revisions"}],"predecessor-version":[{"id":2269,"href":"http:\/\/www.teske-schwiede.de\/index.php?rest_route=\/wp\/v2\/pages\/1425\/revisions\/2269"}],"up":[{"embeddable":true,"href":"http:\/\/www.teske-schwiede.de\/index.php?rest_route=\/wp\/v2\/pages\/44"}],"wp:attachment":[{"href":"http:\/\/www.teske-schwiede.de\/index.php?rest_route=%2Fwp%2Fv2%2Fmedia&parent=1425"}],"curies":[{"name":"wp","href":"https:\/\/api.w.org\/{rel}","templated":true}]}}