{"id":1494,"date":"2016-10-12T11:37:45","date_gmt":"2016-10-12T09:37:45","guid":{"rendered":"http:\/\/www.teske-schwiede.de\/?page_id=1494"},"modified":"2018-08-31T16:22:28","modified_gmt":"2018-08-31T14:22:28","slug":"parkstr-71","status":"publish","type":"page","link":"http:\/\/www.teske-schwiede.de\/?page_id=1494","title":{"rendered":"Parkstr. 71"},"content":{"rendered":"<p><b>Parkstr. 71, 14943 Luckenwalde<\/b>, Ausgef\u00fchrt: 2012 &#8211; 2015<br \/>\nSanierung und Umbau eines denkmalgesch\u00fctzten Mehrfamilienhauses, barrierearmer<br \/>\nUmbau der Wohnungen und Zuwegungen, Einbau einer Aufzugsanlage, energetische<br \/>\nVerbesserung der Fassade durch eine Innend\u00e4mmung, Aufwertung der Bestandsfenster<br \/>\ndurch W\u00e4rmeschutzverglasung, \u00dcberarbeitung der Wohnungseingangst\u00fcren. LP 1-8<\/p>\n<!-- index.php -->\n<div\n\tclass=\"ngg-galleryoverview ngg-ajax-pagination-none\"\n\tid=\"ngg-gallery-d4768b5bc8570dc6612bb954bb7fedd2-1\">\n\n    \t<div class=\"slideshowlink\">\n        <a href='http:\/\/www.teske-schwiede.de\/index.php\/nggallery\/slideshow?page_id=1494'>[Zeige eine Slideshow]<\/a>\n\t\t\n\t<\/div>\n\t\t\t<!-- Thumbnails -->\n\t\t\t\t<div id=\"ngg-image-0\" class=\"ngg-gallery-thumbnail-box\" >\n\t\t\t\t        <div class=\"ngg-gallery-thumbnail\">\n            <a href=\"http:\/\/www.teske-schwiede.de\/wp-content\/gallery\/parkstr-71-2\/Bad1.jpg\"\n               title=\"Innenansicht Bad mit bodengleichen Ablauf der Dusche\"\n               data-src=\"http:\/\/www.teske-schwiede.de\/wp-content\/gallery\/parkstr-71-2\/Bad1.jpg\"\n               data-thumbnail=\"http:\/\/www.teske-schwiede.de\/wp-content\/gallery\/parkstr-71-2\/thumbs\/thumbs_Bad1.jpg\"\n               data-image-id=\"287\"\n               data-title=\"Bad1\"\n               data-description=\"Innenansicht Bad mit bodengleichen Ablauf der Dusche\"\n               data-image-slug=\"bad1-2\"\n               class=\"ngg-fancybox\" rel=\"d4768b5bc8570dc6612bb954bb7fedd2\">\n                <img\n                    title=\"Bad1\"\n                    alt=\"Bad1\"\n                    src=\"http:\/\/www.teske-schwiede.de\/wp-content\/gallery\/parkstr-71-2\/thumbs\/thumbs_Bad1.jpg\"\n                    width=\"120\"\n                    height=\"90\"\n                    style=\"max-width:100%;\"\n                \/>\n            <\/a>\n        <\/div>\n\t\t\t\t\t\t\t<\/div> \n\t\t\t\n        \n\t\t\t\t<div id=\"ngg-image-1\" class=\"ngg-gallery-thumbnail-box\" >\n\t\t\t\t        <div class=\"ngg-gallery-thumbnail\">\n            <a href=\"http:\/\/www.teske-schwiede.de\/wp-content\/gallery\/parkstr-71-2\/eingang1.jpg\"\n               title=\"restaurierter Hauseingangsflur\"\n               data-src=\"http:\/\/www.teske-schwiede.de\/wp-content\/gallery\/parkstr-71-2\/eingang1.jpg\"\n               data-thumbnail=\"http:\/\/www.teske-schwiede.de\/wp-content\/gallery\/parkstr-71-2\/thumbs\/thumbs_eingang1.jpg\"\n               data-image-id=\"288\"\n               data-title=\"eingang1\"\n               data-description=\"restaurierter Hauseingangsflur\"\n               data-image-slug=\"eingang1-3\"\n               class=\"ngg-fancybox\" rel=\"d4768b5bc8570dc6612bb954bb7fedd2\">\n                <img\n                    title=\"eingang1\"\n                    alt=\"eingang1\"\n                    src=\"http:\/\/www.teske-schwiede.de\/wp-content\/gallery\/parkstr-71-2\/thumbs\/thumbs_eingang1.jpg\"\n                    width=\"120\"\n                    height=\"90\"\n                    style=\"max-width:100%;\"\n                \/>\n            <\/a>\n        <\/div>\n\t\t\t\t\t\t\t<\/div> \n\t\t\t\n        \n\t\t\t\t<div id=\"ngg-image-2\" class=\"ngg-gallery-thumbnail-box\" >\n\t\t\t\t        <div class=\"ngg-gallery-thumbnail\">\n            <a href=\"http:\/\/www.teske-schwiede.de\/wp-content\/gallery\/parkstr-71-2\/fassade1.jpg\"\n               title=\"Fassade Stra\u00dfenansicht\"\n               data-src=\"http:\/\/www.teske-schwiede.de\/wp-content\/gallery\/parkstr-71-2\/fassade1.jpg\"\n               data-thumbnail=\"http:\/\/www.teske-schwiede.de\/wp-content\/gallery\/parkstr-71-2\/thumbs\/thumbs_fassade1.jpg\"\n               data-image-id=\"289\"\n               data-title=\"fassade1\"\n               data-description=\"Fassade Stra\u00dfenansicht\"\n               data-image-slug=\"fassade1-3\"\n               class=\"ngg-fancybox\" rel=\"d4768b5bc8570dc6612bb954bb7fedd2\">\n                <img\n                    title=\"fassade1\"\n                    alt=\"fassade1\"\n                    src=\"http:\/\/www.teske-schwiede.de\/wp-content\/gallery\/parkstr-71-2\/thumbs\/thumbs_fassade1.jpg\"\n                    width=\"120\"\n                    height=\"90\"\n                    style=\"max-width:100%;\"\n                \/>\n            <\/a>\n        <\/div>\n\t\t\t\t\t\t\t<\/div> \n\t\t\t\n        \n\t\t\t\t<div id=\"ngg-image-3\" class=\"ngg-gallery-thumbnail-box\" >\n\t\t\t\t        <div class=\"ngg-gallery-thumbnail\">\n            <a href=\"http:\/\/www.teske-schwiede.de\/wp-content\/gallery\/parkstr-71-2\/fenster1.jpg\"\n               title=\"Blick in Loggia\"\n               data-src=\"http:\/\/www.teske-schwiede.de\/wp-content\/gallery\/parkstr-71-2\/fenster1.jpg\"\n               data-thumbnail=\"http:\/\/www.teske-schwiede.de\/wp-content\/gallery\/parkstr-71-2\/thumbs\/thumbs_fenster1.jpg\"\n               data-image-id=\"290\"\n               data-title=\"fenster1\"\n               data-description=\"Blick in Loggia\"\n               data-image-slug=\"fenster1-2\"\n               class=\"ngg-fancybox\" rel=\"d4768b5bc8570dc6612bb954bb7fedd2\">\n                <img\n                    title=\"fenster1\"\n                    alt=\"fenster1\"\n                    src=\"http:\/\/www.teske-schwiede.de\/wp-content\/gallery\/parkstr-71-2\/thumbs\/thumbs_fenster1.jpg\"\n                    width=\"120\"\n                    height=\"90\"\n                    style=\"max-width:100%;\"\n                \/>\n            <\/a>\n        <\/div>\n\t\t\t\t\t\t\t<\/div> \n\t\t\t\n        \n\t\t\t\t<div id=\"ngg-image-4\" class=\"ngg-gallery-thumbnail-box\" >\n\t\t\t\t        <div class=\"ngg-gallery-thumbnail\">\n            <a href=\"http:\/\/www.teske-schwiede.de\/wp-content\/gallery\/parkstr-71-2\/hoffenster.jpg\"\n               title=\"Ansicht Mosaikfenster zum Hof\"\n               data-src=\"http:\/\/www.teske-schwiede.de\/wp-content\/gallery\/parkstr-71-2\/hoffenster.jpg\"\n               data-thumbnail=\"http:\/\/www.teske-schwiede.de\/wp-content\/gallery\/parkstr-71-2\/thumbs\/thumbs_hoffenster.jpg\"\n               data-image-id=\"291\"\n               data-title=\"hoffenster\"\n               data-description=\"Ansicht Mosaikfenster zum Hof\"\n               data-image-slug=\"hoffenster-2\"\n               class=\"ngg-fancybox\" rel=\"d4768b5bc8570dc6612bb954bb7fedd2\">\n                <img\n                    title=\"hoffenster\"\n                    alt=\"hoffenster\"\n                    src=\"http:\/\/www.teske-schwiede.de\/wp-content\/gallery\/parkstr-71-2\/thumbs\/thumbs_hoffenster.jpg\"\n                    width=\"120\"\n                    height=\"90\"\n                    style=\"max-width:100%;\"\n                \/>\n            <\/a>\n        <\/div>\n\t\t\t\t\t\t\t<\/div> \n\t\t\t\n        \n\t\t\t\t<div id=\"ngg-image-5\" class=\"ngg-gallery-thumbnail-box\" >\n\t\t\t\t        <div class=\"ngg-gallery-thumbnail\">\n            <a href=\"http:\/\/www.teske-schwiede.de\/wp-content\/gallery\/parkstr-71-2\/Salon1.jpg\"\n               title=\"Zimmer mit Fischgr\u00e4tparkett und Deckenstuck\"\n               data-src=\"http:\/\/www.teske-schwiede.de\/wp-content\/gallery\/parkstr-71-2\/Salon1.jpg\"\n               data-thumbnail=\"http:\/\/www.teske-schwiede.de\/wp-content\/gallery\/parkstr-71-2\/thumbs\/thumbs_Salon1.jpg\"\n               data-image-id=\"292\"\n               data-title=\"Salon1\"\n               data-description=\"Zimmer mit Fischgr\u00e4tparkett und Deckenstuck\"\n               data-image-slug=\"salon1-1\"\n               class=\"ngg-fancybox\" rel=\"d4768b5bc8570dc6612bb954bb7fedd2\">\n                <img\n                    title=\"Salon1\"\n                    alt=\"Salon1\"\n                    src=\"http:\/\/www.teske-schwiede.de\/wp-content\/gallery\/parkstr-71-2\/thumbs\/thumbs_Salon1.jpg\"\n                    width=\"120\"\n                    height=\"90\"\n                    style=\"max-width:100%;\"\n                \/>\n            <\/a>\n        <\/div>\n\t\t\t\t\t\t\t<\/div> \n\t\t\t\n        \n\t\t\t\t<div id=\"ngg-image-6\" class=\"ngg-gallery-thumbnail-box\" >\n\t\t\t\t        <div class=\"ngg-gallery-thumbnail\">\n            <a href=\"http:\/\/www.teske-schwiede.de\/wp-content\/gallery\/parkstr-71-2\/Salon2.jpg\"\n               title=\"Zimmer mit Fischgr\u00e4tparkett und Deckenstuck\"\n               data-src=\"http:\/\/www.teske-schwiede.de\/wp-content\/gallery\/parkstr-71-2\/Salon2.jpg\"\n               data-thumbnail=\"http:\/\/www.teske-schwiede.de\/wp-content\/gallery\/parkstr-71-2\/thumbs\/thumbs_Salon2.jpg\"\n               data-image-id=\"293\"\n               data-title=\"Salon2\"\n               data-description=\"Zimmer mit Fischgr\u00e4tparkett und Deckenstuck\"\n               data-image-slug=\"salon2-1\"\n               class=\"ngg-fancybox\" rel=\"d4768b5bc8570dc6612bb954bb7fedd2\">\n                <img\n                    title=\"Salon2\"\n                    alt=\"Salon2\"\n                    src=\"http:\/\/www.teske-schwiede.de\/wp-content\/gallery\/parkstr-71-2\/thumbs\/thumbs_Salon2.jpg\"\n                    width=\"120\"\n                    height=\"90\"\n                    style=\"max-width:100%;\"\n                \/>\n            <\/a>\n        <\/div>\n\t\t\t\t\t\t\t<\/div> \n\t\t\t\n        \n\t\t\t\t<div id=\"ngg-image-7\" class=\"ngg-gallery-thumbnail-box\" >\n\t\t\t\t        <div class=\"ngg-gallery-thumbnail\">\n            <a href=\"http:\/\/www.teske-schwiede.de\/wp-content\/gallery\/parkstr-71-2\/treppenraum1.jpg\"\n               title=\"restaurierter Aufgang\"\n               data-src=\"http:\/\/www.teske-schwiede.de\/wp-content\/gallery\/parkstr-71-2\/treppenraum1.jpg\"\n               data-thumbnail=\"http:\/\/www.teske-schwiede.de\/wp-content\/gallery\/parkstr-71-2\/thumbs\/thumbs_treppenraum1.jpg\"\n               data-image-id=\"294\"\n               data-title=\"treppenraum1\"\n               data-description=\"restaurierter Aufgang\"\n               data-image-slug=\"treppenraum1-2\"\n               class=\"ngg-fancybox\" rel=\"d4768b5bc8570dc6612bb954bb7fedd2\">\n                <img\n                    title=\"treppenraum1\"\n                    alt=\"treppenraum1\"\n                    src=\"http:\/\/www.teske-schwiede.de\/wp-content\/gallery\/parkstr-71-2\/thumbs\/thumbs_treppenraum1.jpg\"\n                    width=\"120\"\n                    height=\"90\"\n                    style=\"max-width:100%;\"\n                \/>\n            <\/a>\n        <\/div>\n\t\t\t\t\t\t\t<\/div> \n\t\t\t\n        \n\t\t\t\t<div id=\"ngg-image-8\" class=\"ngg-gallery-thumbnail-box\" >\n\t\t\t\t        <div class=\"ngg-gallery-thumbnail\">\n            <a href=\"http:\/\/www.teske-schwiede.de\/wp-content\/gallery\/parkstr-71-2\/treppenraum2.jpg\"\n               title=\"Innenansicht Treppenhaus\"\n               data-src=\"http:\/\/www.teske-schwiede.de\/wp-content\/gallery\/parkstr-71-2\/treppenraum2.jpg\"\n               data-thumbnail=\"http:\/\/www.teske-schwiede.de\/wp-content\/gallery\/parkstr-71-2\/thumbs\/thumbs_treppenraum2.jpg\"\n               data-image-id=\"295\"\n               data-title=\"treppenraum2\"\n               data-description=\"Innenansicht Treppenhaus\"\n               data-image-slug=\"treppenraum2-2\"\n               class=\"ngg-fancybox\" rel=\"d4768b5bc8570dc6612bb954bb7fedd2\">\n                <img\n                    title=\"treppenraum2\"\n                    alt=\"treppenraum2\"\n                    src=\"http:\/\/www.teske-schwiede.de\/wp-content\/gallery\/parkstr-71-2\/thumbs\/thumbs_treppenraum2.jpg\"\n                    width=\"120\"\n                    height=\"90\"\n                    style=\"max-width:100%;\"\n                \/>\n            <\/a>\n        <\/div>\n\t\t\t\t\t\t\t<\/div> \n\t\t\t\n        \n\t\t\n\t\t<!-- Pagination -->\n\t<div class='ngg-clear'><\/div>\t<\/div>\n\n","protected":false},"excerpt":{"rendered":"<p>Parkstr. 71, 14943 Luckenwalde, Ausgef\u00fchrt: 2012 &#8211; 2015 Sanierung und Umbau eines denkmalgesch\u00fctzten Mehrfamilienhauses, barrierearmer Umbau der Wohnungen und Zuwegungen, Einbau einer Aufzugsanlage, energetische Verbesserung der Fassade durch eine Innend\u00e4mmung, Aufwertung der Bestandsfenster durch W\u00e4rmeschutzverglasung, \u00dcberarbeitung der Wohnungseingangst\u00fcren. LP 1-8<\/p>\n","protected":false},"author":1,"featured_media":0,"parent":131,"menu_order":0,"comment_status":"closed","ping_status":"closed","template":"","meta":{"ngg_post_thumbnail":0},"_links":{"self":[{"href":"http:\/\/www.teske-schwiede.de\/index.php?rest_route=\/wp\/v2\/pages\/1494"}],"collection":[{"href":"http:\/\/www.teske-schwiede.de\/index.php?rest_route=\/wp\/v2\/pages"}],"about":[{"href":"http:\/\/www.teske-schwiede.de\/index.php?rest_route=\/wp\/v2\/types\/page"}],"author":[{"embeddable":true,"href":"http:\/\/www.teske-schwiede.de\/index.php?rest_route=\/wp\/v2\/users\/1"}],"replies":[{"embeddable":true,"href":"http:\/\/www.teske-schwiede.de\/index.php?rest_route=%2Fwp%2Fv2%2Fcomments&post=1494"}],"version-history":[{"count":2,"href":"http:\/\/www.teske-schwiede.de\/index.php?rest_route=\/wp\/v2\/pages\/1494\/revisions"}],"predecessor-version":[{"id":2763,"href":"http:\/\/www.teske-schwiede.de\/index.php?rest_route=\/wp\/v2\/pages\/1494\/revisions\/2763"}],"up":[{"embeddable":true,"href":"http:\/\/www.teske-schwiede.de\/index.php?rest_route=\/wp\/v2\/pages\/131"}],"wp:attachment":[{"href":"http:\/\/www.teske-schwiede.de\/index.php?rest_route=%2Fwp%2Fv2%2Fmedia&parent=1494"}],"curies":[{"name":"wp","href":"https:\/\/api.w.org\/{rel}","templated":true}]}}