{"id":1701,"date":"2016-10-24T12:56:49","date_gmt":"2016-10-24T10:56:49","guid":{"rendered":"http:\/\/www.teske-schwiede.de\/?page_id=1701"},"modified":"2025-11-10T14:33:52","modified_gmt":"2025-11-10T12:33:52","slug":"aktuelle-bauvorhaben","status":"publish","type":"page","link":"http:\/\/www.teske-schwiede.de\/?page_id=1701","title":{"rendered":"Aktuelle Bauvorhaben"},"content":{"rendered":"<p><strong>Derzeit bearbeiten wir f\u00fcr unsere Bauherren:<\/strong><\/p>\n<p>&nbsp;<\/p>\n<ul>\n<li>Umbau eines denkmalgesch\u00fctzten Geb\u00e4udes in der Heerstra\u00dfe in Berlin<\/li>\n<li>Umbau von 2 Gewerbeeinheiten in der Voigtstra\u00dfe in Berlin<\/li>\n<li>Neubau Jena Saaltor, Generalplanung, Kostenermittlung, Terminplanung, Vorbereitung und Mitwirkung bei der Vergabe.&nbsp;<\/li>\n<li>Sanierung und Umnutzung eines Hotelbereichs des Hilton Hotels zu einem coworking space in der Anton-Wilhelm-Amo-Stra\u00dfe 30 in Berlin<\/li>\n<li>Umbau von 10 Dachgeschosswohnungen am Kurf\u00fcrstendamm in Berlin&nbsp;<\/li>\n<li>Betreuung von Umbauten und Instandhaltungsarbeiten im Hotel Alexander Plaza \/ Businesscenter in Berlin Mitte<\/li>\n<li>Dachgeschossumbau zu Wohnzwecken in der Skalitzer Stra\u00dfe in Berlin<\/li>\n<li>Sanierung eines MHF in der Hasenheide, Unterst\u00fctzung Ausf\u00fchrungsplanung sowie Umsetzung des Bauvorhabens<\/li>\n<li>Neubau Wohnhaus in der Berliner Stra\u00dfe, Ausschreibungsleistungen R\u00fcckbau und Neubau<\/li>\n<li>Fassadensanierung eines MFH in Berlin Steglitz, F\u00fcrstewalder Damm<\/li>\n<li>Strangsanierungen in einem denkmalgech\u00fctzten Geb\u00e4udes des Architekten Scharoun in Berlin Hohenzollerndamm<\/li>\n<li>Bebauungsstudien f\u00fcr ein Wassergrundst\u00fcck mit mehreren MFH in 15537 Fangschleuse.<\/li>\n<\/ul>\n\n\n<p><\/p>\n","protected":false},"excerpt":{"rendered":"<p>Derzeit bearbeiten wir f\u00fcr unsere Bauherren: &nbsp; Umbau eines denkmalgesch\u00fctzten Geb\u00e4udes in der Heerstra\u00dfe in Berlin Umbau von 2 Gewerbeeinheiten in der Voigtstra\u00dfe in Berlin Neubau Jena Saaltor, Generalplanung, Kostenermittlung, Terminplanung, Vorbereitung und Mitwirkung bei der Vergabe.&nbsp; Sanierung und Umnutzung eines Hotelbereichs des Hilton Hotels zu einem coworking space in der Anton-Wilhelm-Amo-Stra\u00dfe 30 in Berlin [&hellip;]<\/p>\n","protected":false},"author":1,"featured_media":0,"parent":0,"menu_order":0,"comment_status":"closed","ping_status":"closed","template":"","meta":{"ngg_post_thumbnail":0},"_links":{"self":[{"href":"http:\/\/www.teske-schwiede.de\/index.php?rest_route=\/wp\/v2\/pages\/1701"}],"collection":[{"href":"http:\/\/www.teske-schwiede.de\/index.php?rest_route=\/wp\/v2\/pages"}],"about":[{"href":"http:\/\/www.teske-schwiede.de\/index.php?rest_route=\/wp\/v2\/types\/page"}],"author":[{"embeddable":true,"href":"http:\/\/www.teske-schwiede.de\/index.php?rest_route=\/wp\/v2\/users\/1"}],"replies":[{"embeddable":true,"href":"http:\/\/www.teske-schwiede.de\/index.php?rest_route=%2Fwp%2Fv2%2Fcomments&post=1701"}],"version-history":[{"count":27,"href":"http:\/\/www.teske-schwiede.de\/index.php?rest_route=\/wp\/v2\/pages\/1701\/revisions"}],"predecessor-version":[{"id":3284,"href":"http:\/\/www.teske-schwiede.de\/index.php?rest_route=\/wp\/v2\/pages\/1701\/revisions\/3284"}],"wp:attachment":[{"href":"http:\/\/www.teske-schwiede.de\/index.php?rest_route=%2Fwp%2Fv2%2Fmedia&parent=1701"}],"curies":[{"name":"wp","href":"https:\/\/api.w.org\/{rel}","templated":true}]}}