{"id":1836,"date":"2016-11-02T15:29:15","date_gmt":"2016-11-02T13:29:15","guid":{"rendered":"http:\/\/www.teske-schwiede.de\/?page_id=1836"},"modified":"2016-11-09T11:06:56","modified_gmt":"2016-11-09T09:06:56","slug":"martin-konstruktionsbueros","status":"publish","type":"page","link":"http:\/\/www.teske-schwiede.de\/?page_id=1836","title":{"rendered":"Martin Konstruktionsb\u00fcros"},"content":{"rendered":"<p><strong>Martin Metallverarbeitung in 96234 Ebersdorf Oberfranken<\/strong>, Ausgef\u00fchrt: 2009<br \/>\nUmbau Konstruktionsbereich mit Sozial- und Besprechungsr\u00e4umen.<br \/>\nLP 2,3,8, in Teilleistung, LP 6,7, F\u00fcr L\u00fcnz und L\u00fcnz Architekten Ingenieure<\/p>\n<!-- index.php -->\n<div\n\tclass=\"ngg-galleryoverview ngg-ajax-pagination-none\"\n\tid=\"ngg-gallery-0b107fea1fc9bbf8aa49b5acf7ef7f85-1\">\n\n    \t<div class=\"slideshowlink\">\n        <a href='http:\/\/www.teske-schwiede.de\/index.php\/nggallery\/slideshow?page_id=1836'>[Zeige eine Slideshow]<\/a>\n\t\t\n\t<\/div>\n\t\t\t<!-- Thumbnails -->\n\t\t\t\t<div id=\"ngg-image-0\" class=\"ngg-gallery-thumbnail-box\" >\n\t\t\t\t        <div class=\"ngg-gallery-thumbnail\">\n            <a href=\"http:\/\/www.teske-schwiede.de\/wp-content\/gallery\/martin-konstruktionsbueros\/M_KGS_Konstruktions%C3%BCro_1.jpg\"\n               title=\"Zugang Konstruktionb\u00fcros\"\n               data-src=\"http:\/\/www.teske-schwiede.de\/wp-content\/gallery\/martin-konstruktionsbueros\/M_KGS_Konstruktions%C3%BCro_1.jpg\"\n               data-thumbnail=\"http:\/\/www.teske-schwiede.de\/wp-content\/gallery\/martin-konstruktionsbueros\/thumbs\/thumbs_M_KGS_Konstruktions%C3%BCro_1.jpg\"\n               data-image-id=\"346\"\n               data-title=\"M_KGS_Konstruktionsb\u00fcro_1\"\n               data-description=\"Zugang Konstruktionb\u00fcros\"\n               data-image-slug=\"m_kgs_konstruktions%c3%bcro_1-1\"\n               class=\"ngg-fancybox\" rel=\"0b107fea1fc9bbf8aa49b5acf7ef7f85\">\n                <img\n                    title=\"M_KGS_Konstruktionsb\u00fcro_1\"\n                    alt=\"M_KGS_Konstruktionsb\u00fcro_1\"\n                    src=\"http:\/\/www.teske-schwiede.de\/wp-content\/gallery\/martin-konstruktionsbueros\/thumbs\/thumbs_M_KGS_Konstruktions%C3%BCro_1.jpg\"\n                    width=\"120\"\n                    height=\"90\"\n                    style=\"max-width:100%;\"\n                \/>\n            <\/a>\n        <\/div>\n\t\t\t\t\t\t\t<\/div> \n\t\t\t\n        \n\t\t\t\t<div id=\"ngg-image-1\" class=\"ngg-gallery-thumbnail-box\" >\n\t\t\t\t        <div class=\"ngg-gallery-thumbnail\">\n            <a href=\"http:\/\/www.teske-schwiede.de\/wp-content\/gallery\/martin-konstruktionsbueros\/M_KGS_Konstruktions%C3%BCro_2.jpg\"\n               title=\"Konstruktionsb\u00fcros\"\n               data-src=\"http:\/\/www.teske-schwiede.de\/wp-content\/gallery\/martin-konstruktionsbueros\/M_KGS_Konstruktions%C3%BCro_2.jpg\"\n               data-thumbnail=\"http:\/\/www.teske-schwiede.de\/wp-content\/gallery\/martin-konstruktionsbueros\/thumbs\/thumbs_M_KGS_Konstruktions%C3%BCro_2.jpg\"\n               data-image-id=\"347\"\n               data-title=\"M_KGS_Konstruktionsb\u00fcro_2\"\n               data-description=\"Konstruktionsb\u00fcros\"\n               data-image-slug=\"m_kgs_konstruktions%c3%bcro_2-1\"\n               class=\"ngg-fancybox\" rel=\"0b107fea1fc9bbf8aa49b5acf7ef7f85\">\n                <img\n                    title=\"M_KGS_Konstruktionsb\u00fcro_2\"\n                    alt=\"M_KGS_Konstruktionsb\u00fcro_2\"\n                    src=\"http:\/\/www.teske-schwiede.de\/wp-content\/gallery\/martin-konstruktionsbueros\/thumbs\/thumbs_M_KGS_Konstruktions%C3%BCro_2.jpg\"\n                    width=\"120\"\n                    height=\"90\"\n                    style=\"max-width:100%;\"\n                \/>\n            <\/a>\n        <\/div>\n\t\t\t\t\t\t\t<\/div> \n\t\t\t\n        \n\t\t\t\t<div id=\"ngg-image-2\" class=\"ngg-gallery-thumbnail-box\" >\n\t\t\t\t        <div class=\"ngg-gallery-thumbnail\">\n            <a href=\"http:\/\/www.teske-schwiede.de\/wp-content\/gallery\/martin-konstruktionsbueros\/M_KGS_Konstruktions%C3%BCro_3.jpg\"\n               title=\"Konstruktionsb\u00fcros\"\n               data-src=\"http:\/\/www.teske-schwiede.de\/wp-content\/gallery\/martin-konstruktionsbueros\/M_KGS_Konstruktions%C3%BCro_3.jpg\"\n               data-thumbnail=\"http:\/\/www.teske-schwiede.de\/wp-content\/gallery\/martin-konstruktionsbueros\/thumbs\/thumbs_M_KGS_Konstruktions%C3%BCro_3.jpg\"\n               data-image-id=\"348\"\n               data-title=\"M_KGS_Konstruktionsb\u00fcro_3\"\n               data-description=\"Konstruktionsb\u00fcros\"\n               data-image-slug=\"m_kgs_konstruktions%c3%bcro_3-1\"\n               class=\"ngg-fancybox\" rel=\"0b107fea1fc9bbf8aa49b5acf7ef7f85\">\n                <img\n                    title=\"M_KGS_Konstruktionsb\u00fcro_3\"\n                    alt=\"M_KGS_Konstruktionsb\u00fcro_3\"\n                    src=\"http:\/\/www.teske-schwiede.de\/wp-content\/gallery\/martin-konstruktionsbueros\/thumbs\/thumbs_M_KGS_Konstruktions%C3%BCro_3.jpg\"\n                    width=\"120\"\n                    height=\"90\"\n                    style=\"max-width:100%;\"\n                \/>\n            <\/a>\n        <\/div>\n\t\t\t\t\t\t\t<\/div> \n\t\t\t\n        \n\t\t\n\t\t<!-- Pagination -->\n\t<div class='ngg-clear'><\/div>\t<\/div>\n\n","protected":false},"excerpt":{"rendered":"<p>Martin Metallverarbeitung in 96234 Ebersdorf Oberfranken, Ausgef\u00fchrt: 2009 Umbau Konstruktionsbereich mit Sozial- und Besprechungsr\u00e4umen. LP 2,3,8, in Teilleistung, LP 6,7, F\u00fcr L\u00fcnz und L\u00fcnz Architekten Ingenieure<\/p>\n","protected":false},"author":1,"featured_media":0,"parent":131,"menu_order":0,"comment_status":"closed","ping_status":"closed","template":"","meta":{"ngg_post_thumbnail":0},"_links":{"self":[{"href":"http:\/\/www.teske-schwiede.de\/index.php?rest_route=\/wp\/v2\/pages\/1836"}],"collection":[{"href":"http:\/\/www.teske-schwiede.de\/index.php?rest_route=\/wp\/v2\/pages"}],"about":[{"href":"http:\/\/www.teske-schwiede.de\/index.php?rest_route=\/wp\/v2\/types\/page"}],"author":[{"embeddable":true,"href":"http:\/\/www.teske-schwiede.de\/index.php?rest_route=\/wp\/v2\/users\/1"}],"replies":[{"embeddable":true,"href":"http:\/\/www.teske-schwiede.de\/index.php?rest_route=%2Fwp%2Fv2%2Fcomments&post=1836"}],"version-history":[{"count":4,"href":"http:\/\/www.teske-schwiede.de\/index.php?rest_route=\/wp\/v2\/pages\/1836\/revisions"}],"predecessor-version":[{"id":2004,"href":"http:\/\/www.teske-schwiede.de\/index.php?rest_route=\/wp\/v2\/pages\/1836\/revisions\/2004"}],"up":[{"embeddable":true,"href":"http:\/\/www.teske-schwiede.de\/index.php?rest_route=\/wp\/v2\/pages\/131"}],"wp:attachment":[{"href":"http:\/\/www.teske-schwiede.de\/index.php?rest_route=%2Fwp%2Fv2%2Fmedia&parent=1836"}],"curies":[{"name":"wp","href":"https:\/\/api.w.org\/{rel}","templated":true}]}}