{"id":1871,"date":"2016-11-02T16:49:12","date_gmt":"2016-11-02T14:49:12","guid":{"rendered":"http:\/\/www.teske-schwiede.de\/?page_id=1871"},"modified":"2017-01-04T13:15:34","modified_gmt":"2017-01-04T11:15:34","slug":"woehner-hochregallager","status":"publish","type":"page","link":"http:\/\/www.teske-schwiede.de\/?page_id=1871","title":{"rendered":"W\u00f6hner Hochregallager"},"content":{"rendered":"<p><strong>W\u00f6hner GmbH&amp;Co KG in 96472\u00a0R\u00f6dental Oberfranken<\/strong>, Ausgef\u00fchrt: 2008-2009<br \/>\nNeubau Hochregallager. LP 3,8 in Teilleistung, LP 6-7<br \/>\nF\u00fcr L\u00fcnz und L\u00fcnz Architekten Ingenieure<\/p>\n<p>F\u00fcr weitere Informationen zu diesem Projekt klicken Sie bitte <a href=\"http:\/\/www.teske-schwiede.de\/?page_id=1746\"><span style=\"text-decoration: underline;\">hier<\/span><\/a><\/p>\n<!-- index.php -->\n<div\n\tclass=\"ngg-galleryoverview ngg-ajax-pagination-none\"\n\tid=\"ngg-gallery-393c48ac7e283aae54864f4976c23c62-1\">\n\n    \t<div class=\"slideshowlink\">\n        <a href='http:\/\/www.teske-schwiede.de\/index.php\/nggallery\/slideshow?page_id=1871'>[Zeige eine Slideshow]<\/a>\n\t\t\n\t<\/div>\n\t\t\t<!-- Thumbnails -->\n\t\t\t\t<div id=\"ngg-image-0\" class=\"ngg-gallery-thumbnail-box\" >\n\t\t\t\t        <div class=\"ngg-gallery-thumbnail\">\n            <a href=\"http:\/\/www.teske-schwiede.de\/wp-content\/gallery\/woehner-hochregallager\/W%C3%B6hner-HRL-W%C3%B6hner-R%C3%B6dental_01.jpg\"\n               title=\"Fassade Hochregallager\"\n               data-src=\"http:\/\/www.teske-schwiede.de\/wp-content\/gallery\/woehner-hochregallager\/W%C3%B6hner-HRL-W%C3%B6hner-R%C3%B6dental_01.jpg\"\n               data-thumbnail=\"http:\/\/www.teske-schwiede.de\/wp-content\/gallery\/woehner-hochregallager\/thumbs\/thumbs_W%C3%B6hner-HRL-W%C3%B6hner-R%C3%B6dental_01.jpg\"\n               data-image-id=\"356\"\n               data-title=\"W\u00f6hner-HRL-W\u00f6hner R\u00f6dental_01\"\n               data-description=\"Fassade Hochregallager\"\n               data-image-slug=\"w%c3%b6hner-hrl-w%c3%b6hner-r%c3%b6dental_01-1\"\n               class=\"ngg-fancybox\" rel=\"393c48ac7e283aae54864f4976c23c62\">\n                <img\n                    title=\"W\u00f6hner-HRL-W\u00f6hner R\u00f6dental_01\"\n                    alt=\"W\u00f6hner-HRL-W\u00f6hner R\u00f6dental_01\"\n                    src=\"http:\/\/www.teske-schwiede.de\/wp-content\/gallery\/woehner-hochregallager\/thumbs\/thumbs_W%C3%B6hner-HRL-W%C3%B6hner-R%C3%B6dental_01.jpg\"\n                    width=\"120\"\n                    height=\"90\"\n                    style=\"max-width:100%;\"\n                \/>\n            <\/a>\n        <\/div>\n\t\t\t\t\t\t\t<\/div> \n\t\t\t\n        \n\t\t\t\t<div id=\"ngg-image-1\" class=\"ngg-gallery-thumbnail-box\" >\n\t\t\t\t        <div class=\"ngg-gallery-thumbnail\">\n            <a href=\"http:\/\/www.teske-schwiede.de\/wp-content\/gallery\/woehner-hochregallager\/W%C3%B6hner-HRL-W%C3%B6hner-R%C3%B6dental_02.jpg\"\n               title=\"Innenansicht Hochregallager\"\n               data-src=\"http:\/\/www.teske-schwiede.de\/wp-content\/gallery\/woehner-hochregallager\/W%C3%B6hner-HRL-W%C3%B6hner-R%C3%B6dental_02.jpg\"\n               data-thumbnail=\"http:\/\/www.teske-schwiede.de\/wp-content\/gallery\/woehner-hochregallager\/thumbs\/thumbs_W%C3%B6hner-HRL-W%C3%B6hner-R%C3%B6dental_02.jpg\"\n               data-image-id=\"357\"\n               data-title=\"W\u00f6hner-HRL-W\u00f6hner R\u00f6dental_02\"\n               data-description=\"Innenansicht Hochregallager\"\n               data-image-slug=\"w%c3%b6hner-hrl-w%c3%b6hner-r%c3%b6dental_02-1\"\n               class=\"ngg-fancybox\" rel=\"393c48ac7e283aae54864f4976c23c62\">\n                <img\n                    title=\"W\u00f6hner-HRL-W\u00f6hner R\u00f6dental_02\"\n                    alt=\"W\u00f6hner-HRL-W\u00f6hner R\u00f6dental_02\"\n                    src=\"http:\/\/www.teske-schwiede.de\/wp-content\/gallery\/woehner-hochregallager\/thumbs\/thumbs_W%C3%B6hner-HRL-W%C3%B6hner-R%C3%B6dental_02.jpg\"\n                    width=\"120\"\n                    height=\"90\"\n                    style=\"max-width:100%;\"\n                \/>\n            <\/a>\n        <\/div>\n\t\t\t\t\t\t\t<\/div> \n\t\t\t\n        \n\t\t\t\t<div id=\"ngg-image-2\" class=\"ngg-gallery-thumbnail-box\" >\n\t\t\t\t        <div class=\"ngg-gallery-thumbnail\">\n            <a href=\"http:\/\/www.teske-schwiede.de\/wp-content\/gallery\/woehner-hochregallager\/P1030716.jpg\"\n               title=\"Anlieferung mit Hochregallager\"\n               data-src=\"http:\/\/www.teske-schwiede.de\/wp-content\/gallery\/woehner-hochregallager\/P1030716.jpg\"\n               data-thumbnail=\"http:\/\/www.teske-schwiede.de\/wp-content\/gallery\/woehner-hochregallager\/thumbs\/thumbs_P1030716.jpg\"\n               data-image-id=\"528\"\n               data-title=\"Anlieferung mit Hochregallager\"\n               data-description=\"Anlieferung mit Hochregallager\"\n               data-image-slug=\"p1030716\"\n               class=\"ngg-fancybox\" rel=\"393c48ac7e283aae54864f4976c23c62\">\n                <img\n                    title=\"Anlieferung mit Hochregallager\"\n                    alt=\"Anlieferung mit Hochregallager\"\n                    src=\"http:\/\/www.teske-schwiede.de\/wp-content\/gallery\/woehner-hochregallager\/thumbs\/thumbs_P1030716.jpg\"\n                    width=\"120\"\n                    height=\"90\"\n                    style=\"max-width:100%;\"\n                \/>\n            <\/a>\n        <\/div>\n\t\t\t\t\t\t\t<\/div> \n\t\t\t\n        \n\t\t\t\t<div id=\"ngg-image-3\" class=\"ngg-gallery-thumbnail-box\" >\n\t\t\t\t        <div class=\"ngg-gallery-thumbnail\">\n            <a href=\"http:\/\/www.teske-schwiede.de\/wp-content\/gallery\/woehner-hochregallager\/P1030722.jpg\"\n               title=\"Seitenansicht\"\n               data-src=\"http:\/\/www.teske-schwiede.de\/wp-content\/gallery\/woehner-hochregallager\/P1030722.jpg\"\n               data-thumbnail=\"http:\/\/www.teske-schwiede.de\/wp-content\/gallery\/woehner-hochregallager\/thumbs\/thumbs_P1030722.jpg\"\n               data-image-id=\"529\"\n               data-title=\"Seitenansicht\"\n               data-description=\"Seitenansicht\"\n               data-image-slug=\"p1030722\"\n               class=\"ngg-fancybox\" rel=\"393c48ac7e283aae54864f4976c23c62\">\n                <img\n                    title=\"Seitenansicht\"\n                    alt=\"Seitenansicht\"\n                    src=\"http:\/\/www.teske-schwiede.de\/wp-content\/gallery\/woehner-hochregallager\/thumbs\/thumbs_P1030722.jpg\"\n                    width=\"120\"\n                    height=\"90\"\n                    style=\"max-width:100%;\"\n                \/>\n            <\/a>\n        <\/div>\n\t\t\t\t\t\t\t<\/div> \n\t\t\t\n        \n\t\t\t\t<div id=\"ngg-image-4\" class=\"ngg-gallery-thumbnail-box\" >\n\t\t\t\t        <div class=\"ngg-gallery-thumbnail\">\n            <a href=\"http:\/\/www.teske-schwiede.de\/wp-content\/gallery\/woehner-hochregallager\/Unbenannt-1.jpg\"\n               title=\"Anlieferung und Hochregallager\"\n               data-src=\"http:\/\/www.teske-schwiede.de\/wp-content\/gallery\/woehner-hochregallager\/Unbenannt-1.jpg\"\n               data-thumbnail=\"http:\/\/www.teske-schwiede.de\/wp-content\/gallery\/woehner-hochregallager\/thumbs\/thumbs_Unbenannt-1.jpg\"\n               data-image-id=\"530\"\n               data-title=\"Anlieferung und Hochregallager\"\n               data-description=\"Anlieferung und Hochregallager\"\n               data-image-slug=\"unbenannt-1\"\n               class=\"ngg-fancybox\" rel=\"393c48ac7e283aae54864f4976c23c62\">\n                <img\n                    title=\"Anlieferung und Hochregallager\"\n                    alt=\"Anlieferung und Hochregallager\"\n                    src=\"http:\/\/www.teske-schwiede.de\/wp-content\/gallery\/woehner-hochregallager\/thumbs\/thumbs_Unbenannt-1.jpg\"\n                    width=\"120\"\n                    height=\"90\"\n                    style=\"max-width:100%;\"\n                \/>\n            <\/a>\n        <\/div>\n\t\t\t\t\t\t\t<\/div> \n\t\t\t\n        \n\t\t\n\t\t<!-- Pagination -->\n\t<div class='ngg-clear'><\/div>\t<\/div>\n\n","protected":false},"excerpt":{"rendered":"<p>W\u00f6hner GmbH&amp;Co KG in 96472\u00a0R\u00f6dental Oberfranken, Ausgef\u00fchrt: 2008-2009 Neubau Hochregallager. LP 3,8 in Teilleistung, LP 6-7 F\u00fcr L\u00fcnz und L\u00fcnz Architekten Ingenieure F\u00fcr weitere Informationen zu diesem Projekt klicken Sie bitte hier<\/p>\n","protected":false},"author":1,"featured_media":0,"parent":51,"menu_order":0,"comment_status":"closed","ping_status":"closed","template":"","meta":{"ngg_post_thumbnail":0},"_links":{"self":[{"href":"http:\/\/www.teske-schwiede.de\/index.php?rest_route=\/wp\/v2\/pages\/1871"}],"collection":[{"href":"http:\/\/www.teske-schwiede.de\/index.php?rest_route=\/wp\/v2\/pages"}],"about":[{"href":"http:\/\/www.teske-schwiede.de\/index.php?rest_route=\/wp\/v2\/types\/page"}],"author":[{"embeddable":true,"href":"http:\/\/www.teske-schwiede.de\/index.php?rest_route=\/wp\/v2\/users\/1"}],"replies":[{"embeddable":true,"href":"http:\/\/www.teske-schwiede.de\/index.php?rest_route=%2Fwp%2Fv2%2Fcomments&post=1871"}],"version-history":[{"count":4,"href":"http:\/\/www.teske-schwiede.de\/index.php?rest_route=\/wp\/v2\/pages\/1871\/revisions"}],"predecessor-version":[{"id":2273,"href":"http:\/\/www.teske-schwiede.de\/index.php?rest_route=\/wp\/v2\/pages\/1871\/revisions\/2273"}],"up":[{"embeddable":true,"href":"http:\/\/www.teske-schwiede.de\/index.php?rest_route=\/wp\/v2\/pages\/51"}],"wp:attachment":[{"href":"http:\/\/www.teske-schwiede.de\/index.php?rest_route=%2Fwp%2Fv2%2Fmedia&parent=1871"}],"curies":[{"name":"wp","href":"https:\/\/api.w.org\/{rel}","templated":true}]}}