{"id":1958,"date":"2016-11-08T11:02:36","date_gmt":"2016-11-08T09:02:36","guid":{"rendered":"http:\/\/www.teske-schwiede.de\/?page_id=1958"},"modified":"2016-11-08T11:07:37","modified_gmt":"2016-11-08T09:07:37","slug":"haus-kase","status":"publish","type":"page","link":"http:\/\/www.teske-schwiede.de\/?page_id=1958","title":{"rendered":"Haus Kase"},"content":{"rendered":"<p><strong>Haus Kase in 96450 Coburg\/ Oberfranken<\/strong>, Ausgef\u00fchrt: 2013<br \/>\nUmbau und Modernisierung eines Wohnhauses<br \/>\nLP 2,3,8 in Teilleistung LP 6,7.<br \/>\nF\u00fcr L\u00fcnz und L\u00fcnz Architekten Ingenieure<\/p>\n<!-- index.php -->\n<div\n\tclass=\"ngg-galleryoverview ngg-ajax-pagination-none\"\n\tid=\"ngg-gallery-1a5f5542deae6933fcf3b669c524371f-1\">\n\n    \t<div class=\"slideshowlink\">\n        <a href='http:\/\/www.teske-schwiede.de\/index.php\/nggallery\/slideshow?page_id=1958'>[Zeige eine Slideshow]<\/a>\n\t\t\n\t<\/div>\n\t\t\t<!-- Thumbnails -->\n\t\t\t\t<div id=\"ngg-image-0\" class=\"ngg-gallery-thumbnail-box\" >\n\t\t\t\t        <div class=\"ngg-gallery-thumbnail\">\n            <a href=\"http:\/\/www.teske-schwiede.de\/wp-content\/gallery\/haus-kase\/Haus_Kase_aussen1.jpg\"\n               title=\"Haus Kase Stra\u00dfenansicht\"\n               data-src=\"http:\/\/www.teske-schwiede.de\/wp-content\/gallery\/haus-kase\/Haus_Kase_aussen1.jpg\"\n               data-thumbnail=\"http:\/\/www.teske-schwiede.de\/wp-content\/gallery\/haus-kase\/thumbs\/thumbs_Haus_Kase_aussen1.jpg\"\n               data-image-id=\"383\"\n               data-title=\"Haus_Kase_aussen1\"\n               data-description=\"Haus Kase Stra\u00dfenansicht\"\n               data-image-slug=\"haus_kase_aussen1\"\n               class=\"ngg-fancybox\" rel=\"1a5f5542deae6933fcf3b669c524371f\">\n                <img\n                    title=\"Haus_Kase_aussen1\"\n                    alt=\"Haus_Kase_aussen1\"\n                    src=\"http:\/\/www.teske-schwiede.de\/wp-content\/gallery\/haus-kase\/thumbs\/thumbs_Haus_Kase_aussen1.jpg\"\n                    width=\"120\"\n                    height=\"90\"\n                    style=\"max-width:100%;\"\n                \/>\n            <\/a>\n        <\/div>\n\t\t\t\t\t\t\t<\/div> \n\t\t\t\n        \n\t\t\t\t<div id=\"ngg-image-1\" class=\"ngg-gallery-thumbnail-box\" >\n\t\t\t\t        <div class=\"ngg-gallery-thumbnail\">\n            <a href=\"http:\/\/www.teske-schwiede.de\/wp-content\/gallery\/haus-kase\/Haus_Kase_aussen2.jpg\"\n               title=\"Ansicht Fassade\"\n               data-src=\"http:\/\/www.teske-schwiede.de\/wp-content\/gallery\/haus-kase\/Haus_Kase_aussen2.jpg\"\n               data-thumbnail=\"http:\/\/www.teske-schwiede.de\/wp-content\/gallery\/haus-kase\/thumbs\/thumbs_Haus_Kase_aussen2.jpg\"\n               data-image-id=\"384\"\n               data-title=\"Haus_Kase_aussen2\"\n               data-description=\"Ansicht Fassade\"\n               data-image-slug=\"haus_kase_aussen2\"\n               class=\"ngg-fancybox\" rel=\"1a5f5542deae6933fcf3b669c524371f\">\n                <img\n                    title=\"Haus_Kase_aussen2\"\n                    alt=\"Haus_Kase_aussen2\"\n                    src=\"http:\/\/www.teske-schwiede.de\/wp-content\/gallery\/haus-kase\/thumbs\/thumbs_Haus_Kase_aussen2.jpg\"\n                    width=\"120\"\n                    height=\"90\"\n                    style=\"max-width:100%;\"\n                \/>\n            <\/a>\n        <\/div>\n\t\t\t\t\t\t\t<\/div> \n\t\t\t\n        \n\t\t\t\t<div id=\"ngg-image-2\" class=\"ngg-gallery-thumbnail-box\" >\n\t\t\t\t        <div class=\"ngg-gallery-thumbnail\">\n            <a href=\"http:\/\/www.teske-schwiede.de\/wp-content\/gallery\/haus-kase\/Haus_Kase_aussen3.jpg\"\n               title=\"Haus Kase Stra\u00dfenansicht\"\n               data-src=\"http:\/\/www.teske-schwiede.de\/wp-content\/gallery\/haus-kase\/Haus_Kase_aussen3.jpg\"\n               data-thumbnail=\"http:\/\/www.teske-schwiede.de\/wp-content\/gallery\/haus-kase\/thumbs\/thumbs_Haus_Kase_aussen3.jpg\"\n               data-image-id=\"385\"\n               data-title=\"Haus_Kase_aussen3\"\n               data-description=\"Haus Kase Stra\u00dfenansicht\"\n               data-image-slug=\"haus_kase_aussen3\"\n               class=\"ngg-fancybox\" rel=\"1a5f5542deae6933fcf3b669c524371f\">\n                <img\n                    title=\"Haus_Kase_aussen3\"\n                    alt=\"Haus_Kase_aussen3\"\n                    src=\"http:\/\/www.teske-schwiede.de\/wp-content\/gallery\/haus-kase\/thumbs\/thumbs_Haus_Kase_aussen3.jpg\"\n                    width=\"120\"\n                    height=\"90\"\n                    style=\"max-width:100%;\"\n                \/>\n            <\/a>\n        <\/div>\n\t\t\t\t\t\t\t<\/div> \n\t\t\t\n        \n\t\t\n\t\t<!-- Pagination -->\n\t<div class='ngg-clear'><\/div>\t<\/div>\n\n","protected":false},"excerpt":{"rendered":"<p>Haus Kase in 96450 Coburg\/ Oberfranken, Ausgef\u00fchrt: 2013 Umbau und Modernisierung eines Wohnhauses LP 2,3,8 in Teilleistung LP 6,7. F\u00fcr L\u00fcnz und L\u00fcnz Architekten Ingenieure<\/p>\n","protected":false},"author":1,"featured_media":0,"parent":44,"menu_order":0,"comment_status":"closed","ping_status":"closed","template":"","meta":{"ngg_post_thumbnail":0},"_links":{"self":[{"href":"http:\/\/www.teske-schwiede.de\/index.php?rest_route=\/wp\/v2\/pages\/1958"}],"collection":[{"href":"http:\/\/www.teske-schwiede.de\/index.php?rest_route=\/wp\/v2\/pages"}],"about":[{"href":"http:\/\/www.teske-schwiede.de\/index.php?rest_route=\/wp\/v2\/types\/page"}],"author":[{"embeddable":true,"href":"http:\/\/www.teske-schwiede.de\/index.php?rest_route=\/wp\/v2\/users\/1"}],"replies":[{"embeddable":true,"href":"http:\/\/www.teske-schwiede.de\/index.php?rest_route=%2Fwp%2Fv2%2Fcomments&post=1958"}],"version-history":[{"count":2,"href":"http:\/\/www.teske-schwiede.de\/index.php?rest_route=\/wp\/v2\/pages\/1958\/revisions"}],"predecessor-version":[{"id":1962,"href":"http:\/\/www.teske-schwiede.de\/index.php?rest_route=\/wp\/v2\/pages\/1958\/revisions\/1962"}],"up":[{"embeddable":true,"href":"http:\/\/www.teske-schwiede.de\/index.php?rest_route=\/wp\/v2\/pages\/44"}],"wp:attachment":[{"href":"http:\/\/www.teske-schwiede.de\/index.php?rest_route=%2Fwp%2Fv2%2Fmedia&parent=1958"}],"curies":[{"name":"wp","href":"https:\/\/api.w.org\/{rel}","templated":true}]}}