{"id":2001,"date":"2016-11-09T10:56:27","date_gmt":"2016-11-09T08:56:27","guid":{"rendered":"http:\/\/www.teske-schwiede.de\/?page_id=2001"},"modified":"2017-01-04T13:09:32","modified_gmt":"2017-01-04T11:09:32","slug":"martin-produktionshalle-werk-2-2","status":"publish","type":"page","link":"http:\/\/www.teske-schwiede.de\/?page_id=2001","title":{"rendered":"Martin Produktionshalle Werk 2"},"content":{"rendered":"<p><strong>Martin Metallverarbeitung GmbH in 96234 Ebersdorf\/ Oberfranken<\/strong>, Ausgef\u00fchrt: 2012<br \/>\nErweiterung Produktionshalle im Werk 2 Blumenrod. LP 2,3,8 in Teilleistung, LP 6,7.<br \/>\nF\u00fcr L\u00fcnz und L\u00fcnz Architekten Ingenieure<\/p>\n<p>F\u00fcr weitere Informationen zu diesem Projekt klicken Sie bitte <a href=\"http:\/\/www.teske-schwiede.de\/?page_id=1969\"><span style=\"text-decoration: underline;\">hier<\/span><\/a><\/p>\n<!-- index.php -->\n<div\n\tclass=\"ngg-galleryoverview ngg-ajax-pagination-none\"\n\tid=\"ngg-gallery-6520469df1bbd534c0c611c5173edb02-1\">\n\n    \t<div class=\"slideshowlink\">\n        <a href='http:\/\/www.teske-schwiede.de\/index.php\/nggallery\/slideshow?page_id=2001'>[Zeige eine Slideshow]<\/a>\n\t\t\n\t<\/div>\n\t\t\t<!-- Thumbnails -->\n\t\t\t\t<div id=\"ngg-image-0\" class=\"ngg-gallery-thumbnail-box\" >\n\t\t\t\t        <div class=\"ngg-gallery-thumbnail\">\n            <a href=\"http:\/\/www.teske-schwiede.de\/wp-content\/gallery\/martin-produktionshalle-werk-2\/Foto-von-BH_Werkserweiterung_Fassade1.jpg\"\n               title=\"Fassade Werk 2\"\n               data-src=\"http:\/\/www.teske-schwiede.de\/wp-content\/gallery\/martin-produktionshalle-werk-2\/Foto-von-BH_Werkserweiterung_Fassade1.jpg\"\n               data-thumbnail=\"http:\/\/www.teske-schwiede.de\/wp-content\/gallery\/martin-produktionshalle-werk-2\/thumbs\/thumbs_Foto-von-BH_Werkserweiterung_Fassade1.jpg\"\n               data-image-id=\"351\"\n               data-title=\"Foto von BH_Werkserweiterung_Fassade1\"\n               data-description=\"Fassade Werk 2\"\n               data-image-slug=\"foto-von-bh_werkserweiterung_fassade1\"\n               class=\"ngg-fancybox\" rel=\"6520469df1bbd534c0c611c5173edb02\">\n                <img\n                    title=\"Foto von BH_Werkserweiterung_Fassade1\"\n                    alt=\"Foto von BH_Werkserweiterung_Fassade1\"\n                    src=\"http:\/\/www.teske-schwiede.de\/wp-content\/gallery\/martin-produktionshalle-werk-2\/thumbs\/thumbs_Foto-von-BH_Werkserweiterung_Fassade1.jpg\"\n                    width=\"120\"\n                    height=\"90\"\n                    style=\"max-width:100%;\"\n                \/>\n            <\/a>\n        <\/div>\n\t\t\t\t\t\t\t<\/div> \n\t\t\t\n        \n\t\t\t\t<div id=\"ngg-image-1\" class=\"ngg-gallery-thumbnail-box\" >\n\t\t\t\t        <div class=\"ngg-gallery-thumbnail\">\n            <a href=\"http:\/\/www.teske-schwiede.de\/wp-content\/gallery\/martin-produktionshalle-werk-2\/Produktionshalle_innen.jpg\"\n               title=\"Innenraum Werk 2\"\n               data-src=\"http:\/\/www.teske-schwiede.de\/wp-content\/gallery\/martin-produktionshalle-werk-2\/Produktionshalle_innen.jpg\"\n               data-thumbnail=\"http:\/\/www.teske-schwiede.de\/wp-content\/gallery\/martin-produktionshalle-werk-2\/thumbs\/thumbs_Produktionshalle_innen.jpg\"\n               data-image-id=\"352\"\n               data-title=\"Produktionshalle_innen\"\n               data-description=\"Innenraum Werk 2\"\n               data-image-slug=\"produktionshalle_innen\"\n               class=\"ngg-fancybox\" rel=\"6520469df1bbd534c0c611c5173edb02\">\n                <img\n                    title=\"Produktionshalle_innen\"\n                    alt=\"Produktionshalle_innen\"\n                    src=\"http:\/\/www.teske-schwiede.de\/wp-content\/gallery\/martin-produktionshalle-werk-2\/thumbs\/thumbs_Produktionshalle_innen.jpg\"\n                    width=\"120\"\n                    height=\"90\"\n                    style=\"max-width:100%;\"\n                \/>\n            <\/a>\n        <\/div>\n\t\t\t\t\t\t\t<\/div> \n\t\t\t\n        \n\t\t\t\t<div id=\"ngg-image-2\" class=\"ngg-gallery-thumbnail-box\" >\n\t\t\t\t        <div class=\"ngg-gallery-thumbnail\">\n            <a href=\"http:\/\/www.teske-schwiede.de\/wp-content\/gallery\/martin-produktionshalle-werk-2\/Produktionshalle_innen_2.jpg\"\n               title=\"Innenraum Werk 2\"\n               data-src=\"http:\/\/www.teske-schwiede.de\/wp-content\/gallery\/martin-produktionshalle-werk-2\/Produktionshalle_innen_2.jpg\"\n               data-thumbnail=\"http:\/\/www.teske-schwiede.de\/wp-content\/gallery\/martin-produktionshalle-werk-2\/thumbs\/thumbs_Produktionshalle_innen_2.jpg\"\n               data-image-id=\"353\"\n               data-title=\"Produktionshalle_innen_2\"\n               data-description=\"Innenraum Werk 2\"\n               data-image-slug=\"produktionshalle_innen_2\"\n               class=\"ngg-fancybox\" rel=\"6520469df1bbd534c0c611c5173edb02\">\n                <img\n                    title=\"Produktionshalle_innen_2\"\n                    alt=\"Produktionshalle_innen_2\"\n                    src=\"http:\/\/www.teske-schwiede.de\/wp-content\/gallery\/martin-produktionshalle-werk-2\/thumbs\/thumbs_Produktionshalle_innen_2.jpg\"\n                    width=\"120\"\n                    height=\"90\"\n                    style=\"max-width:100%;\"\n                \/>\n            <\/a>\n        <\/div>\n\t\t\t\t\t\t\t<\/div> \n\t\t\t\n        \n\t\t\t\t<div id=\"ngg-image-3\" class=\"ngg-gallery-thumbnail-box\" >\n\t\t\t\t        <div class=\"ngg-gallery-thumbnail\">\n            <a href=\"http:\/\/www.teske-schwiede.de\/wp-content\/gallery\/martin-produktionshalle-werk-2\/Produktionshalle_innen_3.jpg\"\n               title=\"Innenraum Werk 2\"\n               data-src=\"http:\/\/www.teske-schwiede.de\/wp-content\/gallery\/martin-produktionshalle-werk-2\/Produktionshalle_innen_3.jpg\"\n               data-thumbnail=\"http:\/\/www.teske-schwiede.de\/wp-content\/gallery\/martin-produktionshalle-werk-2\/thumbs\/thumbs_Produktionshalle_innen_3.jpg\"\n               data-image-id=\"354\"\n               data-title=\"Produktionshalle_innen_3\"\n               data-description=\"Innenraum Werk 2\"\n               data-image-slug=\"produktionshalle_innen_3\"\n               class=\"ngg-fancybox\" rel=\"6520469df1bbd534c0c611c5173edb02\">\n                <img\n                    title=\"Produktionshalle_innen_3\"\n                    alt=\"Produktionshalle_innen_3\"\n                    src=\"http:\/\/www.teske-schwiede.de\/wp-content\/gallery\/martin-produktionshalle-werk-2\/thumbs\/thumbs_Produktionshalle_innen_3.jpg\"\n                    width=\"120\"\n                    height=\"90\"\n                    style=\"max-width:100%;\"\n                \/>\n            <\/a>\n        <\/div>\n\t\t\t\t\t\t\t<\/div> \n\t\t\t\n        \n\t\t\t\t<div id=\"ngg-image-4\" class=\"ngg-gallery-thumbnail-box\" >\n\t\t\t\t        <div class=\"ngg-gallery-thumbnail\">\n            <a href=\"http:\/\/www.teske-schwiede.de\/wp-content\/gallery\/martin-produktionshalle-werk-2\/Produktionshalle_innen_4.jpg\"\n               title=\"Innenraum Werk 2\"\n               data-src=\"http:\/\/www.teske-schwiede.de\/wp-content\/gallery\/martin-produktionshalle-werk-2\/Produktionshalle_innen_4.jpg\"\n               data-thumbnail=\"http:\/\/www.teske-schwiede.de\/wp-content\/gallery\/martin-produktionshalle-werk-2\/thumbs\/thumbs_Produktionshalle_innen_4.jpg\"\n               data-image-id=\"355\"\n               data-title=\"Produktionshalle_innen_4\"\n               data-description=\"Innenraum Werk 2\"\n               data-image-slug=\"produktionshalle_innen_4\"\n               class=\"ngg-fancybox\" rel=\"6520469df1bbd534c0c611c5173edb02\">\n                <img\n                    title=\"Produktionshalle_innen_4\"\n                    alt=\"Produktionshalle_innen_4\"\n                    src=\"http:\/\/www.teske-schwiede.de\/wp-content\/gallery\/martin-produktionshalle-werk-2\/thumbs\/thumbs_Produktionshalle_innen_4.jpg\"\n                    width=\"120\"\n                    height=\"90\"\n                    style=\"max-width:100%;\"\n                \/>\n            <\/a>\n        <\/div>\n\t\t\t\t\t\t\t<\/div> \n\t\t\t\n        \n\t\t\n\t\t<!-- Pagination -->\n\t<div class='ngg-clear'><\/div>\t<\/div>\n\n","protected":false},"excerpt":{"rendered":"<p>Martin Metallverarbeitung GmbH in 96234 Ebersdorf\/ Oberfranken, Ausgef\u00fchrt: 2012 Erweiterung Produktionshalle im Werk 2 Blumenrod. LP 2,3,8 in Teilleistung, LP 6,7. F\u00fcr L\u00fcnz und L\u00fcnz Architekten Ingenieure F\u00fcr weitere Informationen zu diesem Projekt klicken Sie bitte hier<\/p>\n","protected":false},"author":1,"featured_media":0,"parent":51,"menu_order":0,"comment_status":"closed","ping_status":"closed","template":"","meta":{"ngg_post_thumbnail":0},"_links":{"self":[{"href":"http:\/\/www.teske-schwiede.de\/index.php?rest_route=\/wp\/v2\/pages\/2001"}],"collection":[{"href":"http:\/\/www.teske-schwiede.de\/index.php?rest_route=\/wp\/v2\/pages"}],"about":[{"href":"http:\/\/www.teske-schwiede.de\/index.php?rest_route=\/wp\/v2\/types\/page"}],"author":[{"embeddable":true,"href":"http:\/\/www.teske-schwiede.de\/index.php?rest_route=\/wp\/v2\/users\/1"}],"replies":[{"embeddable":true,"href":"http:\/\/www.teske-schwiede.de\/index.php?rest_route=%2Fwp%2Fv2%2Fcomments&post=2001"}],"version-history":[{"count":4,"href":"http:\/\/www.teske-schwiede.de\/index.php?rest_route=\/wp\/v2\/pages\/2001\/revisions"}],"predecessor-version":[{"id":2271,"href":"http:\/\/www.teske-schwiede.de\/index.php?rest_route=\/wp\/v2\/pages\/2001\/revisions\/2271"}],"up":[{"embeddable":true,"href":"http:\/\/www.teske-schwiede.de\/index.php?rest_route=\/wp\/v2\/pages\/51"}],"wp:attachment":[{"href":"http:\/\/www.teske-schwiede.de\/index.php?rest_route=%2Fwp%2Fv2%2Fmedia&parent=2001"}],"curies":[{"name":"wp","href":"https:\/\/api.w.org\/{rel}","templated":true}]}}