{"id":2041,"date":"2016-11-09T14:07:59","date_gmt":"2016-11-09T12:07:59","guid":{"rendered":"http:\/\/www.teske-schwiede.de\/?page_id=2041"},"modified":"2016-11-09T14:12:46","modified_gmt":"2016-11-09T12:12:46","slug":"heaven-eleven","status":"publish","type":"page","link":"http:\/\/www.teske-schwiede.de\/?page_id=2041","title":{"rendered":"Heaven Eleven"},"content":{"rendered":"<p><strong>Heaven Eleven in 96450 Coburg<\/strong>, Ausgef\u00fchrt: 2014-2015<br \/>\nNeubau eines Wohnhauses mit 3 Wohneinheiten.<br \/>\nLP 2,3,8 in Teilleistung, LP 6,7 F\u00fcr L\u00fcnz und L\u00fcnz Architekten Ingenieure<\/p>\n<!-- index.php -->\n<div\n\tclass=\"ngg-galleryoverview ngg-ajax-pagination-none\"\n\tid=\"ngg-gallery-00d3e1303d0a658aa9bdc527a33f4f8b-1\">\n\n    \t<div class=\"slideshowlink\">\n        <a href='http:\/\/www.teske-schwiede.de\/index.php\/nggallery\/slideshow?page_id=2041'>[Zeige eine Slideshow]<\/a>\n\t\t\n\t<\/div>\n\t\t\t<!-- Thumbnails -->\n\t\t\t\t<div id=\"ngg-image-0\" class=\"ngg-gallery-thumbnail-box\" >\n\t\t\t\t        <div class=\"ngg-gallery-thumbnail\">\n            <a href=\"http:\/\/www.teske-schwiede.de\/wp-content\/gallery\/heaven-eleven\/Himmelsacker_1.jpg\"\n               title=\"Ansicht Stra\u00dfenseite\"\n               data-src=\"http:\/\/www.teske-schwiede.de\/wp-content\/gallery\/heaven-eleven\/Himmelsacker_1.jpg\"\n               data-thumbnail=\"http:\/\/www.teske-schwiede.de\/wp-content\/gallery\/heaven-eleven\/thumbs\/thumbs_Himmelsacker_1.jpg\"\n               data-image-id=\"400\"\n               data-title=\"Himmelsacker_1\"\n               data-description=\"Ansicht Stra\u00dfenseite\"\n               data-image-slug=\"himmelsacker_1\"\n               class=\"ngg-fancybox\" rel=\"00d3e1303d0a658aa9bdc527a33f4f8b\">\n                <img\n                    title=\"Himmelsacker_1\"\n                    alt=\"Himmelsacker_1\"\n                    src=\"http:\/\/www.teske-schwiede.de\/wp-content\/gallery\/heaven-eleven\/thumbs\/thumbs_Himmelsacker_1.jpg\"\n                    width=\"120\"\n                    height=\"90\"\n                    style=\"max-width:100%;\"\n                \/>\n            <\/a>\n        <\/div>\n\t\t\t\t\t\t\t<\/div> \n\t\t\t\n        \n\t\t\t\t<div id=\"ngg-image-1\" class=\"ngg-gallery-thumbnail-box\" >\n\t\t\t\t        <div class=\"ngg-gallery-thumbnail\">\n            <a href=\"http:\/\/www.teske-schwiede.de\/wp-content\/gallery\/heaven-eleven\/Himmelsacker_2.jpg\"\n               title=\"Ansicht Stra\u00dfenseite\"\n               data-src=\"http:\/\/www.teske-schwiede.de\/wp-content\/gallery\/heaven-eleven\/Himmelsacker_2.jpg\"\n               data-thumbnail=\"http:\/\/www.teske-schwiede.de\/wp-content\/gallery\/heaven-eleven\/thumbs\/thumbs_Himmelsacker_2.jpg\"\n               data-image-id=\"401\"\n               data-title=\"Himmelsacker_2\"\n               data-description=\"Ansicht Stra\u00dfenseite\"\n               data-image-slug=\"himmelsacker_2\"\n               class=\"ngg-fancybox\" rel=\"00d3e1303d0a658aa9bdc527a33f4f8b\">\n                <img\n                    title=\"Himmelsacker_2\"\n                    alt=\"Himmelsacker_2\"\n                    src=\"http:\/\/www.teske-schwiede.de\/wp-content\/gallery\/heaven-eleven\/thumbs\/thumbs_Himmelsacker_2.jpg\"\n                    width=\"120\"\n                    height=\"90\"\n                    style=\"max-width:100%;\"\n                \/>\n            <\/a>\n        <\/div>\n\t\t\t\t\t\t\t<\/div> \n\t\t\t\n        \n\t\t\t\t<div id=\"ngg-image-2\" class=\"ngg-gallery-thumbnail-box\" >\n\t\t\t\t        <div class=\"ngg-gallery-thumbnail\">\n            <a href=\"http:\/\/www.teske-schwiede.de\/wp-content\/gallery\/heaven-eleven\/Himmelsacker_3.jpg\"\n               title=\"Ansicht Gartenseite\"\n               data-src=\"http:\/\/www.teske-schwiede.de\/wp-content\/gallery\/heaven-eleven\/Himmelsacker_3.jpg\"\n               data-thumbnail=\"http:\/\/www.teske-schwiede.de\/wp-content\/gallery\/heaven-eleven\/thumbs\/thumbs_Himmelsacker_3.jpg\"\n               data-image-id=\"402\"\n               data-title=\"Himmelsacker_3\"\n               data-description=\"Ansicht Gartenseite\"\n               data-image-slug=\"himmelsacker_3\"\n               class=\"ngg-fancybox\" rel=\"00d3e1303d0a658aa9bdc527a33f4f8b\">\n                <img\n                    title=\"Himmelsacker_3\"\n                    alt=\"Himmelsacker_3\"\n                    src=\"http:\/\/www.teske-schwiede.de\/wp-content\/gallery\/heaven-eleven\/thumbs\/thumbs_Himmelsacker_3.jpg\"\n                    width=\"120\"\n                    height=\"90\"\n                    style=\"max-width:100%;\"\n                \/>\n            <\/a>\n        <\/div>\n\t\t\t\t\t\t\t<\/div> \n\t\t\t\n        \n\t\t\n\t\t<!-- Pagination -->\n\t<div class='ngg-clear'><\/div>\t<\/div>\n\n","protected":false},"excerpt":{"rendered":"<p>Heaven Eleven in 96450 Coburg, Ausgef\u00fchrt: 2014-2015 Neubau eines Wohnhauses mit 3 Wohneinheiten. LP 2,3,8 in Teilleistung, LP 6,7 F\u00fcr L\u00fcnz und L\u00fcnz Architekten Ingenieure<\/p>\n","protected":false},"author":1,"featured_media":0,"parent":46,"menu_order":0,"comment_status":"closed","ping_status":"closed","template":"","meta":{"ngg_post_thumbnail":0},"_links":{"self":[{"href":"http:\/\/www.teske-schwiede.de\/index.php?rest_route=\/wp\/v2\/pages\/2041"}],"collection":[{"href":"http:\/\/www.teske-schwiede.de\/index.php?rest_route=\/wp\/v2\/pages"}],"about":[{"href":"http:\/\/www.teske-schwiede.de\/index.php?rest_route=\/wp\/v2\/types\/page"}],"author":[{"embeddable":true,"href":"http:\/\/www.teske-schwiede.de\/index.php?rest_route=\/wp\/v2\/users\/1"}],"replies":[{"embeddable":true,"href":"http:\/\/www.teske-schwiede.de\/index.php?rest_route=%2Fwp%2Fv2%2Fcomments&post=2041"}],"version-history":[{"count":3,"href":"http:\/\/www.teske-schwiede.de\/index.php?rest_route=\/wp\/v2\/pages\/2041\/revisions"}],"predecessor-version":[{"id":2046,"href":"http:\/\/www.teske-schwiede.de\/index.php?rest_route=\/wp\/v2\/pages\/2041\/revisions\/2046"}],"up":[{"embeddable":true,"href":"http:\/\/www.teske-schwiede.de\/index.php?rest_route=\/wp\/v2\/pages\/46"}],"wp:attachment":[{"href":"http:\/\/www.teske-schwiede.de\/index.php?rest_route=%2Fwp%2Fv2%2Fmedia&parent=2041"}],"curies":[{"name":"wp","href":"https:\/\/api.w.org\/{rel}","templated":true}]}}