{"id":2119,"date":"2016-11-22T14:49:42","date_gmt":"2016-11-22T12:49:42","guid":{"rendered":"http:\/\/www.teske-schwiede.de\/?page_id=2119"},"modified":"2018-10-12T10:56:50","modified_gmt":"2018-10-12T08:56:50","slug":"markt-1","status":"publish","type":"page","link":"http:\/\/www.teske-schwiede.de\/?page_id=2119","title":{"rendered":"Markt 1"},"content":{"rendered":"<p><strong>Markt 1, 14943 Luckenwalde<\/strong>, Ausgef\u00fchrt: 2013 &#8211; 2017<br \/>\nUmbau einer Gewerbeinheit zu einer barrierearmen Gesch\u00e4ftstelle<br \/>\ndes Wohnungsbauunternehmens &#8220;DIE LUCKENWALDER&#8221;, LP 1-9<\/p>\n<p><span style=\"margin: 0px; color: #5a5a5a; line-height: 107%; font-family: 'Helvetica',sans-serif; font-size: 10.5pt;\">Die innovative Konzeptidee des Bauherrn f\u00fcr die Innenraumgestaltung wurde in<br \/>\nenger Zusammenarbeit mit allen&nbsp;Projektbeteiligten umgesetzt.<br \/>\nFarb- und M\u00f6belgestaltung, Konzeptberatung durch&nbsp;Frau Dipl.- Ing. Birgit Thormann, Innenarchitektin<br \/>\nLichtplanung durch Firma Kunstlicht, Herrn Helmut Linde<br \/>\nK\u00fcchenplanung durch Frau Nadine Walbrach, NB K\u00fcchen Design<\/span><\/p>\n<p>F\u00fcr weitergehende Informationen klicken Sie bitte <a href=\"http:\/\/www.teske-schwiede.de\/?page_id=2216\"><span style=\"text-decoration: underline;\">hier<\/span><\/a><\/p>\n<!-- index.php -->\n<div\n\tclass=\"ngg-galleryoverview ngg-ajax-pagination-none\"\n\tid=\"ngg-gallery-96205e1cfd1ff2b2b35775fdf203b4d1-1\">\n\n    \t<div class=\"slideshowlink\">\n        <a href='http:\/\/www.teske-schwiede.de\/index.php\/nggallery\/slideshow?page_id=2119'>[Zeige eine Slideshow]<\/a>\n\t\t\n\t<\/div>\n\t\t\t<!-- Thumbnails -->\n\t\t\t\t<div id=\"ngg-image-0\" class=\"ngg-gallery-thumbnail-box\" >\n\t\t\t\t        <div class=\"ngg-gallery-thumbnail\">\n            <a href=\"http:\/\/www.teske-schwiede.de\/wp-content\/gallery\/markt-1\/Flur-mit-Glasbruestung_II.jpg\"\n               title=\"Flur mit Glasbr\u00fcstung\"\n               data-src=\"http:\/\/www.teske-schwiede.de\/wp-content\/gallery\/markt-1\/Flur-mit-Glasbruestung_II.jpg\"\n               data-thumbnail=\"http:\/\/www.teske-schwiede.de\/wp-content\/gallery\/markt-1\/thumbs\/thumbs_Flur-mit-Glasbruestung_II.jpg\"\n               data-image-id=\"424\"\n               data-title=\"Flur mit Glasbruestung_II\"\n               data-description=\"Flur mit Glasbr\u00fcstung\"\n               data-image-slug=\"flur-mit-glasbruestung_ii\"\n               class=\"ngg-fancybox\" rel=\"96205e1cfd1ff2b2b35775fdf203b4d1\">\n                <img\n                    title=\"Flur mit Glasbruestung_II\"\n                    alt=\"Flur mit Glasbruestung_II\"\n                    src=\"http:\/\/www.teske-schwiede.de\/wp-content\/gallery\/markt-1\/thumbs\/thumbs_Flur-mit-Glasbruestung_II.jpg\"\n                    width=\"120\"\n                    height=\"90\"\n                    style=\"max-width:100%;\"\n                \/>\n            <\/a>\n        <\/div>\n\t\t\t\t\t\t\t<\/div> \n\t\t\t\n        \n\t\t\t\t<div id=\"ngg-image-1\" class=\"ngg-gallery-thumbnail-box\" >\n\t\t\t\t        <div class=\"ngg-gallery-thumbnail\">\n            <a href=\"http:\/\/www.teske-schwiede.de\/wp-content\/gallery\/markt-1\/Flur-mit-Schiebewand.jpg\"\n               title=\"Flur mit Schiebewand\"\n               data-src=\"http:\/\/www.teske-schwiede.de\/wp-content\/gallery\/markt-1\/Flur-mit-Schiebewand.jpg\"\n               data-thumbnail=\"http:\/\/www.teske-schwiede.de\/wp-content\/gallery\/markt-1\/thumbs\/thumbs_Flur-mit-Schiebewand.jpg\"\n               data-image-id=\"425\"\n               data-title=\"Flur mit Schiebewand\"\n               data-description=\"Flur mit Schiebewand\"\n               data-image-slug=\"flur-mit-schiebewand\"\n               class=\"ngg-fancybox\" rel=\"96205e1cfd1ff2b2b35775fdf203b4d1\">\n                <img\n                    title=\"Flur mit Schiebewand\"\n                    alt=\"Flur mit Schiebewand\"\n                    src=\"http:\/\/www.teske-schwiede.de\/wp-content\/gallery\/markt-1\/thumbs\/thumbs_Flur-mit-Schiebewand.jpg\"\n                    width=\"120\"\n                    height=\"90\"\n                    style=\"max-width:100%;\"\n                \/>\n            <\/a>\n        <\/div>\n\t\t\t\t\t\t\t<\/div> \n\t\t\t\n        \n\t\t\t\t<div id=\"ngg-image-2\" class=\"ngg-gallery-thumbnail-box\" >\n\t\t\t\t        <div class=\"ngg-gallery-thumbnail\">\n            <a href=\"http:\/\/www.teske-schwiede.de\/wp-content\/gallery\/markt-1\/Flur.jpg\"\n               title=\"Flur\"\n               data-src=\"http:\/\/www.teske-schwiede.de\/wp-content\/gallery\/markt-1\/Flur.jpg\"\n               data-thumbnail=\"http:\/\/www.teske-schwiede.de\/wp-content\/gallery\/markt-1\/thumbs\/thumbs_Flur.jpg\"\n               data-image-id=\"426\"\n               data-title=\"Flur\"\n               data-description=\"Flur\"\n               data-image-slug=\"flur-2\"\n               class=\"ngg-fancybox\" rel=\"96205e1cfd1ff2b2b35775fdf203b4d1\">\n                <img\n                    title=\"Flur\"\n                    alt=\"Flur\"\n                    src=\"http:\/\/www.teske-schwiede.de\/wp-content\/gallery\/markt-1\/thumbs\/thumbs_Flur.jpg\"\n                    width=\"120\"\n                    height=\"90\"\n                    style=\"max-width:100%;\"\n                \/>\n            <\/a>\n        <\/div>\n\t\t\t\t\t\t\t<\/div> \n\t\t\t\n        \n\t\t\t\t<div id=\"ngg-image-3\" class=\"ngg-gallery-thumbnail-box\" >\n\t\t\t\t        <div class=\"ngg-gallery-thumbnail\">\n            <a href=\"http:\/\/www.teske-schwiede.de\/wp-content\/gallery\/markt-1\/Musterbad.jpg\"\n               title=\"barrierearmes Schaubad\"\n               data-src=\"http:\/\/www.teske-schwiede.de\/wp-content\/gallery\/markt-1\/Musterbad.jpg\"\n               data-thumbnail=\"http:\/\/www.teske-schwiede.de\/wp-content\/gallery\/markt-1\/thumbs\/thumbs_Musterbad.jpg\"\n               data-image-id=\"430\"\n               data-title=\"Musterbad\"\n               data-description=\"barrierearmes Schaubad\"\n               data-image-slug=\"musterbad\"\n               class=\"ngg-fancybox\" rel=\"96205e1cfd1ff2b2b35775fdf203b4d1\">\n                <img\n                    title=\"Musterbad\"\n                    alt=\"Musterbad\"\n                    src=\"http:\/\/www.teske-schwiede.de\/wp-content\/gallery\/markt-1\/thumbs\/thumbs_Musterbad.jpg\"\n                    width=\"120\"\n                    height=\"90\"\n                    style=\"max-width:100%;\"\n                \/>\n            <\/a>\n        <\/div>\n\t\t\t\t\t\t\t<\/div> \n\t\t\t\n        \n\t\t\t\t<div id=\"ngg-image-4\" class=\"ngg-gallery-thumbnail-box\" >\n\t\t\t\t        <div class=\"ngg-gallery-thumbnail\">\n            <a href=\"http:\/\/www.teske-schwiede.de\/wp-content\/gallery\/markt-1\/Musterkueche.jpg\"\n               title=\"barrierearme Schaukueche\"\n               data-src=\"http:\/\/www.teske-schwiede.de\/wp-content\/gallery\/markt-1\/Musterkueche.jpg\"\n               data-thumbnail=\"http:\/\/www.teske-schwiede.de\/wp-content\/gallery\/markt-1\/thumbs\/thumbs_Musterkueche.jpg\"\n               data-image-id=\"431\"\n               data-title=\"Musterkueche\"\n               data-description=\"barrierearme Schaukueche\"\n               data-image-slug=\"musterkueche\"\n               class=\"ngg-fancybox\" rel=\"96205e1cfd1ff2b2b35775fdf203b4d1\">\n                <img\n                    title=\"Musterkueche\"\n                    alt=\"Musterkueche\"\n                    src=\"http:\/\/www.teske-schwiede.de\/wp-content\/gallery\/markt-1\/thumbs\/thumbs_Musterkueche.jpg\"\n                    width=\"120\"\n                    height=\"90\"\n                    style=\"max-width:100%;\"\n                \/>\n            <\/a>\n        <\/div>\n\t\t\t\t\t\t\t<\/div> \n\t\t\t\n        \n\t\t\t\t<div id=\"ngg-image-5\" class=\"ngg-gallery-thumbnail-box\" >\n\t\t\t\t        <div class=\"ngg-gallery-thumbnail\">\n            <a href=\"http:\/\/www.teske-schwiede.de\/wp-content\/gallery\/markt-1\/Foyer2_pixel.jpg\"\n               title=\"Foyer\"\n               data-src=\"http:\/\/www.teske-schwiede.de\/wp-content\/gallery\/markt-1\/Foyer2_pixel.jpg\"\n               data-thumbnail=\"http:\/\/www.teske-schwiede.de\/wp-content\/gallery\/markt-1\/thumbs\/thumbs_Foyer2_pixel.jpg\"\n               data-image-id=\"459\"\n               data-title=\"Foyer2_bearbeitet\"\n               data-description=\"Foyer\"\n               data-image-slug=\"foyer2_pixel\"\n               class=\"ngg-fancybox\" rel=\"96205e1cfd1ff2b2b35775fdf203b4d1\">\n                <img\n                    title=\"Foyer2_bearbeitet\"\n                    alt=\"Foyer2_bearbeitet\"\n                    src=\"http:\/\/www.teske-schwiede.de\/wp-content\/gallery\/markt-1\/thumbs\/thumbs_Foyer2_pixel.jpg\"\n                    width=\"120\"\n                    height=\"90\"\n                    style=\"max-width:100%;\"\n                \/>\n            <\/a>\n        <\/div>\n\t\t\t\t\t\t\t<\/div> \n\t\t\t\n        \n\t\t\t\t<div id=\"ngg-image-6\" class=\"ngg-gallery-thumbnail-box\" >\n\t\t\t\t        <div class=\"ngg-gallery-thumbnail\">\n            <a href=\"http:\/\/www.teske-schwiede.de\/wp-content\/gallery\/markt-1\/Foyer3_pixel.jpg\"\n               title=\"Foyer\"\n               data-src=\"http:\/\/www.teske-schwiede.de\/wp-content\/gallery\/markt-1\/Foyer3_pixel.jpg\"\n               data-thumbnail=\"http:\/\/www.teske-schwiede.de\/wp-content\/gallery\/markt-1\/thumbs\/thumbs_Foyer3_pixel.jpg\"\n               data-image-id=\"460\"\n               data-title=\"Foyer3_bearbeitet\"\n               data-description=\"Foyer\"\n               data-image-slug=\"foyer3_pixel\"\n               class=\"ngg-fancybox\" rel=\"96205e1cfd1ff2b2b35775fdf203b4d1\">\n                <img\n                    title=\"Foyer3_bearbeitet\"\n                    alt=\"Foyer3_bearbeitet\"\n                    src=\"http:\/\/www.teske-schwiede.de\/wp-content\/gallery\/markt-1\/thumbs\/thumbs_Foyer3_pixel.jpg\"\n                    width=\"120\"\n                    height=\"90\"\n                    style=\"max-width:100%;\"\n                \/>\n            <\/a>\n        <\/div>\n\t\t\t\t\t\t\t<\/div> \n\t\t\t\n        \n\t\t\t\t<div id=\"ngg-image-7\" class=\"ngg-gallery-thumbnail-box\" >\n\t\t\t\t        <div class=\"ngg-gallery-thumbnail\">\n            <a href=\"http:\/\/www.teske-schwiede.de\/wp-content\/gallery\/markt-1\/Foyer1_pixel.jpg\"\n               title=\"Foyer\"\n               data-src=\"http:\/\/www.teske-schwiede.de\/wp-content\/gallery\/markt-1\/Foyer1_pixel.jpg\"\n               data-thumbnail=\"http:\/\/www.teske-schwiede.de\/wp-content\/gallery\/markt-1\/thumbs\/thumbs_Foyer1_pixel.jpg\"\n               data-image-id=\"463\"\n               data-title=\"Foyer1_bearbeitet\"\n               data-description=\"Foyer\"\n               data-image-slug=\"foyer1_pixel\"\n               class=\"ngg-fancybox\" rel=\"96205e1cfd1ff2b2b35775fdf203b4d1\">\n                <img\n                    title=\"Foyer1_bearbeitet\"\n                    alt=\"Foyer1_bearbeitet\"\n                    src=\"http:\/\/www.teske-schwiede.de\/wp-content\/gallery\/markt-1\/thumbs\/thumbs_Foyer1_pixel.jpg\"\n                    width=\"120\"\n                    height=\"90\"\n                    style=\"max-width:100%;\"\n                \/>\n            <\/a>\n        <\/div>\n\t\t\t\t\t\t\t<\/div> \n\t\t\t\n        \n\t\t\n\t\t<!-- Pagination -->\n\t<div class='ngg-clear'><\/div>\t<\/div>\n\n","protected":false},"excerpt":{"rendered":"<p>Markt 1, 14943 Luckenwalde, Ausgef\u00fchrt: 2013 &#8211; 2017 Umbau einer Gewerbeinheit zu einer barrierearmen Gesch\u00e4ftstelle des Wohnungsbauunternehmens &#8220;DIE LUCKENWALDER&#8221;, LP 1-9 Die innovative Konzeptidee des Bauherrn f\u00fcr die Innenraumgestaltung wurde in enger Zusammenarbeit mit allen&nbsp;Projektbeteiligten umgesetzt. Farb- und M\u00f6belgestaltung, Konzeptberatung durch&nbsp;Frau Dipl.- Ing. Birgit Thormann, Innenarchitektin Lichtplanung durch Firma Kunstlicht, Herrn Helmut Linde K\u00fcchenplanung durch [&hellip;]<\/p>\n","protected":false},"author":1,"featured_media":0,"parent":44,"menu_order":0,"comment_status":"closed","ping_status":"closed","template":"","meta":{"ngg_post_thumbnail":0},"_links":{"self":[{"href":"http:\/\/www.teske-schwiede.de\/index.php?rest_route=\/wp\/v2\/pages\/2119"}],"collection":[{"href":"http:\/\/www.teske-schwiede.de\/index.php?rest_route=\/wp\/v2\/pages"}],"about":[{"href":"http:\/\/www.teske-schwiede.de\/index.php?rest_route=\/wp\/v2\/types\/page"}],"author":[{"embeddable":true,"href":"http:\/\/www.teske-schwiede.de\/index.php?rest_route=\/wp\/v2\/users\/1"}],"replies":[{"embeddable":true,"href":"http:\/\/www.teske-schwiede.de\/index.php?rest_route=%2Fwp%2Fv2%2Fcomments&post=2119"}],"version-history":[{"count":6,"href":"http:\/\/www.teske-schwiede.de\/index.php?rest_route=\/wp\/v2\/pages\/2119\/revisions"}],"predecessor-version":[{"id":2776,"href":"http:\/\/www.teske-schwiede.de\/index.php?rest_route=\/wp\/v2\/pages\/2119\/revisions\/2776"}],"up":[{"embeddable":true,"href":"http:\/\/www.teske-schwiede.de\/index.php?rest_route=\/wp\/v2\/pages\/44"}],"wp:attachment":[{"href":"http:\/\/www.teske-schwiede.de\/index.php?rest_route=%2Fwp%2Fv2%2Fmedia&parent=2119"}],"curies":[{"name":"wp","href":"https:\/\/api.w.org\/{rel}","templated":true}]}}