{"id":2869,"date":"2020-03-20T12:49:23","date_gmt":"2020-03-20T10:49:23","guid":{"rendered":"http:\/\/www.teske-schwiede.de\/?page_id=2869"},"modified":"2020-03-20T13:46:20","modified_gmt":"2020-03-20T11:46:20","slug":"bestensee","status":"publish","type":"page","link":"http:\/\/www.teske-schwiede.de\/?page_id=2869","title":{"rendered":"Bestensee"},"content":{"rendered":"<p>Vorhabenbezogener Bebauungsplan f\u00fcr die Gemeinde Bestensee, K\u00f6riser Stra\u00dfe, LV 1-4, 2019<br \/>\n<!-- index.php -->\n<div\n\tclass=\"ngg-galleryoverview ngg-ajax-pagination-none\"\n\tid=\"ngg-gallery-692a3b419722923074a15d32b1c1e378-1\">\n\n    \t<div class=\"slideshowlink\">\n        <a href='http:\/\/www.teske-schwiede.de\/index.php\/nggallery\/slideshow?page_id=2869'>[Zeige eine Slideshow]<\/a>\n\t\t\n\t<\/div>\n\t\t\t<!-- Thumbnails -->\n\t\t\t\t<div id=\"ngg-image-0\" class=\"ngg-gallery-thumbnail-box\" >\n\t\t\t\t        <div class=\"ngg-gallery-thumbnail\">\n            <a href=\"http:\/\/www.teske-schwiede.de\/wp-content\/gallery\/bestensee\/Vorhaben-und-erschliessungsplan.jpg\"\n               title=\"\"\n               data-src=\"http:\/\/www.teske-schwiede.de\/wp-content\/gallery\/bestensee\/Vorhaben-und-erschliessungsplan.jpg\"\n               data-thumbnail=\"http:\/\/www.teske-schwiede.de\/wp-content\/gallery\/bestensee\/thumbs\/thumbs_Vorhaben-und-erschliessungsplan.jpg\"\n               data-image-id=\"661\"\n               data-title=\"Vorhaben-und-Erschlie\u00dfungsplan\"\n               data-description=\"\"\n               data-image-slug=\"vorhaben-und-erschliessungsplan\"\n               class=\"ngg-fancybox\" rel=\"692a3b419722923074a15d32b1c1e378\">\n                <img\n                    title=\"Vorhaben-und-Erschlie\u00dfungsplan\"\n                    alt=\"Vorhaben-und-Erschlie\u00dfungsplan\"\n                    src=\"http:\/\/www.teske-schwiede.de\/wp-content\/gallery\/bestensee\/thumbs\/thumbs_Vorhaben-und-erschliessungsplan.jpg\"\n                    width=\"240\"\n                    height=\"180\"\n                    style=\"max-width:100%;\"\n                \/>\n            <\/a>\n        <\/div>\n\t\t\t\t\t\t\t<\/div> \n\t\t\t\n        \n\t\t\t\t<div id=\"ngg-image-1\" class=\"ngg-gallery-thumbnail-box\" >\n\t\t\t\t        <div class=\"ngg-gallery-thumbnail\">\n            <a href=\"http:\/\/www.teske-schwiede.de\/wp-content\/gallery\/bestensee\/Vorhabenbezogener-Bebauungsplan.jpg\"\n               title=\"\"\n               data-src=\"http:\/\/www.teske-schwiede.de\/wp-content\/gallery\/bestensee\/Vorhabenbezogener-Bebauungsplan.jpg\"\n               data-thumbnail=\"http:\/\/www.teske-schwiede.de\/wp-content\/gallery\/bestensee\/thumbs\/thumbs_Vorhabenbezogener-Bebauungsplan.jpg\"\n               data-image-id=\"662\"\n               data-title=\"Vorhabenbezogener-Bebauungsplan\"\n               data-description=\"\"\n               data-image-slug=\"vorhabenbezogener-bebauungsplan\"\n               class=\"ngg-fancybox\" rel=\"692a3b419722923074a15d32b1c1e378\">\n                <img\n                    title=\"Vorhabenbezogener-Bebauungsplan\"\n                    alt=\"Vorhabenbezogener-Bebauungsplan\"\n                    src=\"http:\/\/www.teske-schwiede.de\/wp-content\/gallery\/bestensee\/thumbs\/thumbs_Vorhabenbezogener-Bebauungsplan.jpg\"\n                    width=\"204\"\n                    height=\"180\"\n                    style=\"max-width:100%;\"\n                \/>\n            <\/a>\n        <\/div>\n\t\t\t\t\t\t\t<\/div> \n\t\t\t\n        \n\t\t\n\t\t<!-- Pagination -->\n\t<div class='ngg-clear'><\/div>\t<\/div>\n<\/p>\n","protected":false},"excerpt":{"rendered":"<p>Vorhabenbezogener Bebauungsplan f\u00fcr die Gemeinde Bestensee, K\u00f6riser Stra\u00dfe, LV 1-4, 2019<\/p>\n","protected":false},"author":1,"featured_media":0,"parent":46,"menu_order":0,"comment_status":"closed","ping_status":"closed","template":"","meta":{"ngg_post_thumbnail":0},"_links":{"self":[{"href":"http:\/\/www.teske-schwiede.de\/index.php?rest_route=\/wp\/v2\/pages\/2869"}],"collection":[{"href":"http:\/\/www.teske-schwiede.de\/index.php?rest_route=\/wp\/v2\/pages"}],"about":[{"href":"http:\/\/www.teske-schwiede.de\/index.php?rest_route=\/wp\/v2\/types\/page"}],"author":[{"embeddable":true,"href":"http:\/\/www.teske-schwiede.de\/index.php?rest_route=\/wp\/v2\/users\/1"}],"replies":[{"embeddable":true,"href":"http:\/\/www.teske-schwiede.de\/index.php?rest_route=%2Fwp%2Fv2%2Fcomments&post=2869"}],"version-history":[{"count":2,"href":"http:\/\/www.teske-schwiede.de\/index.php?rest_route=\/wp\/v2\/pages\/2869\/revisions"}],"predecessor-version":[{"id":2887,"href":"http:\/\/www.teske-schwiede.de\/index.php?rest_route=\/wp\/v2\/pages\/2869\/revisions\/2887"}],"up":[{"embeddable":true,"href":"http:\/\/www.teske-schwiede.de\/index.php?rest_route=\/wp\/v2\/pages\/46"}],"wp:attachment":[{"href":"http:\/\/www.teske-schwiede.de\/index.php?rest_route=%2Fwp%2Fv2%2Fmedia&parent=2869"}],"curies":[{"name":"wp","href":"https:\/\/api.w.org\/{rel}","templated":true}]}}