{"id":36,"date":"2014-08-28T21:08:48","date_gmt":"2014-08-28T19:08:48","guid":{"rendered":"http:\/\/www.teske-schwiede.de\/?page_id=36"},"modified":"2020-03-11T14:49:21","modified_gmt":"2020-03-11T12:49:21","slug":"projektreorganisation","status":"publish","type":"page","link":"http:\/\/www.teske-schwiede.de\/?page_id=36","title":{"rendered":"Projektreorganisation"},"content":{"rendered":"<p>Wir \u00fcbernehmen seit 1998 die Weiterf\u00fchrung bis zur Fertigstellung von bereits angefangenen oder unterbrochenen Bauvorhaben.<\/p>\n<p>&nbsp;<\/p>\n<p>Hierzu erstellen wir erforderlichenfalls Leistungsabgrenzungen, ggf. unter Hinzuziehung von \u00f6ffentlich bestellten und vereidigten Sachverst\u00e4ndigen, \u00fcbernehmen auf ihren Wunsch die Bauleitung und das Baukostenmanagement sowie alle erforderlichen Gespr\u00e4che mit Projektbeteiligten und deren anwaltlichen Vertretungen, baufinanzierenden Banken und Beh\u00f6rden. Wir erarbeiten f\u00fcr Sie fortlaufende Kostenprognosen und \u00fcbernehmen \u00c4nderungs- oder Erg\u00e4nzungsplanungen. Wir unterst\u00fctzen Sie bei ggf. erforderlichen Vertragsk\u00fcndigungen und der Durchf\u00fchrung von Ersatzvornahmen.<\/p>\n<p>&nbsp;<\/p>\n<p>Die B\u00fcrostruktur ist darauf ausgerichtet, bei Bedarf sofort eine arbeitsf\u00e4hige Bauleitung oder Bauherrenvertretung auf einer Baustelle installieren zu k\u00f6nnen.<\/p>\n<p>&nbsp;<\/p>\n<p>Ihr Ansprechpartner: Herr Sven Teske<\/p>\n","protected":false},"excerpt":{"rendered":"<p>Wir \u00fcbernehmen seit 1998 die Weiterf\u00fchrung bis zur Fertigstellung von bereits angefangenen oder unterbrochenen Bauvorhaben. &nbsp; Hierzu erstellen wir erforderlichenfalls Leistungsabgrenzungen, ggf. unter Hinzuziehung von \u00f6ffentlich bestellten und vereidigten Sachverst\u00e4ndigen, \u00fcbernehmen auf ihren Wunsch die Bauleitung und das Baukostenmanagement sowie alle erforderlichen Gespr\u00e4che mit Projektbeteiligten und deren anwaltlichen Vertretungen, baufinanzierenden Banken und Beh\u00f6rden. Wir erarbeiten [&hellip;]<\/p>\n","protected":false},"author":1,"featured_media":0,"parent":0,"menu_order":0,"comment_status":"closed","ping_status":"open","template":"","meta":{"ngg_post_thumbnail":0},"_links":{"self":[{"href":"http:\/\/www.teske-schwiede.de\/index.php?rest_route=\/wp\/v2\/pages\/36"}],"collection":[{"href":"http:\/\/www.teske-schwiede.de\/index.php?rest_route=\/wp\/v2\/pages"}],"about":[{"href":"http:\/\/www.teske-schwiede.de\/index.php?rest_route=\/wp\/v2\/types\/page"}],"author":[{"embeddable":true,"href":"http:\/\/www.teske-schwiede.de\/index.php?rest_route=\/wp\/v2\/users\/1"}],"replies":[{"embeddable":true,"href":"http:\/\/www.teske-schwiede.de\/index.php?rest_route=%2Fwp%2Fv2%2Fcomments&post=36"}],"version-history":[{"count":9,"href":"http:\/\/www.teske-schwiede.de\/index.php?rest_route=\/wp\/v2\/pages\/36\/revisions"}],"predecessor-version":[{"id":2830,"href":"http:\/\/www.teske-schwiede.de\/index.php?rest_route=\/wp\/v2\/pages\/36\/revisions\/2830"}],"wp:attachment":[{"href":"http:\/\/www.teske-schwiede.de\/index.php?rest_route=%2Fwp%2Fv2%2Fmedia&parent=36"}],"curies":[{"name":"wp","href":"https:\/\/api.w.org\/{rel}","templated":true}]}}