{"id":1157,"date":"2016-07-20T10:52:14","date_gmt":"2016-07-20T08:52:14","guid":{"rendered":"http:\/\/www.teske-schwiede.de\/?page_id=1157"},"modified":"2018-08-31T16:20:41","modified_gmt":"2018-08-31T14:20:41","slug":"parkstr-5","status":"publish","type":"page","link":"https:\/\/www.teske-schwiede.de\/?page_id=1157","title":{"rendered":"Parkstr. 5"},"content":{"rendered":"<p><strong>Parkstra\u00dfe 5<\/strong> <strong>in 14943 Luckenwalde<\/strong>, Ausgef\u00fchrt: 2012 &#8211; 2015,<br \/>\nSanierung\/ Umbau eines denkmalgesch\u00fctzten Mehrfamilienhauses, barrierearmer<br \/>\nUmbau der Wohnungen und Zuwegen, Einbau einer Aufzugsanlage, energetische<br \/>\nVerbesserung der Fassade durch Innend\u00e4mmung, Aufwertung von Bestandsfenstern<br \/>\ndurch W\u00e4rmeschutzverglasung, \u00dcberarbeitung der Wohnungseingangst\u00fcren. LP 1-8<\/p>\n<p>F\u00fcr weitergehende Informationen klicken Sie bitte <a href=\"http:\/\/www.teske-schwiede.de\/?page_id=1027\"><span style=\"text-decoration: underline;\">hier<\/span><\/a><\/p>\n<!-- index.php -->\n<div\n\tclass=\"ngg-galleryoverview ngg-ajax-pagination-none\"\n\tid=\"ngg-gallery-ced4379eb02f2304f5aef0a46ac0c619-1\">\n\n    \t<div class=\"slideshowlink\">\n        <a href='https:\/\/www.teske-schwiede.de\/index.php\/nggallery\/slideshow?page_id=1157'>[Zeige eine Slideshow]<\/a>\n\t\t\n\t<\/div>\n\t\t\t<!-- Thumbnails -->\n\t\t\t\t<div id=\"ngg-image-0\" class=\"ngg-gallery-thumbnail-box\" >\n\t\t\t\t        <div class=\"ngg-gallery-thumbnail\">\n            <a href=\"https:\/\/www.teske-schwiede.de\/wp-content\/gallery\/parkstr-5-1\/eingang.jpg\"\n               title=\"Hauseingangst\u00fcre Stra\u00dfenfassade\"\n               data-src=\"https:\/\/www.teske-schwiede.de\/wp-content\/gallery\/parkstr-5-1\/eingang.jpg\"\n               data-thumbnail=\"https:\/\/www.teske-schwiede.de\/wp-content\/gallery\/parkstr-5-1\/thumbs\/thumbs_eingang.jpg\"\n               data-image-id=\"203\"\n               data-title=\"Eingang\"\n               data-description=\"Hauseingangst\u00fcre Stra\u00dfenfassade\"\n               data-image-slug=\"eingang-1\"\n               class=\"ngg-fancybox\" rel=\"ced4379eb02f2304f5aef0a46ac0c619\">\n                <img\n                    title=\"Eingang\"\n                    alt=\"Eingang\"\n                    src=\"https:\/\/www.teske-schwiede.de\/wp-content\/gallery\/parkstr-5-1\/thumbs\/thumbs_eingang.jpg\"\n                    width=\"120\"\n                    height=\"90\"\n                    style=\"max-width:100%;\"\n                \/>\n            <\/a>\n        <\/div>\n\t\t\t\t\t\t\t<\/div> \n\t\t\t\n        \n\t\t\t\t<div id=\"ngg-image-1\" class=\"ngg-gallery-thumbnail-box\" >\n\t\t\t\t        <div class=\"ngg-gallery-thumbnail\">\n            <a href=\"https:\/\/www.teske-schwiede.de\/wp-content\/gallery\/parkstr-5-1\/Fassade.jpg\"\n               title=\"Ansicht Fassade mit Eckturmerker\"\n               data-src=\"https:\/\/www.teske-schwiede.de\/wp-content\/gallery\/parkstr-5-1\/Fassade.jpg\"\n               data-thumbnail=\"https:\/\/www.teske-schwiede.de\/wp-content\/gallery\/parkstr-5-1\/thumbs\/thumbs_Fassade.jpg\"\n               data-image-id=\"204\"\n               data-title=\"Fassade\"\n               data-description=\"Ansicht Fassade mit Eckturmerker\"\n               data-image-slug=\"fassade-1\"\n               class=\"ngg-fancybox\" rel=\"ced4379eb02f2304f5aef0a46ac0c619\">\n                <img\n                    title=\"Fassade\"\n                    alt=\"Fassade\"\n                    src=\"https:\/\/www.teske-schwiede.de\/wp-content\/gallery\/parkstr-5-1\/thumbs\/thumbs_Fassade.jpg\"\n                    width=\"120\"\n                    height=\"90\"\n                    style=\"max-width:100%;\"\n                \/>\n            <\/a>\n        <\/div>\n\t\t\t\t\t\t\t<\/div> \n\t\t\t\n        \n\t\t\t\t<div id=\"ngg-image-2\" class=\"ngg-gallery-thumbnail-box\" >\n\t\t\t\t        <div class=\"ngg-gallery-thumbnail\">\n            <a href=\"https:\/\/www.teske-schwiede.de\/wp-content\/gallery\/parkstr-5-1\/Fassade3.jpg\"\n               title=\"Ansicht Fassade\"\n               data-src=\"https:\/\/www.teske-schwiede.de\/wp-content\/gallery\/parkstr-5-1\/Fassade3.jpg\"\n               data-thumbnail=\"https:\/\/www.teske-schwiede.de\/wp-content\/gallery\/parkstr-5-1\/thumbs\/thumbs_Fassade3.jpg\"\n               data-image-id=\"205\"\n               data-title=\"Fassade3\"\n               data-description=\"Ansicht Fassade\"\n               data-image-slug=\"fassade3-1\"\n               class=\"ngg-fancybox\" rel=\"ced4379eb02f2304f5aef0a46ac0c619\">\n                <img\n                    title=\"Fassade3\"\n                    alt=\"Fassade3\"\n                    src=\"https:\/\/www.teske-schwiede.de\/wp-content\/gallery\/parkstr-5-1\/thumbs\/thumbs_Fassade3.jpg\"\n                    width=\"120\"\n                    height=\"90\"\n                    style=\"max-width:100%;\"\n                \/>\n            <\/a>\n        <\/div>\n\t\t\t\t\t\t\t<\/div> \n\t\t\t\n        \n\t\t\t\t<div id=\"ngg-image-3\" class=\"ngg-gallery-thumbnail-box\" >\n\t\t\t\t        <div class=\"ngg-gallery-thumbnail\">\n            <a href=\"https:\/\/www.teske-schwiede.de\/wp-content\/gallery\/parkstr-5-1\/fenster.jpg\"\n               title=\"Ansicht Mosaikfenster im Treppenaufgang\"\n               data-src=\"https:\/\/www.teske-schwiede.de\/wp-content\/gallery\/parkstr-5-1\/fenster.jpg\"\n               data-thumbnail=\"https:\/\/www.teske-schwiede.de\/wp-content\/gallery\/parkstr-5-1\/thumbs\/thumbs_fenster.jpg\"\n               data-image-id=\"206\"\n               data-title=\"Fenster\"\n               data-description=\"Ansicht Mosaikfenster im Treppenaufgang\"\n               data-image-slug=\"fenster-1\"\n               class=\"ngg-fancybox\" rel=\"ced4379eb02f2304f5aef0a46ac0c619\">\n                <img\n                    title=\"Fenster\"\n                    alt=\"Fenster\"\n                    src=\"https:\/\/www.teske-schwiede.de\/wp-content\/gallery\/parkstr-5-1\/thumbs\/thumbs_fenster.jpg\"\n                    width=\"120\"\n                    height=\"90\"\n                    style=\"max-width:100%;\"\n                \/>\n            <\/a>\n        <\/div>\n\t\t\t\t\t\t\t<\/div> \n\t\t\t\n        \n\t\t\t\t<div id=\"ngg-image-4\" class=\"ngg-gallery-thumbnail-box\" >\n\t\t\t\t        <div class=\"ngg-gallery-thumbnail\">\n            <a href=\"https:\/\/www.teske-schwiede.de\/wp-content\/gallery\/parkstr-5-1\/Tuer.jpg\"\n               title=\"\u00fcberarbeitete Wohnungseingangst\u00fcre\"\n               data-src=\"https:\/\/www.teske-schwiede.de\/wp-content\/gallery\/parkstr-5-1\/Tuer.jpg\"\n               data-thumbnail=\"https:\/\/www.teske-schwiede.de\/wp-content\/gallery\/parkstr-5-1\/thumbs\/thumbs_Tuer.jpg\"\n               data-image-id=\"207\"\n               data-title=\"Tuer\"\n               data-description=\"\u00fcberarbeitete Wohnungseingangst\u00fcre\"\n               data-image-slug=\"tuer-1\"\n               class=\"ngg-fancybox\" rel=\"ced4379eb02f2304f5aef0a46ac0c619\">\n                <img\n                    title=\"Tuer\"\n                    alt=\"Tuer\"\n                    src=\"https:\/\/www.teske-schwiede.de\/wp-content\/gallery\/parkstr-5-1\/thumbs\/thumbs_Tuer.jpg\"\n                    width=\"120\"\n                    height=\"90\"\n                    style=\"max-width:100%;\"\n                \/>\n            <\/a>\n        <\/div>\n\t\t\t\t\t\t\t<\/div> \n\t\t\t\n        \n\t\t\n\t\t<!-- Pagination -->\n\t<div class='ngg-clear'><\/div>\t<\/div>\n\n","protected":false},"excerpt":{"rendered":"<p>Parkstra\u00dfe 5 in 14943 Luckenwalde, Ausgef\u00fchrt: 2012 &#8211; 2015, Sanierung\/ Umbau eines denkmalgesch\u00fctzten Mehrfamilienhauses, barrierearmer Umbau der Wohnungen und Zuwegen, Einbau einer Aufzugsanlage, energetische Verbesserung der Fassade durch Innend\u00e4mmung, Aufwertung von Bestandsfenstern durch W\u00e4rmeschutzverglasung, \u00dcberarbeitung der Wohnungseingangst\u00fcren. LP 1-8 F\u00fcr weitergehende Informationen klicken Sie bitte hier<\/p>\n","protected":false},"author":1,"featured_media":0,"parent":87,"menu_order":0,"comment_status":"closed","ping_status":"closed","template":"","meta":{"ngg_post_thumbnail":0},"_links":{"self":[{"href":"https:\/\/www.teske-schwiede.de\/index.php?rest_route=\/wp\/v2\/pages\/1157"}],"collection":[{"href":"https:\/\/www.teske-schwiede.de\/index.php?rest_route=\/wp\/v2\/pages"}],"about":[{"href":"https:\/\/www.teske-schwiede.de\/index.php?rest_route=\/wp\/v2\/types\/page"}],"author":[{"embeddable":true,"href":"https:\/\/www.teske-schwiede.de\/index.php?rest_route=\/wp\/v2\/users\/1"}],"replies":[{"embeddable":true,"href":"https:\/\/www.teske-schwiede.de\/index.php?rest_route=%2Fwp%2Fv2%2Fcomments&post=1157"}],"version-history":[{"count":8,"href":"https:\/\/www.teske-schwiede.de\/index.php?rest_route=\/wp\/v2\/pages\/1157\/revisions"}],"predecessor-version":[{"id":2760,"href":"https:\/\/www.teske-schwiede.de\/index.php?rest_route=\/wp\/v2\/pages\/1157\/revisions\/2760"}],"up":[{"embeddable":true,"href":"https:\/\/www.teske-schwiede.de\/index.php?rest_route=\/wp\/v2\/pages\/87"}],"wp:attachment":[{"href":"https:\/\/www.teske-schwiede.de\/index.php?rest_route=%2Fwp%2Fv2%2Fmedia&parent=1157"}],"curies":[{"name":"wp","href":"https:\/\/api.w.org\/{rel}","templated":true}]}}