{"id":1382,"date":"2016-10-12T10:13:23","date_gmt":"2016-10-12T08:13:23","guid":{"rendered":"http:\/\/www.teske-schwiede.de\/?page_id=1382"},"modified":"2020-03-11T14:01:51","modified_gmt":"2020-03-11T12:01:51","slug":"siedlung-am-steinberg","status":"publish","type":"page","link":"https:\/\/www.teske-schwiede.de\/?page_id=1382","title":{"rendered":"Siedlung am Steinberg"},"content":{"rendered":"<p><strong>Siedlung am Steinberg, 13509 Berlin Tegel<\/strong>, Ausgef\u00fchrt:&nbsp;derzeit in Bearbeitung<br \/>\nSanierung und Umbau von 3 denkmalgesch\u00fctzten Mehrfamilienh\u00e4usern,<br \/>\nR\u00fcckbau Dachgeschoss und Neuerrichtung Dachgeschoss in Abstimmung<br \/>\nmit der Denkmalpflege, energetische Sanierung der Fassade, LP 1-5<\/p>\n<p>F\u00fcr weitergehende Informationen klicken Sie bitte <span style=\"text-decoration: underline;\"><a href=\"http:\/\/www.teske-schwiede.de\/?page_id=1425\">hier<\/a><\/span><\/p>\n<!-- index.php -->\n<div\n\tclass=\"ngg-galleryoverview ngg-ajax-pagination-none\"\n\tid=\"ngg-gallery-e8db193a4eaf86cc68ee15c0ea311e42-1\">\n\n    \t<div class=\"slideshowlink\">\n        <a href='https:\/\/www.teske-schwiede.de\/index.php\/nggallery\/slideshow?page_id=1382'>[Zeige eine Slideshow]<\/a>\n\t\t\n\t<\/div>\n\t\t\t<!-- Thumbnails -->\n\t\t\t\t<div id=\"ngg-image-0\" class=\"ngg-gallery-thumbnail-box\" >\n\t\t\t\t        <div class=\"ngg-gallery-thumbnail\">\n            <a href=\"https:\/\/www.teske-schwiede.de\/wp-content\/gallery\/siedlung-am-steinberg\/Siedlung_am_Steinberg_4.jpg\"\n               title=\"Ansicht Fassade Gartenseite\"\n               data-src=\"https:\/\/www.teske-schwiede.de\/wp-content\/gallery\/siedlung-am-steinberg\/Siedlung_am_Steinberg_4.jpg\"\n               data-thumbnail=\"https:\/\/www.teske-schwiede.de\/wp-content\/gallery\/siedlung-am-steinberg\/thumbs\/thumbs_Siedlung_am_Steinberg_4.jpg\"\n               data-image-id=\"264\"\n               data-title=\"Siedlung_am_Steinberg_4\"\n               data-description=\"Ansicht Fassade Gartenseite\"\n               data-image-slug=\"siedlung_am_steinberg_4\"\n               class=\"ngg-fancybox\" rel=\"e8db193a4eaf86cc68ee15c0ea311e42\">\n                <img\n                    title=\"Siedlung_am_Steinberg_4\"\n                    alt=\"Siedlung_am_Steinberg_4\"\n                    src=\"https:\/\/www.teske-schwiede.de\/wp-content\/gallery\/siedlung-am-steinberg\/thumbs\/thumbs_Siedlung_am_Steinberg_4.jpg\"\n                    width=\"120\"\n                    height=\"90\"\n                    style=\"max-width:100%;\"\n                \/>\n            <\/a>\n        <\/div>\n\t\t\t\t\t\t\t<\/div> \n\t\t\t\n        \n\t\t\t\t<div id=\"ngg-image-1\" class=\"ngg-gallery-thumbnail-box\" >\n\t\t\t\t        <div class=\"ngg-gallery-thumbnail\">\n            <a href=\"https:\/\/www.teske-schwiede.de\/wp-content\/gallery\/siedlung-am-steinberg\/Siedlung_am_Steinberg_5.jpg\"\n               title=\"Ansicht Fassade Stra\u00dfenseite\"\n               data-src=\"https:\/\/www.teske-schwiede.de\/wp-content\/gallery\/siedlung-am-steinberg\/Siedlung_am_Steinberg_5.jpg\"\n               data-thumbnail=\"https:\/\/www.teske-schwiede.de\/wp-content\/gallery\/siedlung-am-steinberg\/thumbs\/thumbs_Siedlung_am_Steinberg_5.jpg\"\n               data-image-id=\"265\"\n               data-title=\"Siedlung_am_Steinberg_5\"\n               data-description=\"Ansicht Fassade Stra\u00dfenseite\"\n               data-image-slug=\"siedlung_am_steinberg_5\"\n               class=\"ngg-fancybox\" rel=\"e8db193a4eaf86cc68ee15c0ea311e42\">\n                <img\n                    title=\"Siedlung_am_Steinberg_5\"\n                    alt=\"Siedlung_am_Steinberg_5\"\n                    src=\"https:\/\/www.teske-schwiede.de\/wp-content\/gallery\/siedlung-am-steinberg\/thumbs\/thumbs_Siedlung_am_Steinberg_5.jpg\"\n                    width=\"120\"\n                    height=\"90\"\n                    style=\"max-width:100%;\"\n                \/>\n            <\/a>\n        <\/div>\n\t\t\t\t\t\t\t<\/div> \n\t\t\t\n        \n\t\t\n\t\t<!-- Pagination -->\n\t<div class='ngg-clear'><\/div>\t<\/div>\n\n","protected":false},"excerpt":{"rendered":"<p>Siedlung am Steinberg, 13509 Berlin Tegel, Ausgef\u00fchrt:&nbsp;derzeit in Bearbeitung Sanierung und Umbau von 3 denkmalgesch\u00fctzten Mehrfamilienh\u00e4usern, R\u00fcckbau Dachgeschoss und Neuerrichtung Dachgeschoss in Abstimmung mit der Denkmalpflege, energetische Sanierung der Fassade, LP 1-5 F\u00fcr weitergehende Informationen klicken Sie bitte hier<\/p>\n","protected":false},"author":1,"featured_media":0,"parent":87,"menu_order":0,"comment_status":"closed","ping_status":"closed","template":"","meta":{"ngg_post_thumbnail":0},"_links":{"self":[{"href":"https:\/\/www.teske-schwiede.de\/index.php?rest_route=\/wp\/v2\/pages\/1382"}],"collection":[{"href":"https:\/\/www.teske-schwiede.de\/index.php?rest_route=\/wp\/v2\/pages"}],"about":[{"href":"https:\/\/www.teske-schwiede.de\/index.php?rest_route=\/wp\/v2\/types\/page"}],"author":[{"embeddable":true,"href":"https:\/\/www.teske-schwiede.de\/index.php?rest_route=\/wp\/v2\/users\/1"}],"replies":[{"embeddable":true,"href":"https:\/\/www.teske-schwiede.de\/index.php?rest_route=%2Fwp%2Fv2%2Fcomments&post=1382"}],"version-history":[{"count":6,"href":"https:\/\/www.teske-schwiede.de\/index.php?rest_route=\/wp\/v2\/pages\/1382\/revisions"}],"predecessor-version":[{"id":2819,"href":"https:\/\/www.teske-schwiede.de\/index.php?rest_route=\/wp\/v2\/pages\/1382\/revisions\/2819"}],"up":[{"embeddable":true,"href":"https:\/\/www.teske-schwiede.de\/index.php?rest_route=\/wp\/v2\/pages\/87"}],"wp:attachment":[{"href":"https:\/\/www.teske-schwiede.de\/index.php?rest_route=%2Fwp%2Fv2%2Fmedia&parent=1382"}],"curies":[{"name":"wp","href":"https:\/\/api.w.org\/{rel}","templated":true}]}}