{"id":1396,"date":"2016-10-12T10:28:29","date_gmt":"2016-10-12T08:28:29","guid":{"rendered":"http:\/\/www.teske-schwiede.de\/?page_id=1396"},"modified":"2017-01-03T15:02:51","modified_gmt":"2017-01-03T13:02:51","slug":"eisenacher-str-6","status":"publish","type":"page","link":"https:\/\/www.teske-schwiede.de\/?page_id=1396","title":{"rendered":"Eisenacher Str. 6"},"content":{"rendered":"<p><strong>Eisenacher Stra\u00dfe 6, 10177 Berlin Sch\u00f6neberg<\/strong>, Ausgef\u00fchrt: 2000 &#8211; 2016<br \/>\nInstandsetzung Fassade, Planung und Objekt\u00fcberwachung<br \/>\n<!-- index.php -->\n<div\n\tclass=\"ngg-galleryoverview ngg-ajax-pagination-none\"\n\tid=\"ngg-gallery-f8f1cee8010d5cee0ccafc97ba81d9e3-1\">\n\n    \t<div class=\"slideshowlink\">\n        <a href='https:\/\/www.teske-schwiede.de\/index.php\/nggallery\/slideshow?page_id=1396'>[Zeige eine Slideshow]<\/a>\n\t\t\n\t<\/div>\n\t\t\t<!-- Thumbnails -->\n\t\t\t\t<div id=\"ngg-image-0\" class=\"ngg-gallery-thumbnail-box\" >\n\t\t\t\t        <div class=\"ngg-gallery-thumbnail\">\n            <a href=\"https:\/\/www.teske-schwiede.de\/wp-content\/gallery\/eisenacher-str-6\/Nordfassade_bearbeitet.jpg\"\n               title=\"Ansicht Nordfassade\"\n               data-src=\"https:\/\/www.teske-schwiede.de\/wp-content\/gallery\/eisenacher-str-6\/Nordfassade_bearbeitet.jpg\"\n               data-thumbnail=\"https:\/\/www.teske-schwiede.de\/wp-content\/gallery\/eisenacher-str-6\/thumbs\/thumbs_Nordfassade_bearbeitet.jpg\"\n               data-image-id=\"267\"\n               data-title=\"Nordfassade_bearbeitet\"\n               data-description=\"Ansicht Nordfassade\"\n               data-image-slug=\"nordfassade_bearbeitet\"\n               class=\"ngg-fancybox\" rel=\"f8f1cee8010d5cee0ccafc97ba81d9e3\">\n                <img\n                    title=\"Nordfassade_bearbeitet\"\n                    alt=\"Nordfassade_bearbeitet\"\n                    src=\"https:\/\/www.teske-schwiede.de\/wp-content\/gallery\/eisenacher-str-6\/thumbs\/thumbs_Nordfassade_bearbeitet.jpg\"\n                    width=\"120\"\n                    height=\"90\"\n                    style=\"max-width:100%;\"\n                \/>\n            <\/a>\n        <\/div>\n\t\t\t\t\t\t\t<\/div> \n\t\t\t\n        \n\t\t\t\t<div id=\"ngg-image-1\" class=\"ngg-gallery-thumbnail-box\" >\n\t\t\t\t        <div class=\"ngg-gallery-thumbnail\">\n            <a href=\"https:\/\/www.teske-schwiede.de\/wp-content\/gallery\/eisenacher-str-6\/R%C3%BCckseite-Vorderhaus-Ostseite_bearb.jpg\"\n               title=\"Ansicht R\u00fcckseite Vorderhaus\"\n               data-src=\"https:\/\/www.teske-schwiede.de\/wp-content\/gallery\/eisenacher-str-6\/R%C3%BCckseite-Vorderhaus-Ostseite_bearb.jpg\"\n               data-thumbnail=\"https:\/\/www.teske-schwiede.de\/wp-content\/gallery\/eisenacher-str-6\/thumbs\/thumbs_R%C3%BCckseite-Vorderhaus-Ostseite_bearb.jpg\"\n               data-image-id=\"268\"\n               data-title=\"R\u00fcckseite-Vorderhaus-Ostseite_bearb\"\n               data-description=\"Ansicht R\u00fcckseite Vorderhaus\"\n               data-image-slug=\"r%c3%bcckseite-vorderhaus-ostseite_bearb-1\"\n               class=\"ngg-fancybox\" rel=\"f8f1cee8010d5cee0ccafc97ba81d9e3\">\n                <img\n                    title=\"R\u00fcckseite-Vorderhaus-Ostseite_bearb\"\n                    alt=\"R\u00fcckseite-Vorderhaus-Ostseite_bearb\"\n                    src=\"https:\/\/www.teske-schwiede.de\/wp-content\/gallery\/eisenacher-str-6\/thumbs\/thumbs_R%C3%BCckseite-Vorderhaus-Ostseite_bearb.jpg\"\n                    width=\"120\"\n                    height=\"90\"\n                    style=\"max-width:100%;\"\n                \/>\n            <\/a>\n        <\/div>\n\t\t\t\t\t\t\t<\/div> \n\t\t\t\n        \n\t\t\n\t\t<!-- Pagination -->\n\t<div class='ngg-clear'><\/div>\t<\/div>\n<\/p>\n","protected":false},"excerpt":{"rendered":"<p>Eisenacher Stra\u00dfe 6, 10177 Berlin Sch\u00f6neberg, Ausgef\u00fchrt: 2000 &#8211; 2016 Instandsetzung Fassade, Planung und Objekt\u00fcberwachung<\/p>\n","protected":false},"author":1,"featured_media":0,"parent":44,"menu_order":0,"comment_status":"closed","ping_status":"closed","template":"","meta":{"ngg_post_thumbnail":0},"_links":{"self":[{"href":"https:\/\/www.teske-schwiede.de\/index.php?rest_route=\/wp\/v2\/pages\/1396"}],"collection":[{"href":"https:\/\/www.teske-schwiede.de\/index.php?rest_route=\/wp\/v2\/pages"}],"about":[{"href":"https:\/\/www.teske-schwiede.de\/index.php?rest_route=\/wp\/v2\/types\/page"}],"author":[{"embeddable":true,"href":"https:\/\/www.teske-schwiede.de\/index.php?rest_route=\/wp\/v2\/users\/1"}],"replies":[{"embeddable":true,"href":"https:\/\/www.teske-schwiede.de\/index.php?rest_route=%2Fwp%2Fv2%2Fcomments&post=1396"}],"version-history":[{"count":2,"href":"https:\/\/www.teske-schwiede.de\/index.php?rest_route=\/wp\/v2\/pages\/1396\/revisions"}],"predecessor-version":[{"id":2250,"href":"https:\/\/www.teske-schwiede.de\/index.php?rest_route=\/wp\/v2\/pages\/1396\/revisions\/2250"}],"up":[{"embeddable":true,"href":"https:\/\/www.teske-schwiede.de\/index.php?rest_route=\/wp\/v2\/pages\/44"}],"wp:attachment":[{"href":"https:\/\/www.teske-schwiede.de\/index.php?rest_route=%2Fwp%2Fv2%2Fmedia&parent=1396"}],"curies":[{"name":"wp","href":"https:\/\/api.w.org\/{rel}","templated":true}]}}