{"id":1407,"date":"2016-10-12T10:40:04","date_gmt":"2016-10-12T08:40:04","guid":{"rendered":"http:\/\/www.teske-schwiede.de\/?page_id=1407"},"modified":"2018-10-12T10:57:41","modified_gmt":"2018-10-12T08:57:41","slug":"voltairestr-3","status":"publish","type":"page","link":"https:\/\/www.teske-schwiede.de\/?page_id=1407","title":{"rendered":"Voltairestr.3"},"content":{"rendered":"<p><strong>Voltairestr. 3, 10179 Berlin Mitte<\/strong>, Ausgef\u00fchrt: 2016<br \/>\nFassaden- und Foyerumgestaltung, Innengestaltung einer ausgew\u00e4hlten Musterwohnung<br \/>\ninklusive M\u00f6blierung. Unserer Leistungen waren hier: Ausf\u00fchrungsplanung und Bauleitung, LP 1-8<\/p>\n<!-- index.php -->\n<div\n\tclass=\"ngg-galleryoverview ngg-ajax-pagination-none\"\n\tid=\"ngg-gallery-1fb287aa9412c3a52d826d5563aee517-1\">\n\n    \t<div class=\"slideshowlink\">\n        <a href='https:\/\/www.teske-schwiede.de\/index.php\/nggallery\/slideshow?page_id=1407'>[Zeige eine Slideshow]<\/a>\n\t\t\n\t<\/div>\n\t\t\t<!-- Thumbnails -->\n\t\t\t\t<div id=\"ngg-image-0\" class=\"ngg-gallery-thumbnail-box\" >\n\t\t\t\t        <div class=\"ngg-gallery-thumbnail\">\n            <a href=\"https:\/\/www.teske-schwiede.de\/wp-content\/gallery\/voltairestr-3\/1550-01-ZAB-e-01_front_R03_1920x1280.jpg\"\n               title=\"Strassenfassade Voltairestr.3\"\n               data-src=\"https:\/\/www.teske-schwiede.de\/wp-content\/gallery\/voltairestr-3\/1550-01-ZAB-e-01_front_R03_1920x1280.jpg\"\n               data-thumbnail=\"https:\/\/www.teske-schwiede.de\/wp-content\/gallery\/voltairestr-3\/thumbs\/thumbs_1550-01-ZAB-e-01_front_R03_1920x1280.jpg\"\n               data-image-id=\"495\"\n               data-title=\"Strassenfassade Voltairestr.3\"\n               data-description=\"Strassenfassade Voltairestr.3\"\n               data-image-slug=\"1550-01-zab-e-01_front_r03_1920x1280-1\"\n               class=\"ngg-fancybox\" rel=\"1fb287aa9412c3a52d826d5563aee517\">\n                <img\n                    title=\"Strassenfassade Voltairestr.3\"\n                    alt=\"Strassenfassade Voltairestr.3\"\n                    src=\"https:\/\/www.teske-schwiede.de\/wp-content\/gallery\/voltairestr-3\/thumbs\/thumbs_1550-01-ZAB-e-01_front_R03_1920x1280.jpg\"\n                    width=\"120\"\n                    height=\"90\"\n                    style=\"max-width:100%;\"\n                \/>\n            <\/a>\n        <\/div>\n\t\t\t\t\t\t\t<\/div> \n\t\t\t\n        \n\t\t\t\t<div id=\"ngg-image-1\" class=\"ngg-gallery-thumbnail-box\" >\n\t\t\t\t        <div class=\"ngg-gallery-thumbnail\">\n            <a href=\"https:\/\/www.teske-schwiede.de\/wp-content\/gallery\/voltairestr-3\/1550-01-ZAB-e-02_hinterhof_R04_1920x1920.jpg\"\n               title=\"Hofassade\"\n               data-src=\"https:\/\/www.teske-schwiede.de\/wp-content\/gallery\/voltairestr-3\/1550-01-ZAB-e-02_hinterhof_R04_1920x1920.jpg\"\n               data-thumbnail=\"https:\/\/www.teske-schwiede.de\/wp-content\/gallery\/voltairestr-3\/thumbs\/thumbs_1550-01-ZAB-e-02_hinterhof_R04_1920x1920.jpg\"\n               data-image-id=\"496\"\n               data-title=\"Hofassade\"\n               data-description=\"Hofassade\"\n               data-image-slug=\"1550-01-zab-e-02_hinterhof_r04_1920x1920-1\"\n               class=\"ngg-fancybox\" rel=\"1fb287aa9412c3a52d826d5563aee517\">\n                <img\n                    title=\"Hofassade\"\n                    alt=\"Hofassade\"\n                    src=\"https:\/\/www.teske-schwiede.de\/wp-content\/gallery\/voltairestr-3\/thumbs\/thumbs_1550-01-ZAB-e-02_hinterhof_R04_1920x1920.jpg\"\n                    width=\"120\"\n                    height=\"90\"\n                    style=\"max-width:100%;\"\n                \/>\n            <\/a>\n        <\/div>\n\t\t\t\t\t\t\t<\/div> \n\t\t\t\n        \n\t\t\t\t<div id=\"ngg-image-2\" class=\"ngg-gallery-thumbnail-box\" >\n\t\t\t\t        <div class=\"ngg-gallery-thumbnail\">\n            <a href=\"https:\/\/www.teske-schwiede.de\/wp-content\/gallery\/voltairestr-3\/1550-01-ZAB-i-01_entre%CC%81e_R05_1920x1443.jpg\"\n               title=\"Eingangsbereich\/ Lobby\"\n               data-src=\"https:\/\/www.teske-schwiede.de\/wp-content\/gallery\/voltairestr-3\/1550-01-ZAB-i-01_entre%CC%81e_R05_1920x1443.jpg\"\n               data-thumbnail=\"https:\/\/www.teske-schwiede.de\/wp-content\/gallery\/voltairestr-3\/thumbs\/thumbs_1550-01-ZAB-i-01_entre%CC%81e_R05_1920x1443.jpg\"\n               data-image-id=\"497\"\n               data-title=\"Lobby\"\n               data-description=\"Eingangsbereich\/ Lobby\"\n               data-image-slug=\"1550-01-zab-i-01_entre%cc%81e_r05_1920x1443-1\"\n               class=\"ngg-fancybox\" rel=\"1fb287aa9412c3a52d826d5563aee517\">\n                <img\n                    title=\"Lobby\"\n                    alt=\"Lobby\"\n                    src=\"https:\/\/www.teske-schwiede.de\/wp-content\/gallery\/voltairestr-3\/thumbs\/thumbs_1550-01-ZAB-i-01_entre%CC%81e_R05_1920x1443.jpg\"\n                    width=\"120\"\n                    height=\"90\"\n                    style=\"max-width:100%;\"\n                \/>\n            <\/a>\n        <\/div>\n\t\t\t\t\t\t\t<\/div> \n\t\t\t\n        \n\t\t\t\t<div id=\"ngg-image-3\" class=\"ngg-gallery-thumbnail-box\" >\n\t\t\t\t        <div class=\"ngg-gallery-thumbnail\">\n            <a href=\"https:\/\/www.teske-schwiede.de\/wp-content\/gallery\/voltairestr-3\/MG_5257.jpg\"\n               title=\"Schlafzimmer Musterwohnung\"\n               data-src=\"https:\/\/www.teske-schwiede.de\/wp-content\/gallery\/voltairestr-3\/MG_5257.jpg\"\n               data-thumbnail=\"https:\/\/www.teske-schwiede.de\/wp-content\/gallery\/voltairestr-3\/thumbs\/thumbs_MG_5257.jpg\"\n               data-image-id=\"521\"\n               data-title=\"Schlafzimmer Musterwohnung\"\n               data-description=\"Schlafzimmer Musterwohnung\"\n               data-image-slug=\"_mg_5257-2\"\n               class=\"ngg-fancybox\" rel=\"1fb287aa9412c3a52d826d5563aee517\">\n                <img\n                    title=\"Schlafzimmer Musterwohnung\"\n                    alt=\"Schlafzimmer Musterwohnung\"\n                    src=\"https:\/\/www.teske-schwiede.de\/wp-content\/gallery\/voltairestr-3\/thumbs\/thumbs_MG_5257.jpg\"\n                    width=\"120\"\n                    height=\"90\"\n                    style=\"max-width:100%;\"\n                \/>\n            <\/a>\n        <\/div>\n\t\t\t\t\t\t\t<\/div> \n\t\t\t\n        \n\t\t\t\t<div id=\"ngg-image-4\" class=\"ngg-gallery-thumbnail-box\" >\n\t\t\t\t        <div class=\"ngg-gallery-thumbnail\">\n            <a href=\"https:\/\/www.teske-schwiede.de\/wp-content\/gallery\/voltairestr-3\/MG_5286.jpg\"\n               title=\"Wohnzimmer Musterwohnung\"\n               data-src=\"https:\/\/www.teske-schwiede.de\/wp-content\/gallery\/voltairestr-3\/MG_5286.jpg\"\n               data-thumbnail=\"https:\/\/www.teske-schwiede.de\/wp-content\/gallery\/voltairestr-3\/thumbs\/thumbs_MG_5286.jpg\"\n               data-image-id=\"522\"\n               data-title=\"Wohnzimmer Musterwohnung\"\n               data-description=\"Wohnzimmer Musterwohnung\"\n               data-image-slug=\"_mg_5286-2\"\n               class=\"ngg-fancybox\" rel=\"1fb287aa9412c3a52d826d5563aee517\">\n                <img\n                    title=\"Wohnzimmer Musterwohnung\"\n                    alt=\"Wohnzimmer Musterwohnung\"\n                    src=\"https:\/\/www.teske-schwiede.de\/wp-content\/gallery\/voltairestr-3\/thumbs\/thumbs_MG_5286.jpg\"\n                    width=\"120\"\n                    height=\"90\"\n                    style=\"max-width:100%;\"\n                \/>\n            <\/a>\n        <\/div>\n\t\t\t\t\t\t\t<\/div> \n\t\t\t\n        \n\t\t\t\t<div id=\"ngg-image-5\" class=\"ngg-gallery-thumbnail-box\" >\n\t\t\t\t        <div class=\"ngg-gallery-thumbnail\">\n            <a href=\"https:\/\/www.teske-schwiede.de\/wp-content\/gallery\/voltairestr-3\/MG_5302.jpg\"\n               title=\"Balkon Musterwohnung\"\n               data-src=\"https:\/\/www.teske-schwiede.de\/wp-content\/gallery\/voltairestr-3\/MG_5302.jpg\"\n               data-thumbnail=\"https:\/\/www.teske-schwiede.de\/wp-content\/gallery\/voltairestr-3\/thumbs\/thumbs_MG_5302.jpg\"\n               data-image-id=\"523\"\n               data-title=\"Balkon Musterwohnung\"\n               data-description=\"Balkon Musterwohnung\"\n               data-image-slug=\"_mg_5302-2\"\n               class=\"ngg-fancybox\" rel=\"1fb287aa9412c3a52d826d5563aee517\">\n                <img\n                    title=\"Balkon Musterwohnung\"\n                    alt=\"Balkon Musterwohnung\"\n                    src=\"https:\/\/www.teske-schwiede.de\/wp-content\/gallery\/voltairestr-3\/thumbs\/thumbs_MG_5302.jpg\"\n                    width=\"120\"\n                    height=\"90\"\n                    style=\"max-width:100%;\"\n                \/>\n            <\/a>\n        <\/div>\n\t\t\t\t\t\t\t<\/div> \n\t\t\t\n        \n\t\t\t\t<div id=\"ngg-image-6\" class=\"ngg-gallery-thumbnail-box\" >\n\t\t\t\t        <div class=\"ngg-gallery-thumbnail\">\n            <a href=\"https:\/\/www.teske-schwiede.de\/wp-content\/gallery\/voltairestr-3\/IMG_0494.jpg\"\n               title=\"Wohnzimmer Musterwohnung\"\n               data-src=\"https:\/\/www.teske-schwiede.de\/wp-content\/gallery\/voltairestr-3\/IMG_0494.jpg\"\n               data-thumbnail=\"https:\/\/www.teske-schwiede.de\/wp-content\/gallery\/voltairestr-3\/thumbs\/thumbs_IMG_0494.jpg\"\n               data-image-id=\"525\"\n               data-title=\"Wohnzimmer Musterwohnung\"\n               data-description=\"Wohnzimmer Musterwohnung\"\n               data-image-slug=\"img_0494-2\"\n               class=\"ngg-fancybox\" rel=\"1fb287aa9412c3a52d826d5563aee517\">\n                <img\n                    title=\"Wohnzimmer Musterwohnung\"\n                    alt=\"Wohnzimmer Musterwohnung\"\n                    src=\"https:\/\/www.teske-schwiede.de\/wp-content\/gallery\/voltairestr-3\/thumbs\/thumbs_IMG_0494.jpg\"\n                    width=\"120\"\n                    height=\"90\"\n                    style=\"max-width:100%;\"\n                \/>\n            <\/a>\n        <\/div>\n\t\t\t\t\t\t\t<\/div> \n\t\t\t\n        \n\t\t\t\t<div id=\"ngg-image-7\" class=\"ngg-gallery-thumbnail-box\" >\n\t\t\t\t        <div class=\"ngg-gallery-thumbnail\">\n            <a href=\"https:\/\/www.teske-schwiede.de\/wp-content\/gallery\/voltairestr-3\/IMG_0528.jpg\"\n               title=\"Esszimmer Musterwohnung\"\n               data-src=\"https:\/\/www.teske-schwiede.de\/wp-content\/gallery\/voltairestr-3\/IMG_0528.jpg\"\n               data-thumbnail=\"https:\/\/www.teske-schwiede.de\/wp-content\/gallery\/voltairestr-3\/thumbs\/thumbs_IMG_0528.jpg\"\n               data-image-id=\"527\"\n               data-title=\"Esszimmer Musterwohnung\"\n               data-description=\"Esszimmer Musterwohnung\"\n               data-image-slug=\"img_0528-2\"\n               class=\"ngg-fancybox\" rel=\"1fb287aa9412c3a52d826d5563aee517\">\n                <img\n                    title=\"Esszimmer Musterwohnung\"\n                    alt=\"Esszimmer Musterwohnung\"\n                    src=\"https:\/\/www.teske-schwiede.de\/wp-content\/gallery\/voltairestr-3\/thumbs\/thumbs_IMG_0528.jpg\"\n                    width=\"120\"\n                    height=\"90\"\n                    style=\"max-width:100%;\"\n                \/>\n            <\/a>\n        <\/div>\n\t\t\t\t\t\t\t<\/div> \n\t\t\t\n        \n\t\t\n\t\t<!-- Pagination -->\n\t<div class='ngg-clear'><\/div>\t<\/div>\n\n","protected":false},"excerpt":{"rendered":"<p>Voltairestr. 3, 10179 Berlin Mitte, Ausgef\u00fchrt: 2016 Fassaden- und Foyerumgestaltung, Innengestaltung einer ausgew\u00e4hlten Musterwohnung inklusive M\u00f6blierung. Unserer Leistungen waren hier: Ausf\u00fchrungsplanung und Bauleitung, LP 1-8<\/p>\n","protected":false},"author":1,"featured_media":0,"parent":44,"menu_order":0,"comment_status":"closed","ping_status":"closed","template":"","meta":{"ngg_post_thumbnail":0},"_links":{"self":[{"href":"https:\/\/www.teske-schwiede.de\/index.php?rest_route=\/wp\/v2\/pages\/1407"}],"collection":[{"href":"https:\/\/www.teske-schwiede.de\/index.php?rest_route=\/wp\/v2\/pages"}],"about":[{"href":"https:\/\/www.teske-schwiede.de\/index.php?rest_route=\/wp\/v2\/types\/page"}],"author":[{"embeddable":true,"href":"https:\/\/www.teske-schwiede.de\/index.php?rest_route=\/wp\/v2\/users\/1"}],"replies":[{"embeddable":true,"href":"https:\/\/www.teske-schwiede.de\/index.php?rest_route=%2Fwp%2Fv2%2Fcomments&post=1407"}],"version-history":[{"count":9,"href":"https:\/\/www.teske-schwiede.de\/index.php?rest_route=\/wp\/v2\/pages\/1407\/revisions"}],"predecessor-version":[{"id":2777,"href":"https:\/\/www.teske-schwiede.de\/index.php?rest_route=\/wp\/v2\/pages\/1407\/revisions\/2777"}],"up":[{"embeddable":true,"href":"https:\/\/www.teske-schwiede.de\/index.php?rest_route=\/wp\/v2\/pages\/44"}],"wp:attachment":[{"href":"https:\/\/www.teske-schwiede.de\/index.php?rest_route=%2Fwp%2Fv2%2Fmedia&parent=1407"}],"curies":[{"name":"wp","href":"https:\/\/api.w.org\/{rel}","templated":true}]}}