{"id":1675,"date":"2016-10-19T09:42:32","date_gmt":"2016-10-19T07:42:32","guid":{"rendered":"http:\/\/www.teske-schwiede.de\/?page_id=1675"},"modified":"2016-10-19T14:43:17","modified_gmt":"2016-10-19T12:43:17","slug":"bockmuehle-langerwisch","status":"publish","type":"page","link":"https:\/\/www.teske-schwiede.de\/?page_id=1675","title":{"rendered":"Bockm\u00fchle Langerwisch"},"content":{"rendered":"<p><strong>Bockm\u00fchle Langerwisch in 14552 Michendorf OT Langerwisch<\/strong>, Ausgef\u00fchrt: 1993<br \/>\nVerformungsgerechtes Aufma\u00df einer denkmalgesch\u00fctzten Bockm\u00fchle<\/p>\n<!-- index.php -->\n<div\n\tclass=\"ngg-galleryoverview ngg-ajax-pagination-none\"\n\tid=\"ngg-gallery-010fbc89e72ba2cf62a0f34da588229c-1\">\n\n    \t<div class=\"slideshowlink\">\n        <a href='https:\/\/www.teske-schwiede.de\/index.php\/nggallery\/slideshow?page_id=1675'>[Zeige eine Slideshow]<\/a>\n\t\t\n\t<\/div>\n\t\t\t<!-- Thumbnails -->\n\t\t\t\t<div id=\"ngg-image-0\" class=\"ngg-gallery-thumbnail-box\" >\n\t\t\t\t        <div class=\"ngg-gallery-thumbnail\">\n            <a href=\"https:\/\/www.teske-schwiede.de\/wp-content\/gallery\/bockmuehle-langerwisch\/Muehle_Langerwisch_Ansicht1.jpg\"\n               title=\"Seitenansicht Bestand\"\n               data-src=\"https:\/\/www.teske-schwiede.de\/wp-content\/gallery\/bockmuehle-langerwisch\/Muehle_Langerwisch_Ansicht1.jpg\"\n               data-thumbnail=\"https:\/\/www.teske-schwiede.de\/wp-content\/gallery\/bockmuehle-langerwisch\/thumbs\/thumbs_Muehle_Langerwisch_Ansicht1.jpg\"\n               data-image-id=\"325\"\n               data-title=\"Muehle_Langerwisch_Ansicht1\"\n               data-description=\"Seitenansicht Bestand\"\n               data-image-slug=\"muehle_langerwisch_ansicht1\"\n               class=\"ngg-fancybox\" rel=\"010fbc89e72ba2cf62a0f34da588229c\">\n                <img\n                    title=\"Muehle_Langerwisch_Ansicht1\"\n                    alt=\"Muehle_Langerwisch_Ansicht1\"\n                    src=\"https:\/\/www.teske-schwiede.de\/wp-content\/gallery\/bockmuehle-langerwisch\/thumbs\/thumbs_Muehle_Langerwisch_Ansicht1.jpg\"\n                    width=\"120\"\n                    height=\"90\"\n                    style=\"max-width:100%;\"\n                \/>\n            <\/a>\n        <\/div>\n\t\t\t\t\t\t\t<\/div> \n\t\t\t\n        \n\t\t\t\t<div id=\"ngg-image-1\" class=\"ngg-gallery-thumbnail-box\" >\n\t\t\t\t        <div class=\"ngg-gallery-thumbnail\">\n            <a href=\"https:\/\/www.teske-schwiede.de\/wp-content\/gallery\/bockmuehle-langerwisch\/Muehle_Langerwisch_Ansicht2.jpg\"\n               title=\"Seitenansicht Bestand\"\n               data-src=\"https:\/\/www.teske-schwiede.de\/wp-content\/gallery\/bockmuehle-langerwisch\/Muehle_Langerwisch_Ansicht2.jpg\"\n               data-thumbnail=\"https:\/\/www.teske-schwiede.de\/wp-content\/gallery\/bockmuehle-langerwisch\/thumbs\/thumbs_Muehle_Langerwisch_Ansicht2.jpg\"\n               data-image-id=\"326\"\n               data-title=\"Muehle_Langerwisch_Ansicht2\"\n               data-description=\"Seitenansicht Bestand\"\n               data-image-slug=\"muehle_langerwisch_ansicht2\"\n               class=\"ngg-fancybox\" rel=\"010fbc89e72ba2cf62a0f34da588229c\">\n                <img\n                    title=\"Muehle_Langerwisch_Ansicht2\"\n                    alt=\"Muehle_Langerwisch_Ansicht2\"\n                    src=\"https:\/\/www.teske-schwiede.de\/wp-content\/gallery\/bockmuehle-langerwisch\/thumbs\/thumbs_Muehle_Langerwisch_Ansicht2.jpg\"\n                    width=\"120\"\n                    height=\"90\"\n                    style=\"max-width:100%;\"\n                \/>\n            <\/a>\n        <\/div>\n\t\t\t\t\t\t\t<\/div> \n\t\t\t\n        \n\t\t\t\t<div id=\"ngg-image-2\" class=\"ngg-gallery-thumbnail-box\" >\n\t\t\t\t        <div class=\"ngg-gallery-thumbnail\">\n            <a href=\"https:\/\/www.teske-schwiede.de\/wp-content\/gallery\/bockmuehle-langerwisch\/Muehle_Langerwisch_Ansicht3.jpg\"\n               title=\"Frontalansicht Bestand\"\n               data-src=\"https:\/\/www.teske-schwiede.de\/wp-content\/gallery\/bockmuehle-langerwisch\/Muehle_Langerwisch_Ansicht3.jpg\"\n               data-thumbnail=\"https:\/\/www.teske-schwiede.de\/wp-content\/gallery\/bockmuehle-langerwisch\/thumbs\/thumbs_Muehle_Langerwisch_Ansicht3.jpg\"\n               data-image-id=\"327\"\n               data-title=\"Muehle_Langerwisch_Ansicht3\"\n               data-description=\"Frontalansicht Bestand\"\n               data-image-slug=\"muehle_langerwisch_ansicht3\"\n               class=\"ngg-fancybox\" rel=\"010fbc89e72ba2cf62a0f34da588229c\">\n                <img\n                    title=\"Muehle_Langerwisch_Ansicht3\"\n                    alt=\"Muehle_Langerwisch_Ansicht3\"\n                    src=\"https:\/\/www.teske-schwiede.de\/wp-content\/gallery\/bockmuehle-langerwisch\/thumbs\/thumbs_Muehle_Langerwisch_Ansicht3.jpg\"\n                    width=\"120\"\n                    height=\"90\"\n                    style=\"max-width:100%;\"\n                \/>\n            <\/a>\n        <\/div>\n\t\t\t\t\t\t\t<\/div> \n\t\t\t\n        \n\t\t\n\t\t<!-- Pagination -->\n\t<div class='ngg-clear'><\/div>\t<\/div>\n\n","protected":false},"excerpt":{"rendered":"<p>Bockm\u00fchle Langerwisch in 14552 Michendorf OT Langerwisch, Ausgef\u00fchrt: 1993 Verformungsgerechtes Aufma\u00df einer denkmalgesch\u00fctzten Bockm\u00fchle<\/p>\n","protected":false},"author":1,"featured_media":0,"parent":87,"menu_order":0,"comment_status":"closed","ping_status":"closed","template":"","meta":{"ngg_post_thumbnail":0},"_links":{"self":[{"href":"https:\/\/www.teske-schwiede.de\/index.php?rest_route=\/wp\/v2\/pages\/1675"}],"collection":[{"href":"https:\/\/www.teske-schwiede.de\/index.php?rest_route=\/wp\/v2\/pages"}],"about":[{"href":"https:\/\/www.teske-schwiede.de\/index.php?rest_route=\/wp\/v2\/types\/page"}],"author":[{"embeddable":true,"href":"https:\/\/www.teske-schwiede.de\/index.php?rest_route=\/wp\/v2\/users\/1"}],"replies":[{"embeddable":true,"href":"https:\/\/www.teske-schwiede.de\/index.php?rest_route=%2Fwp%2Fv2%2Fcomments&post=1675"}],"version-history":[{"count":3,"href":"https:\/\/www.teske-schwiede.de\/index.php?rest_route=\/wp\/v2\/pages\/1675\/revisions"}],"predecessor-version":[{"id":1685,"href":"https:\/\/www.teske-schwiede.de\/index.php?rest_route=\/wp\/v2\/pages\/1675\/revisions\/1685"}],"up":[{"embeddable":true,"href":"https:\/\/www.teske-schwiede.de\/index.php?rest_route=\/wp\/v2\/pages\/87"}],"wp:attachment":[{"href":"https:\/\/www.teske-schwiede.de\/index.php?rest_route=%2Fwp%2Fv2%2Fmedia&parent=1675"}],"curies":[{"name":"wp","href":"https:\/\/api.w.org\/{rel}","templated":true}]}}