{"id":1746,"date":"2016-10-26T12:03:00","date_gmt":"2016-10-26T10:03:00","guid":{"rendered":"http:\/\/www.teske-schwiede.de\/?page_id=1746"},"modified":"2017-01-04T13:17:12","modified_gmt":"2017-01-04T11:17:12","slug":"woehner-gmbhco-kg-produktionsbereiche","status":"publish","type":"page","link":"https:\/\/www.teske-schwiede.de\/?page_id=1746","title":{"rendered":"W\u00f6hner GmbH &#038; Co KG"},"content":{"rendered":"<p><strong>W\u00f6hner GmbH &amp; Co KG<\/strong>,<strong> 96472 R\u00f6dental Oberfranken<\/strong>, Ausgef\u00fchrt: 2002-2012 in mehreren Bauabschnitten<br \/>\nModernisierung der Produktions- Verwaltungs- und Sozialbereiche der W\u00f6hner GmbH &amp; Co KG.<br \/>\nLP 2,3,8 in Teilleistung, LP 6,7. F\u00fcr L\u00fcnz + Horter Ingenieurgesellschaft mbH, L\u00fcnz und L\u00fcnz Architekten Ingenieure<\/p>\n<p>F\u00fcr weitere Informationen zu diesem Projekt klicken Sie bitte <a href=\"http:\/\/www.teske-schwiede.de\/?page_id=1871\"><span style=\"text-decoration: underline;\">hier<\/span><\/a><br \/>\n<!-- index.php -->\n<div\n\tclass=\"ngg-galleryoverview ngg-ajax-pagination-none\"\n\tid=\"ngg-gallery-79426323138263460d273cb385779e6c-1\">\n\n    \t<div class=\"slideshowlink\">\n        <a href='https:\/\/www.teske-schwiede.de\/index.php\/nggallery\/slideshow?page_id=1746'>[Zeige eine Slideshow]<\/a>\n\t\t\n\t<\/div>\n\t\t\t<!-- Thumbnails -->\n\t\t\t\t<div id=\"ngg-image-0\" class=\"ngg-gallery-thumbnail-box\" >\n\t\t\t\t        <div class=\"ngg-gallery-thumbnail\">\n            <a href=\"https:\/\/www.teske-schwiede.de\/wp-content\/gallery\/woehner-produktionsbereiche\/Produktionshalle.jpg\"\n               title=\"modernisierte Produktionshalle\"\n               data-src=\"https:\/\/www.teske-schwiede.de\/wp-content\/gallery\/woehner-produktionsbereiche\/Produktionshalle.jpg\"\n               data-thumbnail=\"https:\/\/www.teske-schwiede.de\/wp-content\/gallery\/woehner-produktionsbereiche\/thumbs\/thumbs_Produktionshalle.jpg\"\n               data-image-id=\"334\"\n               data-title=\"Produktionshalle\"\n               data-description=\"modernisierte Produktionshalle\"\n               data-image-slug=\"produktionshalle\"\n               class=\"ngg-fancybox\" rel=\"79426323138263460d273cb385779e6c\">\n                <img\n                    title=\"Produktionshalle\"\n                    alt=\"Produktionshalle\"\n                    src=\"https:\/\/www.teske-schwiede.de\/wp-content\/gallery\/woehner-produktionsbereiche\/thumbs\/thumbs_Produktionshalle.jpg\"\n                    width=\"120\"\n                    height=\"90\"\n                    style=\"max-width:100%;\"\n                \/>\n            <\/a>\n        <\/div>\n\t\t\t\t\t\t\t<\/div> \n\t\t\t\n        \n\t\t\t\t<div id=\"ngg-image-1\" class=\"ngg-gallery-thumbnail-box\" >\n\t\t\t\t        <div class=\"ngg-gallery-thumbnail\">\n            <a href=\"https:\/\/www.teske-schwiede.de\/wp-content\/gallery\/woehner-produktionsbereiche\/W%C3%B6hner-Innen-W%C3%B6hner-R%C3%B6dental_01.jpg\"\n               title=\"\"\n               data-src=\"https:\/\/www.teske-schwiede.de\/wp-content\/gallery\/woehner-produktionsbereiche\/W%C3%B6hner-Innen-W%C3%B6hner-R%C3%B6dental_01.jpg\"\n               data-thumbnail=\"https:\/\/www.teske-schwiede.de\/wp-content\/gallery\/woehner-produktionsbereiche\/thumbs\/thumbs_W%C3%B6hner-Innen-W%C3%B6hner-R%C3%B6dental_01.jpg\"\n               data-image-id=\"358\"\n               data-title=\"W\u00f6hner-Innen-W\u00f6hner R\u00f6dental_01\"\n               data-description=\"\"\n               data-image-slug=\"w%c3%b6hner-innen-w%c3%b6hner-r%c3%b6dental_01-1\"\n               class=\"ngg-fancybox\" rel=\"79426323138263460d273cb385779e6c\">\n                <img\n                    title=\"W\u00f6hner-Innen-W\u00f6hner R\u00f6dental_01\"\n                    alt=\"W\u00f6hner-Innen-W\u00f6hner R\u00f6dental_01\"\n                    src=\"https:\/\/www.teske-schwiede.de\/wp-content\/gallery\/woehner-produktionsbereiche\/thumbs\/thumbs_W%C3%B6hner-Innen-W%C3%B6hner-R%C3%B6dental_01.jpg\"\n                    width=\"120\"\n                    height=\"90\"\n                    style=\"max-width:100%;\"\n                \/>\n            <\/a>\n        <\/div>\n\t\t\t\t\t\t\t<\/div> \n\t\t\t\n        \n\t\t\t\t<div id=\"ngg-image-2\" class=\"ngg-gallery-thumbnail-box\" >\n\t\t\t\t        <div class=\"ngg-gallery-thumbnail\">\n            <a href=\"https:\/\/www.teske-schwiede.de\/wp-content\/gallery\/woehner-produktionsbereiche\/W%C3%B6hner-Innen-W%C3%B6hner-R%C3%B6dental_02.jpg\"\n               title=\"\"\n               data-src=\"https:\/\/www.teske-schwiede.de\/wp-content\/gallery\/woehner-produktionsbereiche\/W%C3%B6hner-Innen-W%C3%B6hner-R%C3%B6dental_02.jpg\"\n               data-thumbnail=\"https:\/\/www.teske-schwiede.de\/wp-content\/gallery\/woehner-produktionsbereiche\/thumbs\/thumbs_W%C3%B6hner-Innen-W%C3%B6hner-R%C3%B6dental_02.jpg\"\n               data-image-id=\"359\"\n               data-title=\"W\u00f6hner-Innen-W\u00f6hner R\u00f6dental_02\"\n               data-description=\"\"\n               data-image-slug=\"w%c3%b6hner-innen-w%c3%b6hner-r%c3%b6dental_02-1\"\n               class=\"ngg-fancybox\" rel=\"79426323138263460d273cb385779e6c\">\n                <img\n                    title=\"W\u00f6hner-Innen-W\u00f6hner R\u00f6dental_02\"\n                    alt=\"W\u00f6hner-Innen-W\u00f6hner R\u00f6dental_02\"\n                    src=\"https:\/\/www.teske-schwiede.de\/wp-content\/gallery\/woehner-produktionsbereiche\/thumbs\/thumbs_W%C3%B6hner-Innen-W%C3%B6hner-R%C3%B6dental_02.jpg\"\n                    width=\"120\"\n                    height=\"90\"\n                    style=\"max-width:100%;\"\n                \/>\n            <\/a>\n        <\/div>\n\t\t\t\t\t\t\t<\/div> \n\t\t\t\n        \n\t\t\t\t<div id=\"ngg-image-3\" class=\"ngg-gallery-thumbnail-box\" >\n\t\t\t\t        <div class=\"ngg-gallery-thumbnail\">\n            <a href=\"https:\/\/www.teske-schwiede.de\/wp-content\/gallery\/woehner-produktionsbereiche\/W%C3%B6hner-Innen-W%C3%B6hner-R%C3%B6dental_03.jpg\"\n               title=\"\"\n               data-src=\"https:\/\/www.teske-schwiede.de\/wp-content\/gallery\/woehner-produktionsbereiche\/W%C3%B6hner-Innen-W%C3%B6hner-R%C3%B6dental_03.jpg\"\n               data-thumbnail=\"https:\/\/www.teske-schwiede.de\/wp-content\/gallery\/woehner-produktionsbereiche\/thumbs\/thumbs_W%C3%B6hner-Innen-W%C3%B6hner-R%C3%B6dental_03.jpg\"\n               data-image-id=\"360\"\n               data-title=\"W\u00f6hner-Innen-W\u00f6hner R\u00f6dental_03\"\n               data-description=\"\"\n               data-image-slug=\"w%c3%b6hner-innen-w%c3%b6hner-r%c3%b6dental_03-1\"\n               class=\"ngg-fancybox\" rel=\"79426323138263460d273cb385779e6c\">\n                <img\n                    title=\"W\u00f6hner-Innen-W\u00f6hner R\u00f6dental_03\"\n                    alt=\"W\u00f6hner-Innen-W\u00f6hner R\u00f6dental_03\"\n                    src=\"https:\/\/www.teske-schwiede.de\/wp-content\/gallery\/woehner-produktionsbereiche\/thumbs\/thumbs_W%C3%B6hner-Innen-W%C3%B6hner-R%C3%B6dental_03.jpg\"\n                    width=\"120\"\n                    height=\"90\"\n                    style=\"max-width:100%;\"\n                \/>\n            <\/a>\n        <\/div>\n\t\t\t\t\t\t\t<\/div> \n\t\t\t\n        \n\t\t\t\t<div id=\"ngg-image-4\" class=\"ngg-gallery-thumbnail-box\" >\n\t\t\t\t        <div class=\"ngg-gallery-thumbnail\">\n            <a href=\"https:\/\/www.teske-schwiede.de\/wp-content\/gallery\/woehner-produktionsbereiche\/W%C3%B6hner-Innen-W%C3%B6hner-R%C3%B6dental_04.jpg\"\n               title=\"\"\n               data-src=\"https:\/\/www.teske-schwiede.de\/wp-content\/gallery\/woehner-produktionsbereiche\/W%C3%B6hner-Innen-W%C3%B6hner-R%C3%B6dental_04.jpg\"\n               data-thumbnail=\"https:\/\/www.teske-schwiede.de\/wp-content\/gallery\/woehner-produktionsbereiche\/thumbs\/thumbs_W%C3%B6hner-Innen-W%C3%B6hner-R%C3%B6dental_04.jpg\"\n               data-image-id=\"361\"\n               data-title=\"W\u00f6hner-Innen-W\u00f6hner R\u00f6dental_04\"\n               data-description=\"\"\n               data-image-slug=\"w%c3%b6hner-innen-w%c3%b6hner-r%c3%b6dental_04-1\"\n               class=\"ngg-fancybox\" rel=\"79426323138263460d273cb385779e6c\">\n                <img\n                    title=\"W\u00f6hner-Innen-W\u00f6hner R\u00f6dental_04\"\n                    alt=\"W\u00f6hner-Innen-W\u00f6hner R\u00f6dental_04\"\n                    src=\"https:\/\/www.teske-schwiede.de\/wp-content\/gallery\/woehner-produktionsbereiche\/thumbs\/thumbs_W%C3%B6hner-Innen-W%C3%B6hner-R%C3%B6dental_04.jpg\"\n                    width=\"120\"\n                    height=\"90\"\n                    style=\"max-width:100%;\"\n                \/>\n            <\/a>\n        <\/div>\n\t\t\t\t\t\t\t<\/div> \n\t\t\t\n        \n\t\t\t\t<div id=\"ngg-image-5\" class=\"ngg-gallery-thumbnail-box\" >\n\t\t\t\t        <div class=\"ngg-gallery-thumbnail\">\n            <a href=\"https:\/\/www.teske-schwiede.de\/wp-content\/gallery\/woehner-produktionsbereiche\/W%C3%B6hner-Innen-W%C3%B6hner-R%C3%B6dental_05.jpg\"\n               title=\"\"\n               data-src=\"https:\/\/www.teske-schwiede.de\/wp-content\/gallery\/woehner-produktionsbereiche\/W%C3%B6hner-Innen-W%C3%B6hner-R%C3%B6dental_05.jpg\"\n               data-thumbnail=\"https:\/\/www.teske-schwiede.de\/wp-content\/gallery\/woehner-produktionsbereiche\/thumbs\/thumbs_W%C3%B6hner-Innen-W%C3%B6hner-R%C3%B6dental_05.jpg\"\n               data-image-id=\"362\"\n               data-title=\"W\u00f6hner-Innen-W\u00f6hner R\u00f6dental_05\"\n               data-description=\"\"\n               data-image-slug=\"w%c3%b6hner-innen-w%c3%b6hner-r%c3%b6dental_05-1\"\n               class=\"ngg-fancybox\" rel=\"79426323138263460d273cb385779e6c\">\n                <img\n                    title=\"W\u00f6hner-Innen-W\u00f6hner R\u00f6dental_05\"\n                    alt=\"W\u00f6hner-Innen-W\u00f6hner R\u00f6dental_05\"\n                    src=\"https:\/\/www.teske-schwiede.de\/wp-content\/gallery\/woehner-produktionsbereiche\/thumbs\/thumbs_W%C3%B6hner-Innen-W%C3%B6hner-R%C3%B6dental_05.jpg\"\n                    width=\"120\"\n                    height=\"90\"\n                    style=\"max-width:100%;\"\n                \/>\n            <\/a>\n        <\/div>\n\t\t\t\t\t\t\t<\/div> \n\t\t\t\n        \n\t\t\n\t\t<!-- Pagination -->\n\t<div class='ngg-clear'><\/div>\t<\/div>\n<\/p>\n","protected":false},"excerpt":{"rendered":"<p>W\u00f6hner GmbH &amp; Co KG, 96472 R\u00f6dental Oberfranken, Ausgef\u00fchrt: 2002-2012 in mehreren Bauabschnitten Modernisierung der Produktions- Verwaltungs- und Sozialbereiche der W\u00f6hner GmbH &amp; Co KG. LP 2,3,8 in Teilleistung, LP 6,7. F\u00fcr L\u00fcnz + Horter Ingenieurgesellschaft mbH, L\u00fcnz und L\u00fcnz Architekten Ingenieure F\u00fcr weitere Informationen zu diesem Projekt klicken Sie bitte hier<\/p>\n","protected":false},"author":1,"featured_media":0,"parent":51,"menu_order":0,"comment_status":"closed","ping_status":"closed","template":"","meta":{"ngg_post_thumbnail":0},"_links":{"self":[{"href":"https:\/\/www.teske-schwiede.de\/index.php?rest_route=\/wp\/v2\/pages\/1746"}],"collection":[{"href":"https:\/\/www.teske-schwiede.de\/index.php?rest_route=\/wp\/v2\/pages"}],"about":[{"href":"https:\/\/www.teske-schwiede.de\/index.php?rest_route=\/wp\/v2\/types\/page"}],"author":[{"embeddable":true,"href":"https:\/\/www.teske-schwiede.de\/index.php?rest_route=\/wp\/v2\/users\/1"}],"replies":[{"embeddable":true,"href":"https:\/\/www.teske-schwiede.de\/index.php?rest_route=%2Fwp%2Fv2%2Fcomments&post=1746"}],"version-history":[{"count":5,"href":"https:\/\/www.teske-schwiede.de\/index.php?rest_route=\/wp\/v2\/pages\/1746\/revisions"}],"predecessor-version":[{"id":2274,"href":"https:\/\/www.teske-schwiede.de\/index.php?rest_route=\/wp\/v2\/pages\/1746\/revisions\/2274"}],"up":[{"embeddable":true,"href":"https:\/\/www.teske-schwiede.de\/index.php?rest_route=\/wp\/v2\/pages\/51"}],"wp:attachment":[{"href":"https:\/\/www.teske-schwiede.de\/index.php?rest_route=%2Fwp%2Fv2%2Fmedia&parent=1746"}],"curies":[{"name":"wp","href":"https:\/\/api.w.org\/{rel}","templated":true}]}}