{"id":1786,"date":"2016-11-01T13:18:58","date_gmt":"2016-11-01T11:18:58","guid":{"rendered":"http:\/\/www.teske-schwiede.de\/?page_id=1786"},"modified":"2016-11-01T13:47:40","modified_gmt":"2016-11-01T11:47:40","slug":"hadlichstr-26","status":"publish","type":"page","link":"https:\/\/www.teske-schwiede.de\/?page_id=1786","title":{"rendered":"Hadlichstr. 26"},"content":{"rendered":"<p><strong>Hadlichstra\u00dfe 26 in 13187 Berlin Pankow<\/strong>, Ausgef\u00fchrt: 2003-2004<br \/>\nModernisierung +\u00a0Fassadensanierung und Abdichtung KG von 2 MFH sowie einem<br \/>\nGeb\u00e4ude mit 2 Wohneinheiten. LP 3,8 als Teilleistung, LP 6-7<br \/>\nF\u00fcr L\u00fcnz\u00a0+ Horter Ingenieurgesellschaft mbH<\/p>\n<!-- index.php -->\n<div\n\tclass=\"ngg-galleryoverview ngg-ajax-pagination-none\"\n\tid=\"ngg-gallery-a4538af96ca454c0e2672864b3e8f818-1\">\n\n    \t<div class=\"slideshowlink\">\n        <a href='https:\/\/www.teske-schwiede.de\/index.php\/nggallery\/slideshow?page_id=1786'>[Zeige eine Slideshow]<\/a>\n\t\t\n\t<\/div>\n\t\t\t<!-- Thumbnails -->\n\t\t\t\t<div id=\"ngg-image-0\" class=\"ngg-gallery-thumbnail-box\" >\n\t\t\t\t        <div class=\"ngg-gallery-thumbnail\">\n            <a href=\"https:\/\/www.teske-schwiede.de\/wp-content\/gallery\/hadlichstr-26\/fassaden_detail_hadl.jpg\"\n               title=\"Detail Fassade\"\n               data-src=\"https:\/\/www.teske-schwiede.de\/wp-content\/gallery\/hadlichstr-26\/fassaden_detail_hadl.jpg\"\n               data-thumbnail=\"https:\/\/www.teske-schwiede.de\/wp-content\/gallery\/hadlichstr-26\/thumbs\/thumbs_fassaden_detail_hadl.jpg\"\n               data-image-id=\"335\"\n               data-title=\"fassaden_detail_hadl\"\n               data-description=\"Detail Fassade\"\n               data-image-slug=\"fassaden_detail_hadl\"\n               class=\"ngg-fancybox\" rel=\"a4538af96ca454c0e2672864b3e8f818\">\n                <img\n                    title=\"fassaden_detail_hadl\"\n                    alt=\"fassaden_detail_hadl\"\n                    src=\"https:\/\/www.teske-schwiede.de\/wp-content\/gallery\/hadlichstr-26\/thumbs\/thumbs_fassaden_detail_hadl.jpg\"\n                    width=\"120\"\n                    height=\"90\"\n                    style=\"max-width:100%;\"\n                \/>\n            <\/a>\n        <\/div>\n\t\t\t\t\t\t\t<\/div> \n\t\t\t\n        \n\t\t\t\t<div id=\"ngg-image-1\" class=\"ngg-gallery-thumbnail-box\" >\n\t\t\t\t        <div class=\"ngg-gallery-thumbnail\">\n            <a href=\"https:\/\/www.teske-schwiede.de\/wp-content\/gallery\/hadlichstr-26\/Hofseite_hadl26.jpg\"\n               title=\"Hoffassade\"\n               data-src=\"https:\/\/www.teske-schwiede.de\/wp-content\/gallery\/hadlichstr-26\/Hofseite_hadl26.jpg\"\n               data-thumbnail=\"https:\/\/www.teske-schwiede.de\/wp-content\/gallery\/hadlichstr-26\/thumbs\/thumbs_Hofseite_hadl26.jpg\"\n               data-image-id=\"336\"\n               data-title=\"Hofseite_hadl26\"\n               data-description=\"Hoffassade\"\n               data-image-slug=\"hofseite_hadl26\"\n               class=\"ngg-fancybox\" rel=\"a4538af96ca454c0e2672864b3e8f818\">\n                <img\n                    title=\"Hofseite_hadl26\"\n                    alt=\"Hofseite_hadl26\"\n                    src=\"https:\/\/www.teske-schwiede.de\/wp-content\/gallery\/hadlichstr-26\/thumbs\/thumbs_Hofseite_hadl26.jpg\"\n                    width=\"120\"\n                    height=\"90\"\n                    style=\"max-width:100%;\"\n                \/>\n            <\/a>\n        <\/div>\n\t\t\t\t\t\t\t<\/div> \n\t\t\t\n        \n\t\t\t\t<div id=\"ngg-image-2\" class=\"ngg-gallery-thumbnail-box\" >\n\t\t\t\t        <div class=\"ngg-gallery-thumbnail\">\n            <a href=\"https:\/\/www.teske-schwiede.de\/wp-content\/gallery\/hadlichstr-26\/Strassenseite_hadl26.jpg\"\n               title=\"Stra\u00dfenfassade\"\n               data-src=\"https:\/\/www.teske-schwiede.de\/wp-content\/gallery\/hadlichstr-26\/Strassenseite_hadl26.jpg\"\n               data-thumbnail=\"https:\/\/www.teske-schwiede.de\/wp-content\/gallery\/hadlichstr-26\/thumbs\/thumbs_Strassenseite_hadl26.jpg\"\n               data-image-id=\"337\"\n               data-title=\"Strassenseite_hadl26\"\n               data-description=\"Stra\u00dfenfassade\"\n               data-image-slug=\"strassenseite_hadl26\"\n               class=\"ngg-fancybox\" rel=\"a4538af96ca454c0e2672864b3e8f818\">\n                <img\n                    title=\"Strassenseite_hadl26\"\n                    alt=\"Strassenseite_hadl26\"\n                    src=\"https:\/\/www.teske-schwiede.de\/wp-content\/gallery\/hadlichstr-26\/thumbs\/thumbs_Strassenseite_hadl26.jpg\"\n                    width=\"120\"\n                    height=\"90\"\n                    style=\"max-width:100%;\"\n                \/>\n            <\/a>\n        <\/div>\n\t\t\t\t\t\t\t<\/div> \n\t\t\t\n        \n\t\t\n\t\t<!-- Pagination -->\n\t<div class='ngg-clear'><\/div>\t<\/div>\n\n","protected":false},"excerpt":{"rendered":"<p>Hadlichstra\u00dfe 26 in 13187 Berlin Pankow, Ausgef\u00fchrt: 2003-2004 Modernisierung +\u00a0Fassadensanierung und Abdichtung KG von 2 MFH sowie einem Geb\u00e4ude mit 2 Wohneinheiten. LP 3,8 als Teilleistung, LP 6-7 F\u00fcr L\u00fcnz\u00a0+ Horter Ingenieurgesellschaft mbH<\/p>\n","protected":false},"author":1,"featured_media":0,"parent":44,"menu_order":0,"comment_status":"closed","ping_status":"closed","template":"","meta":{"ngg_post_thumbnail":0},"_links":{"self":[{"href":"https:\/\/www.teske-schwiede.de\/index.php?rest_route=\/wp\/v2\/pages\/1786"}],"collection":[{"href":"https:\/\/www.teske-schwiede.de\/index.php?rest_route=\/wp\/v2\/pages"}],"about":[{"href":"https:\/\/www.teske-schwiede.de\/index.php?rest_route=\/wp\/v2\/types\/page"}],"author":[{"embeddable":true,"href":"https:\/\/www.teske-schwiede.de\/index.php?rest_route=\/wp\/v2\/users\/1"}],"replies":[{"embeddable":true,"href":"https:\/\/www.teske-schwiede.de\/index.php?rest_route=%2Fwp%2Fv2%2Fcomments&post=1786"}],"version-history":[{"count":3,"href":"https:\/\/www.teske-schwiede.de\/index.php?rest_route=\/wp\/v2\/pages\/1786\/revisions"}],"predecessor-version":[{"id":1791,"href":"https:\/\/www.teske-schwiede.de\/index.php?rest_route=\/wp\/v2\/pages\/1786\/revisions\/1791"}],"up":[{"embeddable":true,"href":"https:\/\/www.teske-schwiede.de\/index.php?rest_route=\/wp\/v2\/pages\/44"}],"wp:attachment":[{"href":"https:\/\/www.teske-schwiede.de\/index.php?rest_route=%2Fwp%2Fv2%2Fmedia&parent=1786"}],"curies":[{"name":"wp","href":"https:\/\/api.w.org\/{rel}","templated":true}]}}