{"id":1802,"date":"2016-11-02T13:20:02","date_gmt":"2016-11-02T11:20:02","guid":{"rendered":"http:\/\/www.teske-schwiede.de\/?page_id=1802"},"modified":"2017-01-04T11:53:42","modified_gmt":"2017-01-04T09:53:42","slug":"schloss-muenchehofe","status":"publish","type":"page","link":"https:\/\/www.teske-schwiede.de\/?page_id=1802","title":{"rendered":"Herrenhaus M\u00fcnchehofe"},"content":{"rendered":"<p><strong>Herrenhaus M\u00fcnchehofe in 15748 M\u00fcnchehofe\/ Brandenburg<\/strong>, Ausgef\u00fchrt: derzeit in Bearbeitung<br \/>\nSanierungsplanungen, Vorplanungen f\u00fcr F\u00f6rdermittelantr\u00e4ge, Notsicherung zur Substanzerhaltung<\/p>\n<p>F\u00fcr weitergehende Informationen klicken Sie bitte <a href=\"http:\/\/www.teske-schwiede.de\/?page_id=1934\"><span style=\"text-decoration: underline;\">hier<\/span><\/a><\/p>\n<!-- index.php -->\n<div\n\tclass=\"ngg-galleryoverview ngg-ajax-pagination-none\"\n\tid=\"ngg-gallery-757c96006f96be2f602d8131a1aa066e-1\">\n\n    \t<div class=\"slideshowlink\">\n        <a href='https:\/\/www.teske-schwiede.de\/index.php\/nggallery\/slideshow?page_id=1802'>[Zeige eine Slideshow]<\/a>\n\t\t\n\t<\/div>\n\t\t\t<!-- Thumbnails -->\n\t\t\t\t<div id=\"ngg-image-0\" class=\"ngg-gallery-thumbnail-box\" >\n\t\t\t\t        <div class=\"ngg-gallery-thumbnail\">\n            <a href=\"https:\/\/www.teske-schwiede.de\/wp-content\/gallery\/schloss-muenchehofe\/herrenhaus_05.jpg\"\n               title=\"S\u00fcdfassade vor Ma\u00dfnahme\"\n               data-src=\"https:\/\/www.teske-schwiede.de\/wp-content\/gallery\/schloss-muenchehofe\/herrenhaus_05.jpg\"\n               data-thumbnail=\"https:\/\/www.teske-schwiede.de\/wp-content\/gallery\/schloss-muenchehofe\/thumbs\/thumbs_herrenhaus_05.jpg\"\n               data-image-id=\"338\"\n               data-title=\"Herrenhaus\"\n               data-description=\"S\u00fcdfassade vor Ma\u00dfnahme\"\n               data-image-slug=\"herrenhaus_05\"\n               class=\"ngg-fancybox\" rel=\"757c96006f96be2f602d8131a1aa066e\">\n                <img\n                    title=\"Herrenhaus\"\n                    alt=\"Herrenhaus\"\n                    src=\"https:\/\/www.teske-schwiede.de\/wp-content\/gallery\/schloss-muenchehofe\/thumbs\/thumbs_herrenhaus_05.jpg\"\n                    width=\"120\"\n                    height=\"90\"\n                    style=\"max-width:100%;\"\n                \/>\n            <\/a>\n        <\/div>\n\t\t\t\t\t\t\t<\/div> \n\t\t\t\n        \n\t\t\t\t<div id=\"ngg-image-1\" class=\"ngg-gallery-thumbnail-box\" >\n\t\t\t\t        <div class=\"ngg-gallery-thumbnail\">\n            <a href=\"https:\/\/www.teske-schwiede.de\/wp-content\/gallery\/schloss-muenchehofe\/Ansicht-nach-Ma%C3%9Fnahme.jpg\"\n               title=\"Ansicht nach Ma\u00dfnahme\"\n               data-src=\"https:\/\/www.teske-schwiede.de\/wp-content\/gallery\/schloss-muenchehofe\/Ansicht-nach-Ma%C3%9Fnahme.jpg\"\n               data-thumbnail=\"https:\/\/www.teske-schwiede.de\/wp-content\/gallery\/schloss-muenchehofe\/thumbs\/thumbs_Ansicht-nach-Ma%C3%9Fnahme.jpg\"\n               data-image-id=\"339\"\n               data-title=\"Ansicht nach Ma\u00dfnahme\"\n               data-description=\"Ansicht nach Ma\u00dfnahme\"\n               data-image-slug=\"ansicht-nach-ma%c3%9fnahme-1\"\n               class=\"ngg-fancybox\" rel=\"757c96006f96be2f602d8131a1aa066e\">\n                <img\n                    title=\"Ansicht nach Ma\u00dfnahme\"\n                    alt=\"Ansicht nach Ma\u00dfnahme\"\n                    src=\"https:\/\/www.teske-schwiede.de\/wp-content\/gallery\/schloss-muenchehofe\/thumbs\/thumbs_Ansicht-nach-Ma%C3%9Fnahme.jpg\"\n                    width=\"120\"\n                    height=\"90\"\n                    style=\"max-width:100%;\"\n                \/>\n            <\/a>\n        <\/div>\n\t\t\t\t\t\t\t<\/div> \n\t\t\t\n        \n\t\t\t\t<div id=\"ngg-image-2\" class=\"ngg-gallery-thumbnail-box\" >\n\t\t\t\t        <div class=\"ngg-gallery-thumbnail\">\n            <a href=\"https:\/\/www.teske-schwiede.de\/wp-content\/gallery\/schloss-muenchehofe\/Schornsteine-neu.jpg\"\n               title=\"Schornsteine neu aufgemauert\"\n               data-src=\"https:\/\/www.teske-schwiede.de\/wp-content\/gallery\/schloss-muenchehofe\/Schornsteine-neu.jpg\"\n               data-thumbnail=\"https:\/\/www.teske-schwiede.de\/wp-content\/gallery\/schloss-muenchehofe\/thumbs\/thumbs_Schornsteine-neu.jpg\"\n               data-image-id=\"340\"\n               data-title=\"Schornsteine-neu\"\n               data-description=\"Schornsteine neu aufgemauert\"\n               data-image-slug=\"schornsteine-neu\"\n               class=\"ngg-fancybox\" rel=\"757c96006f96be2f602d8131a1aa066e\">\n                <img\n                    title=\"Schornsteine-neu\"\n                    alt=\"Schornsteine-neu\"\n                    src=\"https:\/\/www.teske-schwiede.de\/wp-content\/gallery\/schloss-muenchehofe\/thumbs\/thumbs_Schornsteine-neu.jpg\"\n                    width=\"120\"\n                    height=\"90\"\n                    style=\"max-width:100%;\"\n                \/>\n            <\/a>\n        <\/div>\n\t\t\t\t\t\t\t<\/div> \n\t\t\t\n        \n\t\t\t\t<div id=\"ngg-image-3\" class=\"ngg-gallery-thumbnail-box\" >\n\t\t\t\t        <div class=\"ngg-gallery-thumbnail\">\n            <a href=\"https:\/\/www.teske-schwiede.de\/wp-content\/gallery\/schloss-muenchehofe\/Schornstein-west.jpg\"\n               title=\"Schornstein-Westgiebel\"\n               data-src=\"https:\/\/www.teske-schwiede.de\/wp-content\/gallery\/schloss-muenchehofe\/Schornstein-west.jpg\"\n               data-thumbnail=\"https:\/\/www.teske-schwiede.de\/wp-content\/gallery\/schloss-muenchehofe\/thumbs\/thumbs_Schornstein-west.jpg\"\n               data-image-id=\"341\"\n               data-title=\"Schornstein-west\"\n               data-description=\"Schornstein-Westgiebel\"\n               data-image-slug=\"schornstein-west\"\n               class=\"ngg-fancybox\" rel=\"757c96006f96be2f602d8131a1aa066e\">\n                <img\n                    title=\"Schornstein-west\"\n                    alt=\"Schornstein-west\"\n                    src=\"https:\/\/www.teske-schwiede.de\/wp-content\/gallery\/schloss-muenchehofe\/thumbs\/thumbs_Schornstein-west.jpg\"\n                    width=\"120\"\n                    height=\"90\"\n                    style=\"max-width:100%;\"\n                \/>\n            <\/a>\n        <\/div>\n\t\t\t\t\t\t\t<\/div> \n\t\t\t\n        \n\t\t\t\t<div id=\"ngg-image-4\" class=\"ngg-gallery-thumbnail-box\" >\n\t\t\t\t        <div class=\"ngg-gallery-thumbnail\">\n            <a href=\"https:\/\/www.teske-schwiede.de\/wp-content\/gallery\/schloss-muenchehofe\/Achse-1_OG.jpg\"\n               title=\"Ansicht T\u00fcr-Achse 1.OG\"\n               data-src=\"https:\/\/www.teske-schwiede.de\/wp-content\/gallery\/schloss-muenchehofe\/Achse-1_OG.jpg\"\n               data-thumbnail=\"https:\/\/www.teske-schwiede.de\/wp-content\/gallery\/schloss-muenchehofe\/thumbs\/thumbs_Achse-1_OG.jpg\"\n               data-image-id=\"363\"\n               data-title=\"Achse-1_OG\"\n               data-description=\"Ansicht T\u00fcr-Achse 1.OG\"\n               data-image-slug=\"achse-1_og\"\n               class=\"ngg-fancybox\" rel=\"757c96006f96be2f602d8131a1aa066e\">\n                <img\n                    title=\"Achse-1_OG\"\n                    alt=\"Achse-1_OG\"\n                    src=\"https:\/\/www.teske-schwiede.de\/wp-content\/gallery\/schloss-muenchehofe\/thumbs\/thumbs_Achse-1_OG.jpg\"\n                    width=\"120\"\n                    height=\"90\"\n                    style=\"max-width:100%;\"\n                \/>\n            <\/a>\n        <\/div>\n\t\t\t\t\t\t\t<\/div> \n\t\t\t\n        \n\t\t\t\t<div id=\"ngg-image-5\" class=\"ngg-gallery-thumbnail-box\" >\n\t\t\t\t        <div class=\"ngg-gallery-thumbnail\">\n            <a href=\"https:\/\/www.teske-schwiede.de\/wp-content\/gallery\/schloss-muenchehofe\/Achse_EG.jpg\"\n               title=\"Ansicht  T\u00fcr-Achse EG\"\n               data-src=\"https:\/\/www.teske-schwiede.de\/wp-content\/gallery\/schloss-muenchehofe\/Achse_EG.jpg\"\n               data-thumbnail=\"https:\/\/www.teske-schwiede.de\/wp-content\/gallery\/schloss-muenchehofe\/thumbs\/thumbs_Achse_EG.jpg\"\n               data-image-id=\"364\"\n               data-title=\"Achse_EG\"\n               data-description=\"Ansicht  T\u00fcr-Achse EG\"\n               data-image-slug=\"achse_eg\"\n               class=\"ngg-fancybox\" rel=\"757c96006f96be2f602d8131a1aa066e\">\n                <img\n                    title=\"Achse_EG\"\n                    alt=\"Achse_EG\"\n                    src=\"https:\/\/www.teske-schwiede.de\/wp-content\/gallery\/schloss-muenchehofe\/thumbs\/thumbs_Achse_EG.jpg\"\n                    width=\"120\"\n                    height=\"90\"\n                    style=\"max-width:100%;\"\n                \/>\n            <\/a>\n        <\/div>\n\t\t\t\t\t\t\t<\/div> \n\t\t\t\n        \n\t\t\t\t<div id=\"ngg-image-6\" class=\"ngg-gallery-thumbnail-box\" >\n\t\t\t\t        <div class=\"ngg-gallery-thumbnail\">\n            <a href=\"https:\/\/www.teske-schwiede.de\/wp-content\/gallery\/schloss-muenchehofe\/detail_Kamin_bad.jpg\"\n               title=\"Detail Kamin ehemaliges Bad\"\n               data-src=\"https:\/\/www.teske-schwiede.de\/wp-content\/gallery\/schloss-muenchehofe\/detail_Kamin_bad.jpg\"\n               data-thumbnail=\"https:\/\/www.teske-schwiede.de\/wp-content\/gallery\/schloss-muenchehofe\/thumbs\/thumbs_detail_Kamin_bad.jpg\"\n               data-image-id=\"367\"\n               data-title=\"detail_Kamin_bad\"\n               data-description=\"Detail Kamin ehemaliges Bad\"\n               data-image-slug=\"detail_kamin_bad\"\n               class=\"ngg-fancybox\" rel=\"757c96006f96be2f602d8131a1aa066e\">\n                <img\n                    title=\"detail_Kamin_bad\"\n                    alt=\"detail_Kamin_bad\"\n                    src=\"https:\/\/www.teske-schwiede.de\/wp-content\/gallery\/schloss-muenchehofe\/thumbs\/thumbs_detail_Kamin_bad.jpg\"\n                    width=\"120\"\n                    height=\"90\"\n                    style=\"max-width:100%;\"\n                \/>\n            <\/a>\n        <\/div>\n\t\t\t\t\t\t\t<\/div> \n\t\t\t\n        \n\t\t\t\t<div id=\"ngg-image-7\" class=\"ngg-gallery-thumbnail-box\" >\n\t\t\t\t        <div class=\"ngg-gallery-thumbnail\">\n            <a href=\"https:\/\/www.teske-schwiede.de\/wp-content\/gallery\/schloss-muenchehofe\/Blick_auf_Aufgang.jpg\"\n               title=\"Blick auf Aufgang zu Obergeschoss\"\n               data-src=\"https:\/\/www.teske-schwiede.de\/wp-content\/gallery\/schloss-muenchehofe\/Blick_auf_Aufgang.jpg\"\n               data-thumbnail=\"https:\/\/www.teske-schwiede.de\/wp-content\/gallery\/schloss-muenchehofe\/thumbs\/thumbs_Blick_auf_Aufgang.jpg\"\n               data-image-id=\"366\"\n               data-title=\"Blick_auf_Aufgang\"\n               data-description=\"Blick auf Aufgang zu Obergeschoss\"\n               data-image-slug=\"blick_auf_aufgang\"\n               class=\"ngg-fancybox\" rel=\"757c96006f96be2f602d8131a1aa066e\">\n                <img\n                    title=\"Blick_auf_Aufgang\"\n                    alt=\"Blick_auf_Aufgang\"\n                    src=\"https:\/\/www.teske-schwiede.de\/wp-content\/gallery\/schloss-muenchehofe\/thumbs\/thumbs_Blick_auf_Aufgang.jpg\"\n                    width=\"120\"\n                    height=\"90\"\n                    style=\"max-width:100%;\"\n                \/>\n            <\/a>\n        <\/div>\n\t\t\t\t\t\t\t<\/div> \n\t\t\t\n        \n\t\t\t\t<div id=\"ngg-image-8\" class=\"ngg-gallery-thumbnail-box\" >\n\t\t\t\t        <div class=\"ngg-gallery-thumbnail\">\n            <a href=\"https:\/\/www.teske-schwiede.de\/wp-content\/gallery\/schloss-muenchehofe\/Detail_Kapitell.jpg\"\n               title=\"Detail Kapitell in der Kapelle\"\n               data-src=\"https:\/\/www.teske-schwiede.de\/wp-content\/gallery\/schloss-muenchehofe\/Detail_Kapitell.jpg\"\n               data-thumbnail=\"https:\/\/www.teske-schwiede.de\/wp-content\/gallery\/schloss-muenchehofe\/thumbs\/thumbs_Detail_Kapitell.jpg\"\n               data-image-id=\"368\"\n               data-title=\"Detail_Kapitell\"\n               data-description=\"Detail Kapitell in der Kapelle\"\n               data-image-slug=\"detail_kapitell\"\n               class=\"ngg-fancybox\" rel=\"757c96006f96be2f602d8131a1aa066e\">\n                <img\n                    title=\"Detail_Kapitell\"\n                    alt=\"Detail_Kapitell\"\n                    src=\"https:\/\/www.teske-schwiede.de\/wp-content\/gallery\/schloss-muenchehofe\/thumbs\/thumbs_Detail_Kapitell.jpg\"\n                    width=\"120\"\n                    height=\"90\"\n                    style=\"max-width:100%;\"\n                \/>\n            <\/a>\n        <\/div>\n\t\t\t\t\t\t\t<\/div> \n\t\t\t\n        \n\t\t\t\t<div id=\"ngg-image-9\" class=\"ngg-gallery-thumbnail-box\" >\n\t\t\t\t        <div class=\"ngg-gallery-thumbnail\">\n            <a href=\"https:\/\/www.teske-schwiede.de\/wp-content\/gallery\/schloss-muenchehofe\/Kreuzrippengew%C3%B6lbe.jpg\"\n               title=\"Blick auf Kreuzrippengew\u00f6lbe in der Kapelle\"\n               data-src=\"https:\/\/www.teske-schwiede.de\/wp-content\/gallery\/schloss-muenchehofe\/Kreuzrippengew%C3%B6lbe.jpg\"\n               data-thumbnail=\"https:\/\/www.teske-schwiede.de\/wp-content\/gallery\/schloss-muenchehofe\/thumbs\/thumbs_Kreuzrippengew%C3%B6lbe.jpg\"\n               data-image-id=\"370\"\n               data-title=\"Kreuzrippengew\u00f6lbe\"\n               data-description=\"Blick auf Kreuzrippengew\u00f6lbe in der Kapelle\"\n               data-image-slug=\"kreuzrippengew%c3%b6lbe-1\"\n               class=\"ngg-fancybox\" rel=\"757c96006f96be2f602d8131a1aa066e\">\n                <img\n                    title=\"Kreuzrippengew\u00f6lbe\"\n                    alt=\"Kreuzrippengew\u00f6lbe\"\n                    src=\"https:\/\/www.teske-schwiede.de\/wp-content\/gallery\/schloss-muenchehofe\/thumbs\/thumbs_Kreuzrippengew%C3%B6lbe.jpg\"\n                    width=\"120\"\n                    height=\"90\"\n                    style=\"max-width:100%;\"\n                \/>\n            <\/a>\n        <\/div>\n\t\t\t\t\t\t\t<\/div> \n\t\t\t\n        \n\t\t\n\t\t<!-- Pagination -->\n\t<div class='ngg-clear'><\/div>\t<\/div>\n\n","protected":false},"excerpt":{"rendered":"<p>Herrenhaus M\u00fcnchehofe in 15748 M\u00fcnchehofe\/ Brandenburg, Ausgef\u00fchrt: derzeit in Bearbeitung Sanierungsplanungen, Vorplanungen f\u00fcr F\u00f6rdermittelantr\u00e4ge, Notsicherung zur Substanzerhaltung F\u00fcr weitergehende Informationen klicken Sie bitte hier<\/p>\n","protected":false},"author":1,"featured_media":0,"parent":87,"menu_order":0,"comment_status":"closed","ping_status":"closed","template":"","meta":{"ngg_post_thumbnail":0},"_links":{"self":[{"href":"https:\/\/www.teske-schwiede.de\/index.php?rest_route=\/wp\/v2\/pages\/1802"}],"collection":[{"href":"https:\/\/www.teske-schwiede.de\/index.php?rest_route=\/wp\/v2\/pages"}],"about":[{"href":"https:\/\/www.teske-schwiede.de\/index.php?rest_route=\/wp\/v2\/types\/page"}],"author":[{"embeddable":true,"href":"https:\/\/www.teske-schwiede.de\/index.php?rest_route=\/wp\/v2\/users\/1"}],"replies":[{"embeddable":true,"href":"https:\/\/www.teske-schwiede.de\/index.php?rest_route=%2Fwp%2Fv2%2Fcomments&post=1802"}],"version-history":[{"count":5,"href":"https:\/\/www.teske-schwiede.de\/index.php?rest_route=\/wp\/v2\/pages\/1802\/revisions"}],"predecessor-version":[{"id":2258,"href":"https:\/\/www.teske-schwiede.de\/index.php?rest_route=\/wp\/v2\/pages\/1802\/revisions\/2258"}],"up":[{"embeddable":true,"href":"https:\/\/www.teske-schwiede.de\/index.php?rest_route=\/wp\/v2\/pages\/87"}],"wp:attachment":[{"href":"https:\/\/www.teske-schwiede.de\/index.php?rest_route=%2Fwp%2Fv2%2Fmedia&parent=1802"}],"curies":[{"name":"wp","href":"https:\/\/api.w.org\/{rel}","templated":true}]}}