{"id":1969,"date":"2016-11-08T11:20:45","date_gmt":"2016-11-08T09:20:45","guid":{"rendered":"http:\/\/www.teske-schwiede.de\/?page_id=1969"},"modified":"2017-01-04T13:10:36","modified_gmt":"2017-01-04T11:10:36","slug":"martin-qs-bueros","status":"publish","type":"page","link":"https:\/\/www.teske-schwiede.de\/?page_id=1969","title":{"rendered":"Martin QS B\u00fcros"},"content":{"rendered":"<p><strong>Martin Metallverarbeitung in 96234 Ebersdorf<\/strong>, Ausgef\u00fchrt: 2012<br \/>\nEinbau von Qualit\u00e4t-Sicherungsb\u00fcros in eine bestehende Werkhalle.<br \/>\nLP 2,3,8 in Teilleistung, LP 6,7. F\u00fcr L\u00fcnz und L\u00fcnz Architekten Ingenieure<\/p>\n<p>F\u00fcr weitere Informationen zu diesem Projekt klicken Sie bitte <a href=\"http:\/\/www.teske-schwiede.de\/?page_id=2001\"><span style=\"text-decoration: underline;\">hier<\/span><\/a><\/p>\n<!-- index.php -->\n<div\n\tclass=\"ngg-galleryoverview ngg-ajax-pagination-none\"\n\tid=\"ngg-gallery-1f78d15001a320b793ada62866f6e645-1\">\n\n    \t<div class=\"slideshowlink\">\n        <a href='https:\/\/www.teske-schwiede.de\/index.php\/nggallery\/slideshow?page_id=1969'>[Zeige eine Slideshow]<\/a>\n\t\t\n\t<\/div>\n\t\t\t<!-- Thumbnails -->\n\t\t\t\t<div id=\"ngg-image-0\" class=\"ngg-gallery-thumbnail-box\" >\n\t\t\t\t        <div class=\"ngg-gallery-thumbnail\">\n            <a href=\"https:\/\/www.teske-schwiede.de\/wp-content\/gallery\/martin-qs-bueros\/M_KGS_Wzb_QS_1.jpg\"\n               title=\"Blick auf Galerie\"\n               data-src=\"https:\/\/www.teske-schwiede.de\/wp-content\/gallery\/martin-qs-bueros\/M_KGS_Wzb_QS_1.jpg\"\n               data-thumbnail=\"https:\/\/www.teske-schwiede.de\/wp-content\/gallery\/martin-qs-bueros\/thumbs\/thumbs_M_KGS_Wzb_QS_1.jpg\"\n               data-image-id=\"386\"\n               data-title=\"M_KGS_Wzb_QS_1\"\n               data-description=\"Blick auf Galerie\"\n               data-image-slug=\"m_kgs_wzb_qs_1\"\n               class=\"ngg-fancybox\" rel=\"1f78d15001a320b793ada62866f6e645\">\n                <img\n                    title=\"M_KGS_Wzb_QS_1\"\n                    alt=\"M_KGS_Wzb_QS_1\"\n                    src=\"https:\/\/www.teske-schwiede.de\/wp-content\/gallery\/martin-qs-bueros\/thumbs\/thumbs_M_KGS_Wzb_QS_1.jpg\"\n                    width=\"120\"\n                    height=\"90\"\n                    style=\"max-width:100%;\"\n                \/>\n            <\/a>\n        <\/div>\n\t\t\t\t\t\t\t<\/div> \n\t\t\t\n        \n\t\t\t\t<div id=\"ngg-image-1\" class=\"ngg-gallery-thumbnail-box\" >\n\t\t\t\t        <div class=\"ngg-gallery-thumbnail\">\n            <a href=\"https:\/\/www.teske-schwiede.de\/wp-content\/gallery\/martin-qs-bueros\/M_KGS_Wzb_QS_2.jpg\"\n               title=\"Blick auf QS B\u00fcros\"\n               data-src=\"https:\/\/www.teske-schwiede.de\/wp-content\/gallery\/martin-qs-bueros\/M_KGS_Wzb_QS_2.jpg\"\n               data-thumbnail=\"https:\/\/www.teske-schwiede.de\/wp-content\/gallery\/martin-qs-bueros\/thumbs\/thumbs_M_KGS_Wzb_QS_2.jpg\"\n               data-image-id=\"387\"\n               data-title=\"M_KGS_Wzb_QS_2\"\n               data-description=\"Blick auf QS B\u00fcros\"\n               data-image-slug=\"m_kgs_wzb_qs_2\"\n               class=\"ngg-fancybox\" rel=\"1f78d15001a320b793ada62866f6e645\">\n                <img\n                    title=\"M_KGS_Wzb_QS_2\"\n                    alt=\"M_KGS_Wzb_QS_2\"\n                    src=\"https:\/\/www.teske-schwiede.de\/wp-content\/gallery\/martin-qs-bueros\/thumbs\/thumbs_M_KGS_Wzb_QS_2.jpg\"\n                    width=\"120\"\n                    height=\"90\"\n                    style=\"max-width:100%;\"\n                \/>\n            <\/a>\n        <\/div>\n\t\t\t\t\t\t\t<\/div> \n\t\t\t\n        \n\t\t\n\t\t<!-- Pagination -->\n\t<div class='ngg-clear'><\/div>\t<\/div>\n\n","protected":false},"excerpt":{"rendered":"<p>Martin Metallverarbeitung in 96234 Ebersdorf, Ausgef\u00fchrt: 2012 Einbau von Qualit\u00e4t-Sicherungsb\u00fcros in eine bestehende Werkhalle. LP 2,3,8 in Teilleistung, LP 6,7. F\u00fcr L\u00fcnz und L\u00fcnz Architekten Ingenieure F\u00fcr weitere Informationen zu diesem Projekt klicken Sie bitte hier<\/p>\n","protected":false},"author":1,"featured_media":0,"parent":131,"menu_order":0,"comment_status":"closed","ping_status":"closed","template":"","meta":{"ngg_post_thumbnail":0},"_links":{"self":[{"href":"https:\/\/www.teske-schwiede.de\/index.php?rest_route=\/wp\/v2\/pages\/1969"}],"collection":[{"href":"https:\/\/www.teske-schwiede.de\/index.php?rest_route=\/wp\/v2\/pages"}],"about":[{"href":"https:\/\/www.teske-schwiede.de\/index.php?rest_route=\/wp\/v2\/types\/page"}],"author":[{"embeddable":true,"href":"https:\/\/www.teske-schwiede.de\/index.php?rest_route=\/wp\/v2\/users\/1"}],"replies":[{"embeddable":true,"href":"https:\/\/www.teske-schwiede.de\/index.php?rest_route=%2Fwp%2Fv2%2Fcomments&post=1969"}],"version-history":[{"count":4,"href":"https:\/\/www.teske-schwiede.de\/index.php?rest_route=\/wp\/v2\/pages\/1969\/revisions"}],"predecessor-version":[{"id":2272,"href":"https:\/\/www.teske-schwiede.de\/index.php?rest_route=\/wp\/v2\/pages\/1969\/revisions\/2272"}],"up":[{"embeddable":true,"href":"https:\/\/www.teske-schwiede.de\/index.php?rest_route=\/wp\/v2\/pages\/131"}],"wp:attachment":[{"href":"https:\/\/www.teske-schwiede.de\/index.php?rest_route=%2Fwp%2Fv2%2Fmedia&parent=1969"}],"curies":[{"name":"wp","href":"https:\/\/api.w.org\/{rel}","templated":true}]}}