{"id":1989,"date":"2016-11-08T12:12:58","date_gmt":"2016-11-08T10:12:58","guid":{"rendered":"http:\/\/www.teske-schwiede.de\/?page_id=1989"},"modified":"2016-11-09T11:16:45","modified_gmt":"2016-11-09T09:16:45","slug":"festungshof-coburg","status":"publish","type":"page","link":"https:\/\/www.teske-schwiede.de\/?page_id=1989","title":{"rendered":"Festungshof Coburg"},"content":{"rendered":"<p><strong>Festungshof Coburg in 96450 Coburg<\/strong>, Ausgef\u00fchrt: 2013-2015 derzeit kein Baubeginn<br \/>\nUmbau und Sanierung eines denkmalgesch\u00fctzten Geb\u00e4udes. LP 3,6,7 in Teilleistung.<br \/>\nF\u00fcr L\u00fcnz und L\u00fcnz Architekten Ingenieure<\/p>\n<!-- index.php -->\n<div\n\tclass=\"ngg-galleryoverview ngg-ajax-pagination-none\"\n\tid=\"ngg-gallery-154fe73ea6220b82b1eae96cd4facd64-1\">\n\n    \t<div class=\"slideshowlink\">\n        <a href='https:\/\/www.teske-schwiede.de\/index.php\/nggallery\/slideshow?page_id=1989'>[Zeige eine Slideshow]<\/a>\n\t\t\n\t<\/div>\n\t\t\t<!-- Thumbnails -->\n\t\t\t\t<div id=\"ngg-image-0\" class=\"ngg-gallery-thumbnail-box\" >\n\t\t\t\t        <div class=\"ngg-gallery-thumbnail\">\n            <a href=\"https:\/\/www.teske-schwiede.de\/wp-content\/gallery\/festungshof-coburg\/FeHof-NIK_2.jpg\"\n               title=\"Ansicht Fassade\"\n               data-src=\"https:\/\/www.teske-schwiede.de\/wp-content\/gallery\/festungshof-coburg\/FeHof-NIK_2.jpg\"\n               data-thumbnail=\"https:\/\/www.teske-schwiede.de\/wp-content\/gallery\/festungshof-coburg\/thumbs\/thumbs_FeHof-NIK_2.jpg\"\n               data-image-id=\"389\"\n               data-title=\"FeHof-NIK_2\"\n               data-description=\"Ansicht Fassade\"\n               data-image-slug=\"fehof-nik_2\"\n               class=\"ngg-fancybox\" rel=\"154fe73ea6220b82b1eae96cd4facd64\">\n                <img\n                    title=\"FeHof-NIK_2\"\n                    alt=\"FeHof-NIK_2\"\n                    src=\"https:\/\/www.teske-schwiede.de\/wp-content\/gallery\/festungshof-coburg\/thumbs\/thumbs_FeHof-NIK_2.jpg\"\n                    width=\"120\"\n                    height=\"90\"\n                    style=\"max-width:100%;\"\n                \/>\n            <\/a>\n        <\/div>\n\t\t\t\t\t\t\t<\/div> \n\t\t\t\n        \n\t\t\t\t<div id=\"ngg-image-1\" class=\"ngg-gallery-thumbnail-box\" >\n\t\t\t\t        <div class=\"ngg-gallery-thumbnail\">\n            <a href=\"https:\/\/www.teske-schwiede.de\/wp-content\/gallery\/festungshof-coburg\/FeHof-NIK_3.jpg\"\n               title=\"Ansicht Fassade\"\n               data-src=\"https:\/\/www.teske-schwiede.de\/wp-content\/gallery\/festungshof-coburg\/FeHof-NIK_3.jpg\"\n               data-thumbnail=\"https:\/\/www.teske-schwiede.de\/wp-content\/gallery\/festungshof-coburg\/thumbs\/thumbs_FeHof-NIK_3.jpg\"\n               data-image-id=\"390\"\n               data-title=\"FeHof-NIK_3\"\n               data-description=\"Ansicht Fassade\"\n               data-image-slug=\"fehof-nik_3\"\n               class=\"ngg-fancybox\" rel=\"154fe73ea6220b82b1eae96cd4facd64\">\n                <img\n                    title=\"FeHof-NIK_3\"\n                    alt=\"FeHof-NIK_3\"\n                    src=\"https:\/\/www.teske-schwiede.de\/wp-content\/gallery\/festungshof-coburg\/thumbs\/thumbs_FeHof-NIK_3.jpg\"\n                    width=\"120\"\n                    height=\"90\"\n                    style=\"max-width:100%;\"\n                \/>\n            <\/a>\n        <\/div>\n\t\t\t\t\t\t\t<\/div> \n\t\t\t\n        \n\t\t\t\t<div id=\"ngg-image-2\" class=\"ngg-gallery-thumbnail-box\" >\n\t\t\t\t        <div class=\"ngg-gallery-thumbnail\">\n            <a href=\"https:\/\/www.teske-schwiede.de\/wp-content\/gallery\/festungshof-coburg\/FeHof-NIK_4.jpg\"\n               title=\"Ansicht Fassade\"\n               data-src=\"https:\/\/www.teske-schwiede.de\/wp-content\/gallery\/festungshof-coburg\/FeHof-NIK_4.jpg\"\n               data-thumbnail=\"https:\/\/www.teske-schwiede.de\/wp-content\/gallery\/festungshof-coburg\/thumbs\/thumbs_FeHof-NIK_4.jpg\"\n               data-image-id=\"391\"\n               data-title=\"FeHof-NIK_4\"\n               data-description=\"Ansicht Fassade\"\n               data-image-slug=\"fehof-nik_4\"\n               class=\"ngg-fancybox\" rel=\"154fe73ea6220b82b1eae96cd4facd64\">\n                <img\n                    title=\"FeHof-NIK_4\"\n                    alt=\"FeHof-NIK_4\"\n                    src=\"https:\/\/www.teske-schwiede.de\/wp-content\/gallery\/festungshof-coburg\/thumbs\/thumbs_FeHof-NIK_4.jpg\"\n                    width=\"120\"\n                    height=\"90\"\n                    style=\"max-width:100%;\"\n                \/>\n            <\/a>\n        <\/div>\n\t\t\t\t\t\t\t<\/div> \n\t\t\t\n        \n\t\t\t\t<div id=\"ngg-image-3\" class=\"ngg-gallery-thumbnail-box\" >\n\t\t\t\t        <div class=\"ngg-gallery-thumbnail\">\n            <a href=\"https:\/\/www.teske-schwiede.de\/wp-content\/gallery\/festungshof-coburg\/FeHof-NIK_6.jpg\"\n               title=\"Ansicht Fassade mit Zuwegung\"\n               data-src=\"https:\/\/www.teske-schwiede.de\/wp-content\/gallery\/festungshof-coburg\/FeHof-NIK_6.jpg\"\n               data-thumbnail=\"https:\/\/www.teske-schwiede.de\/wp-content\/gallery\/festungshof-coburg\/thumbs\/thumbs_FeHof-NIK_6.jpg\"\n               data-image-id=\"393\"\n               data-title=\"FeHof-NIK_6\"\n               data-description=\"Ansicht Fassade mit Zuwegung\"\n               data-image-slug=\"fehof-nik_6\"\n               class=\"ngg-fancybox\" rel=\"154fe73ea6220b82b1eae96cd4facd64\">\n                <img\n                    title=\"FeHof-NIK_6\"\n                    alt=\"FeHof-NIK_6\"\n                    src=\"https:\/\/www.teske-schwiede.de\/wp-content\/gallery\/festungshof-coburg\/thumbs\/thumbs_FeHof-NIK_6.jpg\"\n                    width=\"120\"\n                    height=\"90\"\n                    style=\"max-width:100%;\"\n                \/>\n            <\/a>\n        <\/div>\n\t\t\t\t\t\t\t<\/div> \n\t\t\t\n        \n\t\t\n\t\t<!-- Pagination -->\n\t<div class='ngg-clear'><\/div>\t<\/div>\n\n","protected":false},"excerpt":{"rendered":"<p>Festungshof Coburg in 96450 Coburg, Ausgef\u00fchrt: 2013-2015 derzeit kein Baubeginn Umbau und Sanierung eines denkmalgesch\u00fctzten Geb\u00e4udes. LP 3,6,7 in Teilleistung. F\u00fcr L\u00fcnz und L\u00fcnz Architekten Ingenieure<\/p>\n","protected":false},"author":1,"featured_media":0,"parent":44,"menu_order":0,"comment_status":"closed","ping_status":"closed","template":"","meta":{"ngg_post_thumbnail":0},"_links":{"self":[{"href":"https:\/\/www.teske-schwiede.de\/index.php?rest_route=\/wp\/v2\/pages\/1989"}],"collection":[{"href":"https:\/\/www.teske-schwiede.de\/index.php?rest_route=\/wp\/v2\/pages"}],"about":[{"href":"https:\/\/www.teske-schwiede.de\/index.php?rest_route=\/wp\/v2\/types\/page"}],"author":[{"embeddable":true,"href":"https:\/\/www.teske-schwiede.de\/index.php?rest_route=\/wp\/v2\/users\/1"}],"replies":[{"embeddable":true,"href":"https:\/\/www.teske-schwiede.de\/index.php?rest_route=%2Fwp%2Fv2%2Fcomments&post=1989"}],"version-history":[{"count":4,"href":"https:\/\/www.teske-schwiede.de\/index.php?rest_route=\/wp\/v2\/pages\/1989\/revisions"}],"predecessor-version":[{"id":2005,"href":"https:\/\/www.teske-schwiede.de\/index.php?rest_route=\/wp\/v2\/pages\/1989\/revisions\/2005"}],"up":[{"embeddable":true,"href":"https:\/\/www.teske-schwiede.de\/index.php?rest_route=\/wp\/v2\/pages\/44"}],"wp:attachment":[{"href":"https:\/\/www.teske-schwiede.de\/index.php?rest_route=%2Fwp%2Fv2%2Fmedia&parent=1989"}],"curies":[{"name":"wp","href":"https:\/\/api.w.org\/{rel}","templated":true}]}}