{"id":2167,"date":"2016-11-28T10:46:33","date_gmt":"2016-11-28T08:46:33","guid":{"rendered":"http:\/\/www.teske-schwiede.de\/?page_id=2167"},"modified":"2016-11-28T11:03:52","modified_gmt":"2016-11-28T09:03:52","slug":"wagner","status":"publish","type":"page","link":"https:\/\/www.teske-schwiede.de\/?page_id=2167","title":{"rendered":"Hallenbad Wagner"},"content":{"rendered":"<p><strong>Hallenbad Wagner, 96450 Coburg<\/strong>, Ausgef\u00fchrt: 2004<br \/>\nErweiterung Einfamilienhauses um ein Hallenbad mit Wellnessbereich.<br \/>\nLP 2,3,8 In Teilleistung, LP 6,7. F\u00fcr L\u00fcnz und Horter Ingenieurgesellschaft mbh<\/p>\n<!-- index.php -->\n<div\n\tclass=\"ngg-galleryoverview ngg-ajax-pagination-none\"\n\tid=\"ngg-gallery-0e36d317f5f3407c082afbf6d0a77555-1\">\n\n    \t<div class=\"slideshowlink\">\n        <a href='https:\/\/www.teske-schwiede.de\/index.php\/nggallery\/slideshow?page_id=2167'>[Zeige eine Slideshow]<\/a>\n\t\t\n\t<\/div>\n\t\t\t<!-- Thumbnails -->\n\t\t\t\t<div id=\"ngg-image-0\" class=\"ngg-gallery-thumbnail-box\" >\n\t\t\t\t        <div class=\"ngg-gallery-thumbnail\">\n            <a href=\"https:\/\/www.teske-schwiede.de\/wp-content\/gallery\/wagner\/udo-karl-ausen.jpg\"\n               title=\"Schwimmbad Wagner Aussen\"\n               data-src=\"https:\/\/www.teske-schwiede.de\/wp-content\/gallery\/wagner\/udo-karl-ausen.jpg\"\n               data-thumbnail=\"https:\/\/www.teske-schwiede.de\/wp-content\/gallery\/wagner\/thumbs\/thumbs_udo-karl-ausen.jpg\"\n               data-image-id=\"442\"\n               data-title=\"Schwimmbad Wagner Aussen\"\n               data-description=\"Schwimmbad Wagner Aussen\"\n               data-image-slug=\"udo-karl-ausen\"\n               class=\"ngg-fancybox\" rel=\"0e36d317f5f3407c082afbf6d0a77555\">\n                <img\n                    title=\"Schwimmbad Wagner Aussen\"\n                    alt=\"Schwimmbad Wagner Aussen\"\n                    src=\"https:\/\/www.teske-schwiede.de\/wp-content\/gallery\/wagner\/thumbs\/thumbs_udo-karl-ausen.jpg\"\n                    width=\"120\"\n                    height=\"90\"\n                    style=\"max-width:100%;\"\n                \/>\n            <\/a>\n        <\/div>\n\t\t\t\t\t\t\t<\/div> \n\t\t\t\n        \n\t\t\t\t<div id=\"ngg-image-1\" class=\"ngg-gallery-thumbnail-box\" >\n\t\t\t\t        <div class=\"ngg-gallery-thumbnail\">\n            <a href=\"https:\/\/www.teske-schwiede.de\/wp-content\/gallery\/wagner\/udo-karl-bad2.jpg\"\n               title=\"Sanit\u00e4rbereich Schwimmbad Wagner\"\n               data-src=\"https:\/\/www.teske-schwiede.de\/wp-content\/gallery\/wagner\/udo-karl-bad2.jpg\"\n               data-thumbnail=\"https:\/\/www.teske-schwiede.de\/wp-content\/gallery\/wagner\/thumbs\/thumbs_udo-karl-bad2.jpg\"\n               data-image-id=\"443\"\n               data-title=\"Sanit\u00e4rbereich Schwimmbad Wagner\"\n               data-description=\"Sanit\u00e4rbereich Schwimmbad Wagner\"\n               data-image-slug=\"udo-karl-bad2\"\n               class=\"ngg-fancybox\" rel=\"0e36d317f5f3407c082afbf6d0a77555\">\n                <img\n                    title=\"Sanit\u00e4rbereich Schwimmbad Wagner\"\n                    alt=\"Sanit\u00e4rbereich Schwimmbad Wagner\"\n                    src=\"https:\/\/www.teske-schwiede.de\/wp-content\/gallery\/wagner\/thumbs\/thumbs_udo-karl-bad2.jpg\"\n                    width=\"120\"\n                    height=\"90\"\n                    style=\"max-width:100%;\"\n                \/>\n            <\/a>\n        <\/div>\n\t\t\t\t\t\t\t<\/div> \n\t\t\t\n        \n\t\t\t\t<div id=\"ngg-image-2\" class=\"ngg-gallery-thumbnail-box\" >\n\t\t\t\t        <div class=\"ngg-gallery-thumbnail\">\n            <a href=\"https:\/\/www.teske-schwiede.de\/wp-content\/gallery\/wagner\/udo-karl-gegenstromanlage.jpg\"\n               title=\"Pool Gegenstromanlage\"\n               data-src=\"https:\/\/www.teske-schwiede.de\/wp-content\/gallery\/wagner\/udo-karl-gegenstromanlage.jpg\"\n               data-thumbnail=\"https:\/\/www.teske-schwiede.de\/wp-content\/gallery\/wagner\/thumbs\/thumbs_udo-karl-gegenstromanlage.jpg\"\n               data-image-id=\"444\"\n               data-title=\"Pool Gegenstromanlage\"\n               data-description=\"Pool Gegenstromanlage\"\n               data-image-slug=\"udo-karl-gegenstromanlage\"\n               class=\"ngg-fancybox\" rel=\"0e36d317f5f3407c082afbf6d0a77555\">\n                <img\n                    title=\"Pool Gegenstromanlage\"\n                    alt=\"Pool Gegenstromanlage\"\n                    src=\"https:\/\/www.teske-schwiede.de\/wp-content\/gallery\/wagner\/thumbs\/thumbs_udo-karl-gegenstromanlage.jpg\"\n                    width=\"120\"\n                    height=\"90\"\n                    style=\"max-width:100%;\"\n                \/>\n            <\/a>\n        <\/div>\n\t\t\t\t\t\t\t<\/div> \n\t\t\t\n        \n\t\t\t\t<div id=\"ngg-image-3\" class=\"ngg-gallery-thumbnail-box\" >\n\t\t\t\t        <div class=\"ngg-gallery-thumbnail\">\n            <a href=\"https:\/\/www.teske-schwiede.de\/wp-content\/gallery\/wagner\/udo-karl-innen1.jpg\"\n               title=\"Pool Innen\"\n               data-src=\"https:\/\/www.teske-schwiede.de\/wp-content\/gallery\/wagner\/udo-karl-innen1.jpg\"\n               data-thumbnail=\"https:\/\/www.teske-schwiede.de\/wp-content\/gallery\/wagner\/thumbs\/thumbs_udo-karl-innen1.jpg\"\n               data-image-id=\"445\"\n               data-title=\"Pool Innen\"\n               data-description=\"Pool Innen\"\n               data-image-slug=\"udo-karl-innen1\"\n               class=\"ngg-fancybox\" rel=\"0e36d317f5f3407c082afbf6d0a77555\">\n                <img\n                    title=\"Pool Innen\"\n                    alt=\"Pool Innen\"\n                    src=\"https:\/\/www.teske-schwiede.de\/wp-content\/gallery\/wagner\/thumbs\/thumbs_udo-karl-innen1.jpg\"\n                    width=\"120\"\n                    height=\"90\"\n                    style=\"max-width:100%;\"\n                \/>\n            <\/a>\n        <\/div>\n\t\t\t\t\t\t\t<\/div> \n\t\t\t\n        \n\t\t\t\t<div id=\"ngg-image-4\" class=\"ngg-gallery-thumbnail-box\" >\n\t\t\t\t        <div class=\"ngg-gallery-thumbnail\">\n            <a href=\"https:\/\/www.teske-schwiede.de\/wp-content\/gallery\/wagner\/udo-karl-innen2.jpg\"\n               title=\"Pool Innen 2\"\n               data-src=\"https:\/\/www.teske-schwiede.de\/wp-content\/gallery\/wagner\/udo-karl-innen2.jpg\"\n               data-thumbnail=\"https:\/\/www.teske-schwiede.de\/wp-content\/gallery\/wagner\/thumbs\/thumbs_udo-karl-innen2.jpg\"\n               data-image-id=\"446\"\n               data-title=\"Pool Innen 2\"\n               data-description=\"Pool Innen 2\"\n               data-image-slug=\"udo-karl-innen2\"\n               class=\"ngg-fancybox\" rel=\"0e36d317f5f3407c082afbf6d0a77555\">\n                <img\n                    title=\"Pool Innen 2\"\n                    alt=\"Pool Innen 2\"\n                    src=\"https:\/\/www.teske-schwiede.de\/wp-content\/gallery\/wagner\/thumbs\/thumbs_udo-karl-innen2.jpg\"\n                    width=\"120\"\n                    height=\"90\"\n                    style=\"max-width:100%;\"\n                \/>\n            <\/a>\n        <\/div>\n\t\t\t\t\t\t\t<\/div> \n\t\t\t\n        \n\t\t\t\t<div id=\"ngg-image-5\" class=\"ngg-gallery-thumbnail-box\" >\n\t\t\t\t        <div class=\"ngg-gallery-thumbnail\">\n            <a href=\"https:\/\/www.teske-schwiede.de\/wp-content\/gallery\/wagner\/udo-karl-lichtspots.jpg\"\n               title=\"Lichtspots Pool Innen\"\n               data-src=\"https:\/\/www.teske-schwiede.de\/wp-content\/gallery\/wagner\/udo-karl-lichtspots.jpg\"\n               data-thumbnail=\"https:\/\/www.teske-schwiede.de\/wp-content\/gallery\/wagner\/thumbs\/thumbs_udo-karl-lichtspots.jpg\"\n               data-image-id=\"447\"\n               data-title=\"Lichtspots Pool Innen\"\n               data-description=\"Lichtspots Pool Innen\"\n               data-image-slug=\"udo-karl-lichtspots\"\n               class=\"ngg-fancybox\" rel=\"0e36d317f5f3407c082afbf6d0a77555\">\n                <img\n                    title=\"Lichtspots Pool Innen\"\n                    alt=\"Lichtspots Pool Innen\"\n                    src=\"https:\/\/www.teske-schwiede.de\/wp-content\/gallery\/wagner\/thumbs\/thumbs_udo-karl-lichtspots.jpg\"\n                    width=\"120\"\n                    height=\"90\"\n                    style=\"max-width:100%;\"\n                \/>\n            <\/a>\n        <\/div>\n\t\t\t\t\t\t\t<\/div> \n\t\t\t\n        \n\t\t\n\t\t<!-- Pagination -->\n\t<div class='ngg-clear'><\/div>\t<\/div>\n\n","protected":false},"excerpt":{"rendered":"<p>Hallenbad Wagner, 96450 Coburg, Ausgef\u00fchrt: 2004 Erweiterung Einfamilienhauses um ein Hallenbad mit Wellnessbereich. LP 2,3,8 In Teilleistung, LP 6,7. F\u00fcr L\u00fcnz und Horter Ingenieurgesellschaft mbh<\/p>\n","protected":false},"author":1,"featured_media":0,"parent":131,"menu_order":0,"comment_status":"closed","ping_status":"closed","template":"","meta":{"ngg_post_thumbnail":0},"_links":{"self":[{"href":"https:\/\/www.teske-schwiede.de\/index.php?rest_route=\/wp\/v2\/pages\/2167"}],"collection":[{"href":"https:\/\/www.teske-schwiede.de\/index.php?rest_route=\/wp\/v2\/pages"}],"about":[{"href":"https:\/\/www.teske-schwiede.de\/index.php?rest_route=\/wp\/v2\/types\/page"}],"author":[{"embeddable":true,"href":"https:\/\/www.teske-schwiede.de\/index.php?rest_route=\/wp\/v2\/users\/1"}],"replies":[{"embeddable":true,"href":"https:\/\/www.teske-schwiede.de\/index.php?rest_route=%2Fwp%2Fv2%2Fcomments&post=2167"}],"version-history":[{"count":6,"href":"https:\/\/www.teske-schwiede.de\/index.php?rest_route=\/wp\/v2\/pages\/2167\/revisions"}],"predecessor-version":[{"id":2175,"href":"https:\/\/www.teske-schwiede.de\/index.php?rest_route=\/wp\/v2\/pages\/2167\/revisions\/2175"}],"up":[{"embeddable":true,"href":"https:\/\/www.teske-schwiede.de\/index.php?rest_route=\/wp\/v2\/pages\/131"}],"wp:attachment":[{"href":"https:\/\/www.teske-schwiede.de\/index.php?rest_route=%2Fwp%2Fv2%2Fmedia&parent=2167"}],"curies":[{"name":"wp","href":"https:\/\/api.w.org\/{rel}","templated":true}]}}