{"id":2493,"date":"2017-07-17T11:30:12","date_gmt":"2017-07-17T09:30:12","guid":{"rendered":"http:\/\/www.teske-schwiede.de\/?page_id=2493"},"modified":"2018-08-31T16:26:38","modified_gmt":"2018-08-31T14:26:38","slug":"koepernicker-str-55","status":"publish","type":"page","link":"https:\/\/www.teske-schwiede.de\/?page_id=2493","title":{"rendered":"K\u00f6penicker Str. 55"},"content":{"rendered":"<p><strong>K\u00f6penicker Str. 55 in Berlin Mitte<\/strong>, Ausgef\u00fchrt: 2014 &#8211; 2017&nbsp;<\/p>\n<p>Sanierung und Umbau eines ehemaligen Gesch\u00e4ftshauses zu einem Wohnhaus mit 121 Wohnungen.<\/p>\n<!-- index.php -->\n<div\n\tclass=\"ngg-galleryoverview ngg-ajax-pagination-none\"\n\tid=\"ngg-gallery-413c7d98da322d56e835723183a8ae0b-1\">\n\n    \t<div class=\"slideshowlink\">\n        <a href='https:\/\/www.teske-schwiede.de\/index.php\/nggallery\/slideshow?page_id=2493'>[Zeige eine Slideshow]<\/a>\n\t\t\n\t<\/div>\n\t\t\t<!-- Thumbnails -->\n\t\t\t\t<div id=\"ngg-image-0\" class=\"ngg-gallery-thumbnail-box\" >\n\t\t\t\t        <div class=\"ngg-gallery-thumbnail\">\n            <a href=\"https:\/\/www.teske-schwiede.de\/wp-content\/gallery\/koepernicker-str-55\/Duschbad.jpg\"\n               title=\"\"\n               data-src=\"https:\/\/www.teske-schwiede.de\/wp-content\/gallery\/koepernicker-str-55\/Duschbad.jpg\"\n               data-thumbnail=\"https:\/\/www.teske-schwiede.de\/wp-content\/gallery\/koepernicker-str-55\/thumbs\/thumbs_Duschbad.jpg\"\n               data-image-id=\"536\"\n               data-title=\"Duschbad\"\n               data-description=\"\"\n               data-image-slug=\"duschbad\"\n               class=\"ngg-fancybox\" rel=\"413c7d98da322d56e835723183a8ae0b\">\n                <img\n                    title=\"Duschbad\"\n                    alt=\"Duschbad\"\n                    src=\"https:\/\/www.teske-schwiede.de\/wp-content\/gallery\/koepernicker-str-55\/thumbs\/thumbs_Duschbad.jpg\"\n                    width=\"120\"\n                    height=\"90\"\n                    style=\"max-width:100%;\"\n                \/>\n            <\/a>\n        <\/div>\n\t\t\t\t\t\t\t<\/div> \n\t\t\t\n        \n\t\t\t\t<div id=\"ngg-image-1\" class=\"ngg-gallery-thumbnail-box\" >\n\t\t\t\t        <div class=\"ngg-gallery-thumbnail\">\n            <a href=\"https:\/\/www.teske-schwiede.de\/wp-content\/gallery\/koepernicker-str-55\/FIVE-Abendstimmung-wei%C3%9Fes-Fenster.jpg\"\n               title=\"\"\n               data-src=\"https:\/\/www.teske-schwiede.de\/wp-content\/gallery\/koepernicker-str-55\/FIVE-Abendstimmung-wei%C3%9Fes-Fenster.jpg\"\n               data-thumbnail=\"https:\/\/www.teske-schwiede.de\/wp-content\/gallery\/koepernicker-str-55\/thumbs\/thumbs_FIVE-Abendstimmung-wei%C3%9Fes-Fenster.jpg\"\n               data-image-id=\"537\"\n               data-title=\"FIVE Abendstimmung-wei\u00dfes Fenster\"\n               data-description=\"\"\n               data-image-slug=\"five-abendstimmung-wei%c3%9fes-fenster-1\"\n               class=\"ngg-fancybox\" rel=\"413c7d98da322d56e835723183a8ae0b\">\n                <img\n                    title=\"FIVE Abendstimmung-wei\u00dfes Fenster\"\n                    alt=\"FIVE Abendstimmung-wei\u00dfes Fenster\"\n                    src=\"https:\/\/www.teske-schwiede.de\/wp-content\/gallery\/koepernicker-str-55\/thumbs\/thumbs_FIVE-Abendstimmung-wei%C3%9Fes-Fenster.jpg\"\n                    width=\"120\"\n                    height=\"90\"\n                    style=\"max-width:100%;\"\n                \/>\n            <\/a>\n        <\/div>\n\t\t\t\t\t\t\t<\/div> \n\t\t\t\n        \n\t\t\t\t<div id=\"ngg-image-2\" class=\"ngg-gallery-thumbnail-box\" >\n\t\t\t\t        <div class=\"ngg-gallery-thumbnail\">\n            <a href=\"https:\/\/www.teske-schwiede.de\/wp-content\/gallery\/koepernicker-str-55\/FIVE-Flur.jpg\"\n               title=\"\"\n               data-src=\"https:\/\/www.teske-schwiede.de\/wp-content\/gallery\/koepernicker-str-55\/FIVE-Flur.jpg\"\n               data-thumbnail=\"https:\/\/www.teske-schwiede.de\/wp-content\/gallery\/koepernicker-str-55\/thumbs\/thumbs_FIVE-Flur.jpg\"\n               data-image-id=\"538\"\n               data-title=\"FIVE Flur\"\n               data-description=\"\"\n               data-image-slug=\"five-flur\"\n               class=\"ngg-fancybox\" rel=\"413c7d98da322d56e835723183a8ae0b\">\n                <img\n                    title=\"FIVE Flur\"\n                    alt=\"FIVE Flur\"\n                    src=\"https:\/\/www.teske-schwiede.de\/wp-content\/gallery\/koepernicker-str-55\/thumbs\/thumbs_FIVE-Flur.jpg\"\n                    width=\"120\"\n                    height=\"90\"\n                    style=\"max-width:100%;\"\n                \/>\n            <\/a>\n        <\/div>\n\t\t\t\t\t\t\t<\/div> \n\t\t\t\n        \n\t\t\t\t<div id=\"ngg-image-3\" class=\"ngg-gallery-thumbnail-box\" >\n\t\t\t\t        <div class=\"ngg-gallery-thumbnail\">\n            <a href=\"https:\/\/www.teske-schwiede.de\/wp-content\/gallery\/koepernicker-str-55\/FIVE-u.-SIX-Wannenbad.jpg\"\n               title=\"\"\n               data-src=\"https:\/\/www.teske-schwiede.de\/wp-content\/gallery\/koepernicker-str-55\/FIVE-u.-SIX-Wannenbad.jpg\"\n               data-thumbnail=\"https:\/\/www.teske-schwiede.de\/wp-content\/gallery\/koepernicker-str-55\/thumbs\/thumbs_FIVE-u.-SIX-Wannenbad.jpg\"\n               data-image-id=\"539\"\n               data-title=\"FIVE u. SIX Wannenbad\"\n               data-description=\"\"\n               data-image-slug=\"five-u-six-wannenbad\"\n               class=\"ngg-fancybox\" rel=\"413c7d98da322d56e835723183a8ae0b\">\n                <img\n                    title=\"FIVE u. SIX Wannenbad\"\n                    alt=\"FIVE u. SIX Wannenbad\"\n                    src=\"https:\/\/www.teske-schwiede.de\/wp-content\/gallery\/koepernicker-str-55\/thumbs\/thumbs_FIVE-u.-SIX-Wannenbad.jpg\"\n                    width=\"120\"\n                    height=\"90\"\n                    style=\"max-width:100%;\"\n                \/>\n            <\/a>\n        <\/div>\n\t\t\t\t\t\t\t<\/div> \n\t\t\t\n        \n\t\t\t\t<div id=\"ngg-image-4\" class=\"ngg-gallery-thumbnail-box\" >\n\t\t\t\t        <div class=\"ngg-gallery-thumbnail\">\n            <a href=\"https:\/\/www.teske-schwiede.de\/wp-content\/gallery\/koepernicker-str-55\/FIVE-Wohnk%C3%BCche.jpg\"\n               title=\"\"\n               data-src=\"https:\/\/www.teske-schwiede.de\/wp-content\/gallery\/koepernicker-str-55\/FIVE-Wohnk%C3%BCche.jpg\"\n               data-thumbnail=\"https:\/\/www.teske-schwiede.de\/wp-content\/gallery\/koepernicker-str-55\/thumbs\/thumbs_FIVE-Wohnk%C3%BCche.jpg\"\n               data-image-id=\"540\"\n               data-title=\"FIVE Wohnk\u00fcche\"\n               data-description=\"\"\n               data-image-slug=\"five-wohnk%c3%bcche-1\"\n               class=\"ngg-fancybox\" rel=\"413c7d98da322d56e835723183a8ae0b\">\n                <img\n                    title=\"FIVE Wohnk\u00fcche\"\n                    alt=\"FIVE Wohnk\u00fcche\"\n                    src=\"https:\/\/www.teske-schwiede.de\/wp-content\/gallery\/koepernicker-str-55\/thumbs\/thumbs_FIVE-Wohnk%C3%BCche.jpg\"\n                    width=\"120\"\n                    height=\"90\"\n                    style=\"max-width:100%;\"\n                \/>\n            <\/a>\n        <\/div>\n\t\t\t\t\t\t\t<\/div> \n\t\t\t\n        \n\t\t\t\t<div id=\"ngg-image-5\" class=\"ngg-gallery-thumbnail-box\" >\n\t\t\t\t        <div class=\"ngg-gallery-thumbnail\">\n            <a href=\"https:\/\/www.teske-schwiede.de\/wp-content\/gallery\/koepernicker-str-55\/FIVE-Wohnzimmer-.jpg\"\n               title=\"\"\n               data-src=\"https:\/\/www.teske-schwiede.de\/wp-content\/gallery\/koepernicker-str-55\/FIVE-Wohnzimmer-.jpg\"\n               data-thumbnail=\"https:\/\/www.teske-schwiede.de\/wp-content\/gallery\/koepernicker-str-55\/thumbs\/thumbs_FIVE-Wohnzimmer-.jpg\"\n               data-image-id=\"541\"\n               data-title=\"FIVE Wohnzimmer\"\n               data-description=\"\"\n               data-image-slug=\"five-wohnzimmer\"\n               class=\"ngg-fancybox\" rel=\"413c7d98da322d56e835723183a8ae0b\">\n                <img\n                    title=\"FIVE Wohnzimmer\"\n                    alt=\"FIVE Wohnzimmer\"\n                    src=\"https:\/\/www.teske-schwiede.de\/wp-content\/gallery\/koepernicker-str-55\/thumbs\/thumbs_FIVE-Wohnzimmer-.jpg\"\n                    width=\"120\"\n                    height=\"90\"\n                    style=\"max-width:100%;\"\n                \/>\n            <\/a>\n        <\/div>\n\t\t\t\t\t\t\t<\/div> \n\t\t\t\n        \n\t\t\t\t<div id=\"ngg-image-6\" class=\"ngg-gallery-thumbnail-box\" >\n\t\t\t\t        <div class=\"ngg-gallery-thumbnail\">\n            <a href=\"https:\/\/www.teske-schwiede.de\/wp-content\/gallery\/koepernicker-str-55\/FIVE-Wohnzimmer.jpg\"\n               title=\"\"\n               data-src=\"https:\/\/www.teske-schwiede.de\/wp-content\/gallery\/koepernicker-str-55\/FIVE-Wohnzimmer.jpg\"\n               data-thumbnail=\"https:\/\/www.teske-schwiede.de\/wp-content\/gallery\/koepernicker-str-55\/thumbs\/thumbs_FIVE-Wohnzimmer.jpg\"\n               data-image-id=\"542\"\n               data-title=\"FIVE Wohnzimmer\"\n               data-description=\"\"\n               data-image-slug=\"five-wohnzimmer-1\"\n               class=\"ngg-fancybox\" rel=\"413c7d98da322d56e835723183a8ae0b\">\n                <img\n                    title=\"FIVE Wohnzimmer\"\n                    alt=\"FIVE Wohnzimmer\"\n                    src=\"https:\/\/www.teske-schwiede.de\/wp-content\/gallery\/koepernicker-str-55\/thumbs\/thumbs_FIVE-Wohnzimmer.jpg\"\n                    width=\"120\"\n                    height=\"90\"\n                    style=\"max-width:100%;\"\n                \/>\n            <\/a>\n        <\/div>\n\t\t\t\t\t\t\t<\/div> \n\t\t\t\n        \n\t\t\t\t<div id=\"ngg-image-7\" class=\"ngg-gallery-thumbnail-box\" >\n\t\t\t\t        <div class=\"ngg-gallery-thumbnail\">\n            <a href=\"https:\/\/www.teske-schwiede.de\/wp-content\/gallery\/koepernicker-str-55\/Ihr-neues-Zuhause-.jpg\"\n               title=\"\"\n               data-src=\"https:\/\/www.teske-schwiede.de\/wp-content\/gallery\/koepernicker-str-55\/Ihr-neues-Zuhause-.jpg\"\n               data-thumbnail=\"https:\/\/www.teske-schwiede.de\/wp-content\/gallery\/koepernicker-str-55\/thumbs\/thumbs_Ihr-neues-Zuhause-.jpg\"\n               data-image-id=\"543\"\n               data-title=\"Ihr neues Zuhause\"\n               data-description=\"\"\n               data-image-slug=\"ihr-neues-zuhause\"\n               class=\"ngg-fancybox\" rel=\"413c7d98da322d56e835723183a8ae0b\">\n                <img\n                    title=\"Ihr neues Zuhause\"\n                    alt=\"Ihr neues Zuhause\"\n                    src=\"https:\/\/www.teske-schwiede.de\/wp-content\/gallery\/koepernicker-str-55\/thumbs\/thumbs_Ihr-neues-Zuhause-.jpg\"\n                    width=\"120\"\n                    height=\"90\"\n                    style=\"max-width:100%;\"\n                \/>\n            <\/a>\n        <\/div>\n\t\t\t\t\t\t\t<\/div> \n\t\t\t\n        \n\t\t\t\t<div id=\"ngg-image-8\" class=\"ngg-gallery-thumbnail-box\" >\n\t\t\t\t        <div class=\"ngg-gallery-thumbnail\">\n            <a href=\"https:\/\/www.teske-schwiede.de\/wp-content\/gallery\/koepernicker-str-55\/THREE-Wohnk%C3%BCche-2.jpg\"\n               title=\"\"\n               data-src=\"https:\/\/www.teske-schwiede.de\/wp-content\/gallery\/koepernicker-str-55\/THREE-Wohnk%C3%BCche-2.jpg\"\n               data-thumbnail=\"https:\/\/www.teske-schwiede.de\/wp-content\/gallery\/koepernicker-str-55\/thumbs\/thumbs_THREE-Wohnk%C3%BCche-2.jpg\"\n               data-image-id=\"545\"\n               data-title=\"THREE Wohnk\u00fcche (2)\"\n               data-description=\"\"\n               data-image-slug=\"three-wohnk%c3%bcche-2-1\"\n               class=\"ngg-fancybox\" rel=\"413c7d98da322d56e835723183a8ae0b\">\n                <img\n                    title=\"THREE Wohnk\u00fcche (2)\"\n                    alt=\"THREE Wohnk\u00fcche (2)\"\n                    src=\"https:\/\/www.teske-schwiede.de\/wp-content\/gallery\/koepernicker-str-55\/thumbs\/thumbs_THREE-Wohnk%C3%BCche-2.jpg\"\n                    width=\"120\"\n                    height=\"90\"\n                    style=\"max-width:100%;\"\n                \/>\n            <\/a>\n        <\/div>\n\t\t\t\t\t\t\t<\/div> \n\t\t\t\n        \n\t\t\t\t<div id=\"ngg-image-9\" class=\"ngg-gallery-thumbnail-box\" >\n\t\t\t\t        <div class=\"ngg-gallery-thumbnail\">\n            <a href=\"https:\/\/www.teske-schwiede.de\/wp-content\/gallery\/koepernicker-str-55\/ONE-Schlafzimmer.jpg\"\n               title=\"\"\n               data-src=\"https:\/\/www.teske-schwiede.de\/wp-content\/gallery\/koepernicker-str-55\/ONE-Schlafzimmer.jpg\"\n               data-thumbnail=\"https:\/\/www.teske-schwiede.de\/wp-content\/gallery\/koepernicker-str-55\/thumbs\/thumbs_ONE-Schlafzimmer.jpg\"\n               data-image-id=\"546\"\n               data-title=\"ONE Schlafzimmer\"\n               data-description=\"\"\n               data-image-slug=\"one-schlafzimmer\"\n               class=\"ngg-fancybox\" rel=\"413c7d98da322d56e835723183a8ae0b\">\n                <img\n                    title=\"ONE Schlafzimmer\"\n                    alt=\"ONE Schlafzimmer\"\n                    src=\"https:\/\/www.teske-schwiede.de\/wp-content\/gallery\/koepernicker-str-55\/thumbs\/thumbs_ONE-Schlafzimmer.jpg\"\n                    width=\"120\"\n                    height=\"90\"\n                    style=\"max-width:100%;\"\n                \/>\n            <\/a>\n        <\/div>\n\t\t\t\t\t\t\t<\/div> \n\t\t\t\n        \n\t\t\t\t<div id=\"ngg-image-10\" class=\"ngg-gallery-thumbnail-box\" >\n\t\t\t\t        <div class=\"ngg-gallery-thumbnail\">\n            <a href=\"https:\/\/www.teske-schwiede.de\/wp-content\/gallery\/koepernicker-str-55\/Treppenhaus.jpg\"\n               title=\"\"\n               data-src=\"https:\/\/www.teske-schwiede.de\/wp-content\/gallery\/koepernicker-str-55\/Treppenhaus.jpg\"\n               data-thumbnail=\"https:\/\/www.teske-schwiede.de\/wp-content\/gallery\/koepernicker-str-55\/thumbs\/thumbs_Treppenhaus.jpg\"\n               data-image-id=\"547\"\n               data-title=\"Treppenhaus\"\n               data-description=\"\"\n               data-image-slug=\"treppenhaus\"\n               class=\"ngg-fancybox\" rel=\"413c7d98da322d56e835723183a8ae0b\">\n                <img\n                    title=\"Treppenhaus\"\n                    alt=\"Treppenhaus\"\n                    src=\"https:\/\/www.teske-schwiede.de\/wp-content\/gallery\/koepernicker-str-55\/thumbs\/thumbs_Treppenhaus.jpg\"\n                    width=\"120\"\n                    height=\"90\"\n                    style=\"max-width:100%;\"\n                \/>\n            <\/a>\n        <\/div>\n\t\t\t\t\t\t\t<\/div> \n\t\t\t\n        \n\t\t\t\t<div id=\"ngg-image-11\" class=\"ngg-gallery-thumbnail-box\" >\n\t\t\t\t        <div class=\"ngg-gallery-thumbnail\">\n            <a href=\"https:\/\/www.teske-schwiede.de\/wp-content\/gallery\/koepernicker-str-55\/ONE-Flur.jpg\"\n               title=\"\"\n               data-src=\"https:\/\/www.teske-schwiede.de\/wp-content\/gallery\/koepernicker-str-55\/ONE-Flur.jpg\"\n               data-thumbnail=\"https:\/\/www.teske-schwiede.de\/wp-content\/gallery\/koepernicker-str-55\/thumbs\/thumbs_ONE-Flur.jpg\"\n               data-image-id=\"548\"\n               data-title=\"ONE Flur\"\n               data-description=\"\"\n               data-image-slug=\"one-flur\"\n               class=\"ngg-fancybox\" rel=\"413c7d98da322d56e835723183a8ae0b\">\n                <img\n                    title=\"ONE Flur\"\n                    alt=\"ONE Flur\"\n                    src=\"https:\/\/www.teske-schwiede.de\/wp-content\/gallery\/koepernicker-str-55\/thumbs\/thumbs_ONE-Flur.jpg\"\n                    width=\"120\"\n                    height=\"90\"\n                    style=\"max-width:100%;\"\n                \/>\n            <\/a>\n        <\/div>\n\t\t\t\t\t\t\t<\/div> \n\t\t\t\n        \n\t\t\n\t\t<!-- Pagination -->\n\t<div class='ngg-clear'><\/div>\t<\/div>\n\n","protected":false},"excerpt":{"rendered":"<p>K\u00f6penicker Str. 55 in Berlin Mitte, Ausgef\u00fchrt: 2014 &#8211; 2017&nbsp; Sanierung und Umbau eines ehemaligen Gesch\u00e4ftshauses zu einem Wohnhaus mit 121 Wohnungen.<\/p>\n","protected":false},"author":1,"featured_media":0,"parent":0,"menu_order":0,"comment_status":"closed","ping_status":"closed","template":"","meta":{"ngg_post_thumbnail":0},"_links":{"self":[{"href":"https:\/\/www.teske-schwiede.de\/index.php?rest_route=\/wp\/v2\/pages\/2493"}],"collection":[{"href":"https:\/\/www.teske-schwiede.de\/index.php?rest_route=\/wp\/v2\/pages"}],"about":[{"href":"https:\/\/www.teske-schwiede.de\/index.php?rest_route=\/wp\/v2\/types\/page"}],"author":[{"embeddable":true,"href":"https:\/\/www.teske-schwiede.de\/index.php?rest_route=\/wp\/v2\/users\/1"}],"replies":[{"embeddable":true,"href":"https:\/\/www.teske-schwiede.de\/index.php?rest_route=%2Fwp%2Fv2%2Fcomments&post=2493"}],"version-history":[{"count":5,"href":"https:\/\/www.teske-schwiede.de\/index.php?rest_route=\/wp\/v2\/pages\/2493\/revisions"}],"predecessor-version":[{"id":2767,"href":"https:\/\/www.teske-schwiede.de\/index.php?rest_route=\/wp\/v2\/pages\/2493\/revisions\/2767"}],"wp:attachment":[{"href":"https:\/\/www.teske-schwiede.de\/index.php?rest_route=%2Fwp%2Fv2%2Fmedia&parent=2493"}],"curies":[{"name":"wp","href":"https:\/\/api.w.org\/{rel}","templated":true}]}}