{"id":2663,"date":"2017-12-11T12:33:28","date_gmt":"2017-12-11T10:33:28","guid":{"rendered":"http:\/\/www.teske-schwiede.de\/?page_id=2663"},"modified":"2020-03-11T12:47:48","modified_gmt":"2020-03-11T10:47:48","slug":"generalplanerleistungen","status":"publish","type":"page","link":"https:\/\/www.teske-schwiede.de\/?page_id=2663","title":{"rendered":"Generalplanerleistungen"},"content":{"rendered":"<p>Wir erbringen auf Wunsch mit festen Partnern Generalplanerleistungen, welche<br \/>\nnachfolgende Fachplanungsleistungen einschlie\u00dfen :<\/p>\n<ul>\n<li>Tragwerksplanung<\/li>\n<li>Brandschutzplanungen<\/li>\n<li>Heizungs- Sanit\u00e4ranlagen<\/li>\n<li>L\u00fcftungsanlagen<\/li>\n<li>Elektroanlagen<\/li>\n<\/ul>\n","protected":false},"excerpt":{"rendered":"<p>Wir erbringen auf Wunsch mit festen Partnern Generalplanerleistungen, welche nachfolgende Fachplanungsleistungen einschlie\u00dfen : Tragwerksplanung Brandschutzplanungen Heizungs- Sanit\u00e4ranlagen L\u00fcftungsanlagen Elektroanlagen<\/p>\n","protected":false},"author":1,"featured_media":0,"parent":0,"menu_order":0,"comment_status":"closed","ping_status":"closed","template":"","meta":{"ngg_post_thumbnail":0},"_links":{"self":[{"href":"https:\/\/www.teske-schwiede.de\/index.php?rest_route=\/wp\/v2\/pages\/2663"}],"collection":[{"href":"https:\/\/www.teske-schwiede.de\/index.php?rest_route=\/wp\/v2\/pages"}],"about":[{"href":"https:\/\/www.teske-schwiede.de\/index.php?rest_route=\/wp\/v2\/types\/page"}],"author":[{"embeddable":true,"href":"https:\/\/www.teske-schwiede.de\/index.php?rest_route=\/wp\/v2\/users\/1"}],"replies":[{"embeddable":true,"href":"https:\/\/www.teske-schwiede.de\/index.php?rest_route=%2Fwp%2Fv2%2Fcomments&post=2663"}],"version-history":[{"count":3,"href":"https:\/\/www.teske-schwiede.de\/index.php?rest_route=\/wp\/v2\/pages\/2663\/revisions"}],"predecessor-version":[{"id":2809,"href":"https:\/\/www.teske-schwiede.de\/index.php?rest_route=\/wp\/v2\/pages\/2663\/revisions\/2809"}],"wp:attachment":[{"href":"https:\/\/www.teske-schwiede.de\/index.php?rest_route=%2Fwp%2Fv2%2Fmedia&parent=2663"}],"curies":[{"name":"wp","href":"https:\/\/api.w.org\/{rel}","templated":true}]}}