{"id":2686,"date":"2017-12-11T13:30:30","date_gmt":"2017-12-11T11:30:30","guid":{"rendered":"http:\/\/www.teske-schwiede.de\/?page_id=2686"},"modified":"2017-12-11T15:00:48","modified_gmt":"2017-12-11T13:00:48","slug":"breite-strasse-24","status":"publish","type":"page","link":"https:\/\/www.teske-schwiede.de\/?page_id=2686","title":{"rendered":"Breite Stra\u00dfe 24"},"content":{"rendered":"<p><strong>Breite Stra\u00dfe 24 in Marwitz\/ Brandenburg\/ <\/strong>Derzeit in Bearbeitung<strong><br \/>\n<\/strong>Sanierungsplanung f\u00fcr ein denkmalgesch\u00fctztes Wohnhaus, Planung f\u00fcr<br \/>\ndie Wiedererrichtung eines Stallgeb\u00e4udes und Umnutzung einer Scheune.<br \/>\n<!-- index.php -->\n<div\n\tclass=\"ngg-galleryoverview ngg-ajax-pagination-none\"\n\tid=\"ngg-gallery-d75c26ba48077d1b3449b4422c903721-1\">\n\n    \t<div class=\"slideshowlink\">\n        <a href='https:\/\/www.teske-schwiede.de\/index.php\/nggallery\/slideshow?page_id=2686'>[Zeige eine Slideshow]<\/a>\n\t\t\n\t<\/div>\n\t\t\t<!-- Thumbnails -->\n\t\t\t\t<div id=\"ngg-image-0\" class=\"ngg-gallery-thumbnail-box\" >\n\t\t\t\t        <div class=\"ngg-gallery-thumbnail\">\n            <a href=\"https:\/\/www.teske-schwiede.de\/wp-content\/gallery\/breite-strasse-24\/DSCN2396.jpg\"\n               title=\"\"\n               data-src=\"https:\/\/www.teske-schwiede.de\/wp-content\/gallery\/breite-strasse-24\/DSCN2396.jpg\"\n               data-thumbnail=\"https:\/\/www.teske-schwiede.de\/wp-content\/gallery\/breite-strasse-24\/thumbs\/thumbs_DSCN2396.jpg\"\n               data-image-id=\"562\"\n               data-title=\"DSCN2396\"\n               data-description=\"\"\n               data-image-slug=\"dscn2396-1\"\n               class=\"ngg-fancybox\" rel=\"d75c26ba48077d1b3449b4422c903721\">\n                <img\n                    title=\"DSCN2396\"\n                    alt=\"DSCN2396\"\n                    src=\"https:\/\/www.teske-schwiede.de\/wp-content\/gallery\/breite-strasse-24\/thumbs\/thumbs_DSCN2396.jpg\"\n                    width=\"120\"\n                    height=\"90\"\n                    style=\"max-width:100%;\"\n                \/>\n            <\/a>\n        <\/div>\n\t\t\t\t\t\t\t<\/div> \n\t\t\t\n        \n\t\t\t\t<div id=\"ngg-image-1\" class=\"ngg-gallery-thumbnail-box\" >\n\t\t\t\t        <div class=\"ngg-gallery-thumbnail\">\n            <a href=\"https:\/\/www.teske-schwiede.de\/wp-content\/gallery\/breite-strasse-24\/Haupthaus2.jpg\"\n               title=\"\"\n               data-src=\"https:\/\/www.teske-schwiede.de\/wp-content\/gallery\/breite-strasse-24\/Haupthaus2.jpg\"\n               data-thumbnail=\"https:\/\/www.teske-schwiede.de\/wp-content\/gallery\/breite-strasse-24\/thumbs\/thumbs_Haupthaus2.jpg\"\n               data-image-id=\"563\"\n               data-title=\"Haupthaus2\"\n               data-description=\"\"\n               data-image-slug=\"haupthaus2-1\"\n               class=\"ngg-fancybox\" rel=\"d75c26ba48077d1b3449b4422c903721\">\n                <img\n                    title=\"Haupthaus2\"\n                    alt=\"Haupthaus2\"\n                    src=\"https:\/\/www.teske-schwiede.de\/wp-content\/gallery\/breite-strasse-24\/thumbs\/thumbs_Haupthaus2.jpg\"\n                    width=\"120\"\n                    height=\"90\"\n                    style=\"max-width:100%;\"\n                \/>\n            <\/a>\n        <\/div>\n\t\t\t\t\t\t\t<\/div> \n\t\t\t\n        \n\t\t\t\t<div id=\"ngg-image-2\" class=\"ngg-gallery-thumbnail-box\" >\n\t\t\t\t        <div class=\"ngg-gallery-thumbnail\">\n            <a href=\"https:\/\/www.teske-schwiede.de\/wp-content\/gallery\/breite-strasse-24\/Hof2.jpg\"\n               title=\"\"\n               data-src=\"https:\/\/www.teske-schwiede.de\/wp-content\/gallery\/breite-strasse-24\/Hof2.jpg\"\n               data-thumbnail=\"https:\/\/www.teske-schwiede.de\/wp-content\/gallery\/breite-strasse-24\/thumbs\/thumbs_Hof2.jpg\"\n               data-image-id=\"564\"\n               data-title=\"Hof2\"\n               data-description=\"\"\n               data-image-slug=\"hof2-1\"\n               class=\"ngg-fancybox\" rel=\"d75c26ba48077d1b3449b4422c903721\">\n                <img\n                    title=\"Hof2\"\n                    alt=\"Hof2\"\n                    src=\"https:\/\/www.teske-schwiede.de\/wp-content\/gallery\/breite-strasse-24\/thumbs\/thumbs_Hof2.jpg\"\n                    width=\"120\"\n                    height=\"90\"\n                    style=\"max-width:100%;\"\n                \/>\n            <\/a>\n        <\/div>\n\t\t\t\t\t\t\t<\/div> \n\t\t\t\n        \n\t\t\t\t<div id=\"ngg-image-3\" class=\"ngg-gallery-thumbnail-box\" >\n\t\t\t\t        <div class=\"ngg-gallery-thumbnail\">\n            <a href=\"https:\/\/www.teske-schwiede.de\/wp-content\/gallery\/breite-strasse-24\/Scheune1.jpg\"\n               title=\"\"\n               data-src=\"https:\/\/www.teske-schwiede.de\/wp-content\/gallery\/breite-strasse-24\/Scheune1.jpg\"\n               data-thumbnail=\"https:\/\/www.teske-schwiede.de\/wp-content\/gallery\/breite-strasse-24\/thumbs\/thumbs_Scheune1.jpg\"\n               data-image-id=\"565\"\n               data-title=\"Scheune1\"\n               data-description=\"\"\n               data-image-slug=\"scheune1-1\"\n               class=\"ngg-fancybox\" rel=\"d75c26ba48077d1b3449b4422c903721\">\n                <img\n                    title=\"Scheune1\"\n                    alt=\"Scheune1\"\n                    src=\"https:\/\/www.teske-schwiede.de\/wp-content\/gallery\/breite-strasse-24\/thumbs\/thumbs_Scheune1.jpg\"\n                    width=\"120\"\n                    height=\"90\"\n                    style=\"max-width:100%;\"\n                \/>\n            <\/a>\n        <\/div>\n\t\t\t\t\t\t\t<\/div> \n\t\t\t\n        \n\t\t\n\t\t<!-- Pagination -->\n\t<div class='ngg-clear'><\/div>\t<\/div>\n<\/p>\n","protected":false},"excerpt":{"rendered":"<p>Breite Stra\u00dfe 24 in Marwitz\/ Brandenburg\/ Derzeit in Bearbeitung Sanierungsplanung f\u00fcr ein denkmalgesch\u00fctztes Wohnhaus, Planung f\u00fcr die Wiedererrichtung eines Stallgeb\u00e4udes und Umnutzung einer Scheune.<\/p>\n","protected":false},"author":1,"featured_media":0,"parent":0,"menu_order":0,"comment_status":"closed","ping_status":"closed","template":"","meta":{"ngg_post_thumbnail":0},"_links":{"self":[{"href":"https:\/\/www.teske-schwiede.de\/index.php?rest_route=\/wp\/v2\/pages\/2686"}],"collection":[{"href":"https:\/\/www.teske-schwiede.de\/index.php?rest_route=\/wp\/v2\/pages"}],"about":[{"href":"https:\/\/www.teske-schwiede.de\/index.php?rest_route=\/wp\/v2\/types\/page"}],"author":[{"embeddable":true,"href":"https:\/\/www.teske-schwiede.de\/index.php?rest_route=\/wp\/v2\/users\/1"}],"replies":[{"embeddable":true,"href":"https:\/\/www.teske-schwiede.de\/index.php?rest_route=%2Fwp%2Fv2%2Fcomments&post=2686"}],"version-history":[{"count":3,"href":"https:\/\/www.teske-schwiede.de\/index.php?rest_route=\/wp\/v2\/pages\/2686\/revisions"}],"predecessor-version":[{"id":2690,"href":"https:\/\/www.teske-schwiede.de\/index.php?rest_route=\/wp\/v2\/pages\/2686\/revisions\/2690"}],"wp:attachment":[{"href":"https:\/\/www.teske-schwiede.de\/index.php?rest_route=%2Fwp%2Fv2%2Fmedia&parent=2686"}],"curies":[{"name":"wp","href":"https:\/\/api.w.org\/{rel}","templated":true}]}}