{"id":742,"date":"2014-09-12T17:37:00","date_gmt":"2014-09-12T15:37:00","guid":{"rendered":"http:\/\/www.teske-schwiede.de\/?page_id=742"},"modified":"2016-10-26T14:21:13","modified_gmt":"2016-10-26T12:21:13","slug":"kaiserbahnhof-halbe","status":"publish","type":"page","link":"https:\/\/www.teske-schwiede.de\/?page_id=742","title":{"rendered":"Kaiserbahnhof Halbe"},"content":{"rendered":"<p><strong>Denkmalgrechte Sanierung und Umnutzung des Kaiserbahnhofs in 15757 Halbe\/ Brandenburg<\/strong><br \/>\nAusgef\u00fchrt: 2012, Leistungen: Budgetplanung, Beantragung und Abrechnung von F\u00f6rdermitteln,<br \/>\nEntwurfs- Genehmigungs- und Ausf\u00fchrungsplanung, Bauleitung &#8211; in Teilen ausgef\u00fchrt<\/p>\n<!-- index.php -->\n<div\n\tclass=\"ngg-galleryoverview ngg-ajax-pagination-none\"\n\tid=\"ngg-gallery-88971f145b9657021a1a54299fa7fdb6-1\">\n\n    \t<div class=\"slideshowlink\">\n        <a href='https:\/\/www.teske-schwiede.de\/index.php\/nggallery\/slideshow?page_id=742'>[Zeige eine Slideshow]<\/a>\n\t\t\n\t<\/div>\n\t\t\t<!-- Thumbnails -->\n\t\t\t\t<div id=\"ngg-image-0\" class=\"ngg-gallery-thumbnail-box\" >\n\t\t\t\t        <div class=\"ngg-gallery-thumbnail\">\n            <a href=\"https:\/\/www.teske-schwiede.de\/wp-content\/gallery\/kaiserbahnhof-halbe\/PUB-Ansicht-2013-Turmkopf-S%C3%BCd-neu-01-1.jpg\"\n               title=\"Ansicht Osten\"\n               data-src=\"https:\/\/www.teske-schwiede.de\/wp-content\/gallery\/kaiserbahnhof-halbe\/PUB-Ansicht-2013-Turmkopf-S%C3%BCd-neu-01-1.jpg\"\n               data-thumbnail=\"https:\/\/www.teske-schwiede.de\/wp-content\/gallery\/kaiserbahnhof-halbe\/thumbs\/thumbs_PUB-Ansicht-2013-Turmkopf-S%C3%BCd-neu-01-1.jpg\"\n               data-image-id=\"140\"\n               data-title=\"PUB-Ansicht-2013-Turmkopf-S\u00fcd-neu-01\"\n               data-description=\"Ansicht Osten\"\n               data-image-slug=\"pub-ansicht-2013-turmkopf-s%c3%bcd-neu-01-1\"\n               class=\"ngg-fancybox\" rel=\"88971f145b9657021a1a54299fa7fdb6\">\n                <img\n                    title=\"PUB-Ansicht-2013-Turmkopf-S\u00fcd-neu-01\"\n                    alt=\"PUB-Ansicht-2013-Turmkopf-S\u00fcd-neu-01\"\n                    src=\"https:\/\/www.teske-schwiede.de\/wp-content\/gallery\/kaiserbahnhof-halbe\/thumbs\/thumbs_PUB-Ansicht-2013-Turmkopf-S%C3%BCd-neu-01-1.jpg\"\n                    width=\"120\"\n                    height=\"90\"\n                    style=\"max-width:100%;\"\n                \/>\n            <\/a>\n        <\/div>\n\t\t\t\t\t\t\t<\/div> \n\t\t\t\n        \n\t\t\t\t<div id=\"ngg-image-1\" class=\"ngg-gallery-thumbnail-box\" >\n\t\t\t\t        <div class=\"ngg-gallery-thumbnail\">\n            <a href=\"https:\/\/www.teske-schwiede.de\/wp-content\/gallery\/kaiserbahnhof-halbe\/PUB-Ansicht-2013-Turmkopf-S%C3%BCd-neu-02-1.jpg\"\n               title=\"Ansicht S\u00fcdostturm nach Erneuerung Turmkopf\"\n               data-src=\"https:\/\/www.teske-schwiede.de\/wp-content\/gallery\/kaiserbahnhof-halbe\/PUB-Ansicht-2013-Turmkopf-S%C3%BCd-neu-02-1.jpg\"\n               data-thumbnail=\"https:\/\/www.teske-schwiede.de\/wp-content\/gallery\/kaiserbahnhof-halbe\/thumbs\/thumbs_PUB-Ansicht-2013-Turmkopf-S%C3%BCd-neu-02-1.jpg\"\n               data-image-id=\"141\"\n               data-title=\"PUB-Ansicht-2013-Turmkopf-S\u00fcd-neu-02\"\n               data-description=\"Ansicht S\u00fcdostturm nach Erneuerung Turmkopf\"\n               data-image-slug=\"pub-ansicht-2013-turmkopf-s%c3%bcd-neu-02-1\"\n               class=\"ngg-fancybox\" rel=\"88971f145b9657021a1a54299fa7fdb6\">\n                <img\n                    title=\"PUB-Ansicht-2013-Turmkopf-S\u00fcd-neu-02\"\n                    alt=\"PUB-Ansicht-2013-Turmkopf-S\u00fcd-neu-02\"\n                    src=\"https:\/\/www.teske-schwiede.de\/wp-content\/gallery\/kaiserbahnhof-halbe\/thumbs\/thumbs_PUB-Ansicht-2013-Turmkopf-S%C3%BCd-neu-02-1.jpg\"\n                    width=\"120\"\n                    height=\"90\"\n                    style=\"max-width:100%;\"\n                \/>\n            <\/a>\n        <\/div>\n\t\t\t\t\t\t\t<\/div> \n\t\t\t\n        \n\t\t\t\t<div id=\"ngg-image-2\" class=\"ngg-gallery-thumbnail-box\" >\n\t\t\t\t        <div class=\"ngg-gallery-thumbnail\">\n            <a href=\"https:\/\/www.teske-schwiede.de\/wp-content\/gallery\/kaiserbahnhof-halbe\/PUB-Stabfuge-Nachbildung.jpg\"\n               title=\"Nachbildung der Stabverfugung\"\n               data-src=\"https:\/\/www.teske-schwiede.de\/wp-content\/gallery\/kaiserbahnhof-halbe\/PUB-Stabfuge-Nachbildung.jpg\"\n               data-thumbnail=\"https:\/\/www.teske-schwiede.de\/wp-content\/gallery\/kaiserbahnhof-halbe\/thumbs\/thumbs_PUB-Stabfuge-Nachbildung.jpg\"\n               data-image-id=\"144\"\n               data-title=\"PUB-Stabfuge-Nachbildung\"\n               data-description=\"Nachbildung der Stabverfugung\"\n               data-image-slug=\"pub-stabfuge-nachbildung\"\n               class=\"ngg-fancybox\" rel=\"88971f145b9657021a1a54299fa7fdb6\">\n                <img\n                    title=\"PUB-Stabfuge-Nachbildung\"\n                    alt=\"PUB-Stabfuge-Nachbildung\"\n                    src=\"https:\/\/www.teske-schwiede.de\/wp-content\/gallery\/kaiserbahnhof-halbe\/thumbs\/thumbs_PUB-Stabfuge-Nachbildung.jpg\"\n                    width=\"120\"\n                    height=\"90\"\n                    style=\"max-width:100%;\"\n                \/>\n            <\/a>\n        <\/div>\n\t\t\t\t\t\t\t<\/div> \n\t\t\t\n        \n\t\t\t\t<div id=\"ngg-image-3\" class=\"ngg-gallery-thumbnail-box\" >\n\t\t\t\t        <div class=\"ngg-gallery-thumbnail\">\n            <a href=\"https:\/\/www.teske-schwiede.de\/wp-content\/gallery\/kaiserbahnhof-halbe\/PUB-Stabfuge-Original.jpg\"\n               title=\"Stabfuge Original\"\n               data-src=\"https:\/\/www.teske-schwiede.de\/wp-content\/gallery\/kaiserbahnhof-halbe\/PUB-Stabfuge-Original.jpg\"\n               data-thumbnail=\"https:\/\/www.teske-schwiede.de\/wp-content\/gallery\/kaiserbahnhof-halbe\/thumbs\/thumbs_PUB-Stabfuge-Original.jpg\"\n               data-image-id=\"145\"\n               data-title=\"PUB-Stabfuge-Original\"\n               data-description=\"Stabfuge Original\"\n               data-image-slug=\"pub-stabfuge-original\"\n               class=\"ngg-fancybox\" rel=\"88971f145b9657021a1a54299fa7fdb6\">\n                <img\n                    title=\"PUB-Stabfuge-Original\"\n                    alt=\"PUB-Stabfuge-Original\"\n                    src=\"https:\/\/www.teske-schwiede.de\/wp-content\/gallery\/kaiserbahnhof-halbe\/thumbs\/thumbs_PUB-Stabfuge-Original.jpg\"\n                    width=\"120\"\n                    height=\"90\"\n                    style=\"max-width:100%;\"\n                \/>\n            <\/a>\n        <\/div>\n\t\t\t\t\t\t\t<\/div> \n\t\t\t\n        \n\t\t\t\t<div id=\"ngg-image-4\" class=\"ngg-gallery-thumbnail-box\" >\n\t\t\t\t        <div class=\"ngg-gallery-thumbnail\">\n            <a href=\"https:\/\/www.teske-schwiede.de\/wp-content\/gallery\/kaiserbahnhof-halbe\/PUB-Ansicht-2013-Turmkopf-S%C3%BCd-neu-03-1.jpg\"\n               title=\"Ansicht S\u00fcdgiebel nach Erneuerung Turmk\u00f6pfe und Steinaustausch\"\n               data-src=\"https:\/\/www.teske-schwiede.de\/wp-content\/gallery\/kaiserbahnhof-halbe\/PUB-Ansicht-2013-Turmkopf-S%C3%BCd-neu-03-1.jpg\"\n               data-thumbnail=\"https:\/\/www.teske-schwiede.de\/wp-content\/gallery\/kaiserbahnhof-halbe\/thumbs\/thumbs_PUB-Ansicht-2013-Turmkopf-S%C3%BCd-neu-03-1.jpg\"\n               data-image-id=\"142\"\n               data-title=\"PUB-Ansicht-2013-Turmkopf-S\u00fcd-neu-03\"\n               data-description=\"Ansicht S\u00fcdgiebel nach Erneuerung Turmk\u00f6pfe und Steinaustausch\"\n               data-image-slug=\"pub-ansicht-2013-turmkopf-s%c3%bcd-neu-03-1\"\n               class=\"ngg-fancybox\" rel=\"88971f145b9657021a1a54299fa7fdb6\">\n                <img\n                    title=\"PUB-Ansicht-2013-Turmkopf-S\u00fcd-neu-03\"\n                    alt=\"PUB-Ansicht-2013-Turmkopf-S\u00fcd-neu-03\"\n                    src=\"https:\/\/www.teske-schwiede.de\/wp-content\/gallery\/kaiserbahnhof-halbe\/thumbs\/thumbs_PUB-Ansicht-2013-Turmkopf-S%C3%BCd-neu-03-1.jpg\"\n                    width=\"120\"\n                    height=\"90\"\n                    style=\"max-width:100%;\"\n                \/>\n            <\/a>\n        <\/div>\n\t\t\t\t\t\t\t<\/div> \n\t\t\t\n        \n\t\t\t\t<div id=\"ngg-image-5\" class=\"ngg-gallery-thumbnail-box\" >\n\t\t\t\t        <div class=\"ngg-gallery-thumbnail\">\n            <a href=\"https:\/\/www.teske-schwiede.de\/wp-content\/gallery\/kaiserbahnhof-halbe\/PUB-KBH-2012-Holzbalkendecke-knoten-02.jpg\"\n               title=\"Holzbalkendecke des Obergeschosses w\u00e4hrend der Sanierung\"\n               data-src=\"https:\/\/www.teske-schwiede.de\/wp-content\/gallery\/kaiserbahnhof-halbe\/PUB-KBH-2012-Holzbalkendecke-knoten-02.jpg\"\n               data-thumbnail=\"https:\/\/www.teske-schwiede.de\/wp-content\/gallery\/kaiserbahnhof-halbe\/thumbs\/thumbs_PUB-KBH-2012-Holzbalkendecke-knoten-02.jpg\"\n               data-image-id=\"143\"\n               data-title=\"PUB-KBH-2012-Holzbalkendecke-knoten-02\"\n               data-description=\"Holzbalkendecke des Obergeschosses w\u00e4hrend der Sanierung\"\n               data-image-slug=\"pub-kbh-2012-holzbalkendecke-knoten-02\"\n               class=\"ngg-fancybox\" rel=\"88971f145b9657021a1a54299fa7fdb6\">\n                <img\n                    title=\"PUB-KBH-2012-Holzbalkendecke-knoten-02\"\n                    alt=\"PUB-KBH-2012-Holzbalkendecke-knoten-02\"\n                    src=\"https:\/\/www.teske-schwiede.de\/wp-content\/gallery\/kaiserbahnhof-halbe\/thumbs\/thumbs_PUB-KBH-2012-Holzbalkendecke-knoten-02.jpg\"\n                    width=\"120\"\n                    height=\"90\"\n                    style=\"max-width:100%;\"\n                \/>\n            <\/a>\n        <\/div>\n\t\t\t\t\t\t\t<\/div> \n\t\t\t\n        \n\t\t\t\t<div id=\"ngg-image-6\" class=\"ngg-gallery-thumbnail-box\" >\n\t\t\t\t        <div class=\"ngg-gallery-thumbnail\">\n            <a href=\"https:\/\/www.teske-schwiede.de\/wp-content\/gallery\/kaiserbahnhof-halbe\/Halbe_Ansicht_1.jpg\"\n               title=\"Ansicht Vorplatz\"\n               data-src=\"https:\/\/www.teske-schwiede.de\/wp-content\/gallery\/kaiserbahnhof-halbe\/Halbe_Ansicht_1.jpg\"\n               data-thumbnail=\"https:\/\/www.teske-schwiede.de\/wp-content\/gallery\/kaiserbahnhof-halbe\/thumbs\/thumbs_Halbe_Ansicht_1.jpg\"\n               data-image-id=\"78\"\n               data-title=\"Kaiserbahnhof Halbe\"\n               data-description=\"Ansicht Vorplatz\"\n               data-image-slug=\"halbe_ansicht_1\"\n               class=\"ngg-fancybox\" rel=\"88971f145b9657021a1a54299fa7fdb6\">\n                <img\n                    title=\"Kaiserbahnhof Halbe\"\n                    alt=\"Kaiserbahnhof Halbe\"\n                    src=\"https:\/\/www.teske-schwiede.de\/wp-content\/gallery\/kaiserbahnhof-halbe\/thumbs\/thumbs_Halbe_Ansicht_1.jpg\"\n                    width=\"120\"\n                    height=\"90\"\n                    style=\"max-width:100%;\"\n                \/>\n            <\/a>\n        <\/div>\n\t\t\t\t\t\t\t<\/div> \n\t\t\t\n        \n\t\t\t\t<div id=\"ngg-image-7\" class=\"ngg-gallery-thumbnail-box\" >\n\t\t\t\t        <div class=\"ngg-gallery-thumbnail\">\n            <a href=\"https:\/\/www.teske-schwiede.de\/wp-content\/gallery\/kaiserbahnhof-halbe\/Halbe_Ansicht_2.jpg\"\n               title=\"Ansicht Gleisseite\"\n               data-src=\"https:\/\/www.teske-schwiede.de\/wp-content\/gallery\/kaiserbahnhof-halbe\/Halbe_Ansicht_2.jpg\"\n               data-thumbnail=\"https:\/\/www.teske-schwiede.de\/wp-content\/gallery\/kaiserbahnhof-halbe\/thumbs\/thumbs_Halbe_Ansicht_2.jpg\"\n               data-image-id=\"79\"\n               data-title=\"Kaiserbahnhof Halbe\"\n               data-description=\"Ansicht Gleisseite\"\n               data-image-slug=\"halbe_ansicht_2\"\n               class=\"ngg-fancybox\" rel=\"88971f145b9657021a1a54299fa7fdb6\">\n                <img\n                    title=\"Kaiserbahnhof Halbe\"\n                    alt=\"Kaiserbahnhof Halbe\"\n                    src=\"https:\/\/www.teske-schwiede.de\/wp-content\/gallery\/kaiserbahnhof-halbe\/thumbs\/thumbs_Halbe_Ansicht_2.jpg\"\n                    width=\"120\"\n                    height=\"90\"\n                    style=\"max-width:100%;\"\n                \/>\n            <\/a>\n        <\/div>\n\t\t\t\t\t\t\t<\/div> \n\t\t\t\n        \n\t\t\t\t<div id=\"ngg-image-8\" class=\"ngg-gallery-thumbnail-box\" >\n\t\t\t\t        <div class=\"ngg-gallery-thumbnail\">\n            <a href=\"https:\/\/www.teske-schwiede.de\/wp-content\/gallery\/kaiserbahnhof-halbe\/Halbe_GR_2.jpg\"\n               title=\"Grundriss EG\"\n               data-src=\"https:\/\/www.teske-schwiede.de\/wp-content\/gallery\/kaiserbahnhof-halbe\/Halbe_GR_2.jpg\"\n               data-thumbnail=\"https:\/\/www.teske-schwiede.de\/wp-content\/gallery\/kaiserbahnhof-halbe\/thumbs\/thumbs_Halbe_GR_2.jpg\"\n               data-image-id=\"81\"\n               data-title=\"Kaiserbahnhof Halbe\"\n               data-description=\"Grundriss EG\"\n               data-image-slug=\"halbe_gr_2\"\n               class=\"ngg-fancybox\" rel=\"88971f145b9657021a1a54299fa7fdb6\">\n                <img\n                    title=\"Kaiserbahnhof Halbe\"\n                    alt=\"Kaiserbahnhof Halbe\"\n                    src=\"https:\/\/www.teske-schwiede.de\/wp-content\/gallery\/kaiserbahnhof-halbe\/thumbs\/thumbs_Halbe_GR_2.jpg\"\n                    width=\"120\"\n                    height=\"90\"\n                    style=\"max-width:100%;\"\n                \/>\n            <\/a>\n        <\/div>\n\t\t\t\t\t\t\t<\/div> \n\t\t\t\n        \n\t\t\t\t<div id=\"ngg-image-9\" class=\"ngg-gallery-thumbnail-box\" >\n\t\t\t\t        <div class=\"ngg-gallery-thumbnail\">\n            <a href=\"https:\/\/www.teske-schwiede.de\/wp-content\/gallery\/kaiserbahnhof-halbe\/Halbe_GR_1.jpg\"\n               title=\"Grundriss OG\"\n               data-src=\"https:\/\/www.teske-schwiede.de\/wp-content\/gallery\/kaiserbahnhof-halbe\/Halbe_GR_1.jpg\"\n               data-thumbnail=\"https:\/\/www.teske-schwiede.de\/wp-content\/gallery\/kaiserbahnhof-halbe\/thumbs\/thumbs_Halbe_GR_1.jpg\"\n               data-image-id=\"80\"\n               data-title=\"Kaiserbahnhof Halbe\"\n               data-description=\"Grundriss OG\"\n               data-image-slug=\"halbe_gr_1\"\n               class=\"ngg-fancybox\" rel=\"88971f145b9657021a1a54299fa7fdb6\">\n                <img\n                    title=\"Kaiserbahnhof Halbe\"\n                    alt=\"Kaiserbahnhof Halbe\"\n                    src=\"https:\/\/www.teske-schwiede.de\/wp-content\/gallery\/kaiserbahnhof-halbe\/thumbs\/thumbs_Halbe_GR_1.jpg\"\n                    width=\"120\"\n                    height=\"90\"\n                    style=\"max-width:100%;\"\n                \/>\n            <\/a>\n        <\/div>\n\t\t\t\t\t\t\t<\/div> \n\t\t\t\n        \n\t\t\n\t\t<!-- Pagination -->\n\t<div class='ngg-clear'><\/div>\t<\/div>\n\n","protected":false},"excerpt":{"rendered":"<p>Denkmalgrechte Sanierung und Umnutzung des Kaiserbahnhofs in 15757 Halbe\/ Brandenburg Ausgef\u00fchrt: 2012, Leistungen: Budgetplanung, Beantragung und Abrechnung von F\u00f6rdermitteln, Entwurfs- Genehmigungs- und Ausf\u00fchrungsplanung, Bauleitung &#8211; in Teilen ausgef\u00fchrt<\/p>\n","protected":false},"author":1,"featured_media":0,"parent":87,"menu_order":0,"comment_status":"open","ping_status":"open","template":"","meta":{"ngg_post_thumbnail":0},"_links":{"self":[{"href":"https:\/\/www.teske-schwiede.de\/index.php?rest_route=\/wp\/v2\/pages\/742"}],"collection":[{"href":"https:\/\/www.teske-schwiede.de\/index.php?rest_route=\/wp\/v2\/pages"}],"about":[{"href":"https:\/\/www.teske-schwiede.de\/index.php?rest_route=\/wp\/v2\/types\/page"}],"author":[{"embeddable":true,"href":"https:\/\/www.teske-schwiede.de\/index.php?rest_route=\/wp\/v2\/users\/1"}],"replies":[{"embeddable":true,"href":"https:\/\/www.teske-schwiede.de\/index.php?rest_route=%2Fwp%2Fv2%2Fcomments&post=742"}],"version-history":[{"count":6,"href":"https:\/\/www.teske-schwiede.de\/index.php?rest_route=\/wp\/v2\/pages\/742\/revisions"}],"predecessor-version":[{"id":1769,"href":"https:\/\/www.teske-schwiede.de\/index.php?rest_route=\/wp\/v2\/pages\/742\/revisions\/1769"}],"up":[{"embeddable":true,"href":"https:\/\/www.teske-schwiede.de\/index.php?rest_route=\/wp\/v2\/pages\/87"}],"wp:attachment":[{"href":"https:\/\/www.teske-schwiede.de\/index.php?rest_route=%2Fwp%2Fv2%2Fmedia&parent=742"}],"curies":[{"name":"wp","href":"https:\/\/api.w.org\/{rel}","templated":true}]}}