{"id":770,"date":"2014-09-12T18:37:59","date_gmt":"2014-09-12T16:37:59","guid":{"rendered":"http:\/\/www.teske-schwiede.de\/?page_id=770"},"modified":"2016-10-17T10:20:07","modified_gmt":"2016-10-17T08:20:07","slug":"reichstr-48","status":"publish","type":"page","link":"https:\/\/www.teske-schwiede.de\/?page_id=770","title":{"rendered":"Reichsstr. 48"},"content":{"rendered":"<p><strong>Sanierung mit Dachgeschossausbau eine MFH in 14052 Berlin\/ Charlottenburg<\/strong><br \/>\nAusgef\u00fchrt:1996, Modernisierung \/ Instandsetzung mit Dachgeschossausbau<br \/>\nMa\u00dfnahme im bewohnten Zustand durchgef\u00fchrt<\/p>\n<p>Leistungen Entwurf, Planung, Bauleitung f\u00fcr Sponer Ingenieure GmbH<br \/>\n<!-- index.php -->\n<div\n\tclass=\"ngg-galleryoverview ngg-ajax-pagination-none\"\n\tid=\"ngg-gallery-2d5c3b0a3abe5ff69e1d995b342b0e96-1\">\n\n    \t<div class=\"slideshowlink\">\n        <a href='https:\/\/www.teske-schwiede.de\/index.php\/nggallery\/slideshow?page_id=770'>[Zeige eine Slideshow]<\/a>\n\t\t\n\t<\/div>\n\t\t\t<!-- Thumbnails -->\n\t\t\t\t<div id=\"ngg-image-0\" class=\"ngg-gallery-thumbnail-box\" >\n\t\t\t\t        <div class=\"ngg-gallery-thumbnail\">\n            <a href=\"https:\/\/www.teske-schwiede.de\/wp-content\/gallery\/reichstr-48\/Reichstr_48_1.jpg\"\n               title=\"Ansicht Fassade stra\u00dfenseitig\"\n               data-src=\"https:\/\/www.teske-schwiede.de\/wp-content\/gallery\/reichstr-48\/Reichstr_48_1.jpg\"\n               data-thumbnail=\"https:\/\/www.teske-schwiede.de\/wp-content\/gallery\/reichstr-48\/thumbs\/thumbs_Reichstr_48_1.jpg\"\n               data-image-id=\"107\"\n               data-title=\"Reichsstra\u00dfe 48\"\n               data-description=\"Ansicht Fassade stra\u00dfenseitig\"\n               data-image-slug=\"reichstr_48_1\"\n               class=\"ngg-fancybox\" rel=\"2d5c3b0a3abe5ff69e1d995b342b0e96\">\n                <img\n                    title=\"Reichsstra\u00dfe 48\"\n                    alt=\"Reichsstra\u00dfe 48\"\n                    src=\"https:\/\/www.teske-schwiede.de\/wp-content\/gallery\/reichstr-48\/thumbs\/thumbs_Reichstr_48_1.jpg\"\n                    width=\"120\"\n                    height=\"90\"\n                    style=\"max-width:100%;\"\n                \/>\n            <\/a>\n        <\/div>\n\t\t\t\t\t\t\t<\/div> \n\t\t\t\n        \n\t\t\n\t\t<!-- Pagination -->\n\t<div class='ngg-clear'><\/div>\t<\/div>\n<\/p>\n","protected":false},"excerpt":{"rendered":"<p>Sanierung mit Dachgeschossausbau eine MFH in 14052 Berlin\/ Charlottenburg Ausgef\u00fchrt:1996, Modernisierung \/ Instandsetzung mit Dachgeschossausbau Ma\u00dfnahme im bewohnten Zustand durchgef\u00fchrt Leistungen Entwurf, Planung, Bauleitung f\u00fcr Sponer Ingenieure GmbH<\/p>\n","protected":false},"author":1,"featured_media":0,"parent":44,"menu_order":0,"comment_status":"open","ping_status":"open","template":"","meta":{"ngg_post_thumbnail":0},"_links":{"self":[{"href":"https:\/\/www.teske-schwiede.de\/index.php?rest_route=\/wp\/v2\/pages\/770"}],"collection":[{"href":"https:\/\/www.teske-schwiede.de\/index.php?rest_route=\/wp\/v2\/pages"}],"about":[{"href":"https:\/\/www.teske-schwiede.de\/index.php?rest_route=\/wp\/v2\/types\/page"}],"author":[{"embeddable":true,"href":"https:\/\/www.teske-schwiede.de\/index.php?rest_route=\/wp\/v2\/users\/1"}],"replies":[{"embeddable":true,"href":"https:\/\/www.teske-schwiede.de\/index.php?rest_route=%2Fwp%2Fv2%2Fcomments&post=770"}],"version-history":[{"count":4,"href":"https:\/\/www.teske-schwiede.de\/index.php?rest_route=\/wp\/v2\/pages\/770\/revisions"}],"predecessor-version":[{"id":1594,"href":"https:\/\/www.teske-schwiede.de\/index.php?rest_route=\/wp\/v2\/pages\/770\/revisions\/1594"}],"up":[{"embeddable":true,"href":"https:\/\/www.teske-schwiede.de\/index.php?rest_route=\/wp\/v2\/pages\/44"}],"wp:attachment":[{"href":"https:\/\/www.teske-schwiede.de\/index.php?rest_route=%2Fwp%2Fv2%2Fmedia&parent=770"}],"curies":[{"name":"wp","href":"https:\/\/api.w.org\/{rel}","templated":true}]}}