{"id":784,"date":"2014-09-12T19:13:12","date_gmt":"2014-09-12T17:13:12","guid":{"rendered":"http:\/\/www.teske-schwiede.de\/?page_id=784"},"modified":"2016-10-26T13:56:45","modified_gmt":"2016-10-26T11:56:45","slug":"maschienbaufabrik-niles","status":"publish","type":"page","link":"https:\/\/www.teske-schwiede.de\/?page_id=784","title":{"rendered":"Maschinenbau Fabrik Niles"},"content":{"rendered":"<p><strong>Neubau der Maschinenbaufabrik Niles in 12681 Berlin, <\/strong>Ausgef\u00fchrt<strong>: <\/strong>1999<br \/>\nLeistungen: Bauleitung f\u00fcr Kock, L\u00fcnz &amp; Horter<br \/>\n<!-- index.php -->\n<div\n\tclass=\"ngg-galleryoverview ngg-ajax-pagination-none\"\n\tid=\"ngg-gallery-bde265691b387a692a9ceaa6d7085935-1\">\n\n    \t<div class=\"slideshowlink\">\n        <a href='https:\/\/www.teske-schwiede.de\/index.php\/nggallery\/slideshow?page_id=784'>[Zeige eine Slideshow]<\/a>\n\t\t\n\t<\/div>\n\t\t\t<!-- Thumbnails -->\n\t\t\t\t<div id=\"ngg-image-0\" class=\"ngg-gallery-thumbnail-box\" >\n\t\t\t\t        <div class=\"ngg-gallery-thumbnail\">\n            <a href=\"https:\/\/www.teske-schwiede.de\/wp-content\/gallery\/maschienbaufabrik-niles\/PUB-Niles_ansicht_verwaltung_01.jpg\"\n               title=\"NILES - Ansicht Verwaltung\"\n               data-src=\"https:\/\/www.teske-schwiede.de\/wp-content\/gallery\/maschienbaufabrik-niles\/PUB-Niles_ansicht_verwaltung_01.jpg\"\n               data-thumbnail=\"https:\/\/www.teske-schwiede.de\/wp-content\/gallery\/maschienbaufabrik-niles\/thumbs\/thumbs_PUB-Niles_ansicht_verwaltung_01.jpg\"\n               data-image-id=\"157\"\n               data-title=\"PUB-Niles_ansicht_verwaltung_01\"\n               data-description=\"NILES - Ansicht Verwaltung\"\n               data-image-slug=\"pub-niles_ansicht_verwaltung_01\"\n               class=\"ngg-fancybox\" rel=\"bde265691b387a692a9ceaa6d7085935\">\n                <img\n                    title=\"PUB-Niles_ansicht_verwaltung_01\"\n                    alt=\"PUB-Niles_ansicht_verwaltung_01\"\n                    src=\"https:\/\/www.teske-schwiede.de\/wp-content\/gallery\/maschienbaufabrik-niles\/thumbs\/thumbs_PUB-Niles_ansicht_verwaltung_01.jpg\"\n                    width=\"120\"\n                    height=\"90\"\n                    style=\"max-width:100%;\"\n                \/>\n            <\/a>\n        <\/div>\n\t\t\t\t\t\t\t<\/div> \n\t\t\t\n        \n\t\t\t\t<div id=\"ngg-image-1\" class=\"ngg-gallery-thumbnail-box\" >\n\t\t\t\t        <div class=\"ngg-gallery-thumbnail\">\n            <a href=\"https:\/\/www.teske-schwiede.de\/wp-content\/gallery\/maschienbaufabrik-niles\/Niles_1.jpg\"\n               title=\"Ansicht Werkhalle\"\n               data-src=\"https:\/\/www.teske-schwiede.de\/wp-content\/gallery\/maschienbaufabrik-niles\/Niles_1.jpg\"\n               data-thumbnail=\"https:\/\/www.teske-schwiede.de\/wp-content\/gallery\/maschienbaufabrik-niles\/thumbs\/thumbs_Niles_1.jpg\"\n               data-image-id=\"45\"\n               data-title=\"Niles_3\"\n               data-description=\"Ansicht Werkhalle\"\n               data-image-slug=\"niles_1\"\n               class=\"ngg-fancybox\" rel=\"bde265691b387a692a9ceaa6d7085935\">\n                <img\n                    title=\"Niles_3\"\n                    alt=\"Niles_3\"\n                    src=\"https:\/\/www.teske-schwiede.de\/wp-content\/gallery\/maschienbaufabrik-niles\/thumbs\/thumbs_Niles_1.jpg\"\n                    width=\"120\"\n                    height=\"90\"\n                    style=\"max-width:100%;\"\n                \/>\n            <\/a>\n        <\/div>\n\t\t\t\t\t\t\t<\/div> \n\t\t\t\n        \n\t\t\t\t<div id=\"ngg-image-2\" class=\"ngg-gallery-thumbnail-box\" >\n\t\t\t\t        <div class=\"ngg-gallery-thumbnail\">\n            <a href=\"https:\/\/www.teske-schwiede.de\/wp-content\/gallery\/maschienbaufabrik-niles\/Niles_4.jpg\"\n               title=\"Ansicht Verwaltungsgeb\u00e4ude Detail Eingang\"\n               data-src=\"https:\/\/www.teske-schwiede.de\/wp-content\/gallery\/maschienbaufabrik-niles\/Niles_4.jpg\"\n               data-thumbnail=\"https:\/\/www.teske-schwiede.de\/wp-content\/gallery\/maschienbaufabrik-niles\/thumbs\/thumbs_Niles_4.jpg\"\n               data-image-id=\"44\"\n               data-title=\"Niles_2\"\n               data-description=\"Ansicht Verwaltungsgeb\u00e4ude Detail Eingang\"\n               data-image-slug=\"niles_4\"\n               class=\"ngg-fancybox\" rel=\"bde265691b387a692a9ceaa6d7085935\">\n                <img\n                    title=\"Niles_2\"\n                    alt=\"Niles_2\"\n                    src=\"https:\/\/www.teske-schwiede.de\/wp-content\/gallery\/maschienbaufabrik-niles\/thumbs\/thumbs_Niles_4.jpg\"\n                    width=\"120\"\n                    height=\"90\"\n                    style=\"max-width:100%;\"\n                \/>\n            <\/a>\n        <\/div>\n\t\t\t\t\t\t\t<\/div> \n\t\t\t\n        \n\t\t\t\t<div id=\"ngg-image-3\" class=\"ngg-gallery-thumbnail-box\" >\n\t\t\t\t        <div class=\"ngg-gallery-thumbnail\">\n            <a href=\"https:\/\/www.teske-schwiede.de\/wp-content\/gallery\/maschienbaufabrik-niles\/PUB-Niles_halle_innen_04.jpg\"\n               title=\"NILES - Innenansicht Werkhalle\"\n               data-src=\"https:\/\/www.teske-schwiede.de\/wp-content\/gallery\/maschienbaufabrik-niles\/PUB-Niles_halle_innen_04.jpg\"\n               data-thumbnail=\"https:\/\/www.teske-schwiede.de\/wp-content\/gallery\/maschienbaufabrik-niles\/thumbs\/thumbs_PUB-Niles_halle_innen_04.jpg\"\n               data-image-id=\"158\"\n               data-title=\"PUB-Niles_halle_innen_04\"\n               data-description=\"NILES - Innenansicht Werkhalle\"\n               data-image-slug=\"pub-niles_halle_innen_04\"\n               class=\"ngg-fancybox\" rel=\"bde265691b387a692a9ceaa6d7085935\">\n                <img\n                    title=\"PUB-Niles_halle_innen_04\"\n                    alt=\"PUB-Niles_halle_innen_04\"\n                    src=\"https:\/\/www.teske-schwiede.de\/wp-content\/gallery\/maschienbaufabrik-niles\/thumbs\/thumbs_PUB-Niles_halle_innen_04.jpg\"\n                    width=\"120\"\n                    height=\"90\"\n                    style=\"max-width:100%;\"\n                \/>\n            <\/a>\n        <\/div>\n\t\t\t\t\t\t\t<\/div> \n\t\t\t\n        \n\t\t\t\t<div id=\"ngg-image-4\" class=\"ngg-gallery-thumbnail-box\" >\n\t\t\t\t        <div class=\"ngg-gallery-thumbnail\">\n            <a href=\"https:\/\/www.teske-schwiede.de\/wp-content\/gallery\/maschienbaufabrik-niles\/Niles_2.jpg\"\n               title=\"Innenansicht Werkhalle\"\n               data-src=\"https:\/\/www.teske-schwiede.de\/wp-content\/gallery\/maschienbaufabrik-niles\/Niles_2.jpg\"\n               data-thumbnail=\"https:\/\/www.teske-schwiede.de\/wp-content\/gallery\/maschienbaufabrik-niles\/thumbs\/thumbs_Niles_2.jpg\"\n               data-image-id=\"46\"\n               data-title=\"Niles_4\"\n               data-description=\"Innenansicht Werkhalle\"\n               data-image-slug=\"niles_2\"\n               class=\"ngg-fancybox\" rel=\"bde265691b387a692a9ceaa6d7085935\">\n                <img\n                    title=\"Niles_4\"\n                    alt=\"Niles_4\"\n                    src=\"https:\/\/www.teske-schwiede.de\/wp-content\/gallery\/maschienbaufabrik-niles\/thumbs\/thumbs_Niles_2.jpg\"\n                    width=\"120\"\n                    height=\"90\"\n                    style=\"max-width:100%;\"\n                \/>\n            <\/a>\n        <\/div>\n\t\t\t\t\t\t\t<\/div> \n\t\t\t\n        \n\t\t\n\t\t<!-- Pagination -->\n\t<div class='ngg-clear'><\/div>\t<\/div>\n<\/p>\n","protected":false},"excerpt":{"rendered":"<p>Neubau der Maschinenbaufabrik Niles in 12681 Berlin, Ausgef\u00fchrt: 1999 Leistungen: Bauleitung f\u00fcr Kock, L\u00fcnz &amp; Horter<\/p>\n","protected":false},"author":1,"featured_media":0,"parent":51,"menu_order":0,"comment_status":"open","ping_status":"open","template":"","meta":{"ngg_post_thumbnail":0},"_links":{"self":[{"href":"https:\/\/www.teske-schwiede.de\/index.php?rest_route=\/wp\/v2\/pages\/784"}],"collection":[{"href":"https:\/\/www.teske-schwiede.de\/index.php?rest_route=\/wp\/v2\/pages"}],"about":[{"href":"https:\/\/www.teske-schwiede.de\/index.php?rest_route=\/wp\/v2\/types\/page"}],"author":[{"embeddable":true,"href":"https:\/\/www.teske-schwiede.de\/index.php?rest_route=\/wp\/v2\/users\/1"}],"replies":[{"embeddable":true,"href":"https:\/\/www.teske-schwiede.de\/index.php?rest_route=%2Fwp%2Fv2%2Fcomments&post=784"}],"version-history":[{"count":7,"href":"https:\/\/www.teske-schwiede.de\/index.php?rest_route=\/wp\/v2\/pages\/784\/revisions"}],"predecessor-version":[{"id":1753,"href":"https:\/\/www.teske-schwiede.de\/index.php?rest_route=\/wp\/v2\/pages\/784\/revisions\/1753"}],"up":[{"embeddable":true,"href":"https:\/\/www.teske-schwiede.de\/index.php?rest_route=\/wp\/v2\/pages\/51"}],"wp:attachment":[{"href":"https:\/\/www.teske-schwiede.de\/index.php?rest_route=%2Fwp%2Fv2%2Fmedia&parent=784"}],"curies":[{"name":"wp","href":"https:\/\/api.w.org\/{rel}","templated":true}]}}