{"id":83,"date":"2014-08-28T21:14:38","date_gmt":"2014-08-28T19:14:38","guid":{"rendered":"http:\/\/www.teske-schwiede.de\/?page_id=83"},"modified":"2024-06-17T14:01:42","modified_gmt":"2024-06-17T12:01:42","slug":"kontakt","status":"publish","type":"page","link":"https:\/\/www.teske-schwiede.de\/?page_id=83","title":{"rendered":"Kontakt"},"content":{"rendered":"<h3><span style=\"color: #993300;\"><strong>&nbsp;<\/strong><\/span><\/h3>\n<h4><span style=\"color: #993300;\"><strong>Teske&nbsp; Schwiede&nbsp; + Partner<\/strong><\/span><\/h4>\n<p style=\"text-align: left;\">B\u00fcroleiter Herr J\u00f6rg Sawatzki<strong>&nbsp;<\/strong><\/p>\n<h5 style=\"text-align: left;\"><span style=\"text-decoration: underline;\"><strong><span style=\"color: #993300; text-decoration: underline;\">B\u00fcro Berlin<\/span><\/strong><\/span><\/h5>\n<p>D\u00fcsseldorfer Str. 38<br \/>\n10707 Berlin<\/p>\n<h5><span style=\"color: #993300;\"><strong><span style=\"text-decoration: underline;\">B\u00fcro M\u00fcnchehofe<\/span><br \/>\n<\/strong><\/span><\/h5>\n<p>Neuendorfer Stra\u00dfe 2<br \/>\n15748 M\u00fcnchehofe<\/p>\n<p><strong>Zentrale Rufnummern<\/strong><\/p>\n<p>Telefon: (030) 577 00 21 &#8211; 0<\/p>\n<p>Telefax: (030) 577 00 21 &#8211; 99<\/p>\n<p>email: office@teske-schwiede.de<\/p>\n<p>&nbsp;<\/p>\n<p><strong>Gerne k\u00f6nnen Sie uns hier eine Kurznachricht schicken<\/strong><\/p>\n<div role=\"form\" class=\"wpcf7\" id=\"wpcf7-f23-o1\" lang=\"de-DE\" dir=\"ltr\">\n<div class=\"screen-reader-response\"><p role=\"status\" aria-live=\"polite\" aria-atomic=\"true\"><\/p> <ul><\/ul><\/div>\n<form action=\"\/index.php?rest_route=%2Fwp%2Fv2%2Fpages%2F83#wpcf7-f23-o1\" method=\"post\" class=\"wpcf7-form init\" novalidate=\"novalidate\" data-status=\"init\">\n<div style=\"display: none;\">\n<input type=\"hidden\" name=\"_wpcf7\" value=\"23\" \/>\n<input type=\"hidden\" name=\"_wpcf7_version\" value=\"5.5.2\" \/>\n<input type=\"hidden\" name=\"_wpcf7_locale\" value=\"de_DE\" \/>\n<input type=\"hidden\" name=\"_wpcf7_unit_tag\" value=\"wpcf7-f23-o1\" \/>\n<input type=\"hidden\" name=\"_wpcf7_container_post\" value=\"0\" \/>\n<input type=\"hidden\" name=\"_wpcf7_posted_data_hash\" value=\"\" \/>\n<\/div>\n<p>Ihr Name (Pflichtfeld)<br \/>\n    <span class=\"wpcf7-form-control-wrap your-name\"><input type=\"text\" name=\"your-name\" value=\"\" size=\"40\" class=\"wpcf7-form-control wpcf7-text wpcf7-validates-as-required\" aria-required=\"true\" aria-invalid=\"false\" \/><\/span> <\/p>\n<p>Ihre E-Mail-Adresse (Pflichtfeld)<br \/>\n    <span class=\"wpcf7-form-control-wrap your-email\"><input type=\"email\" name=\"your-email\" value=\"\" size=\"40\" class=\"wpcf7-form-control wpcf7-text wpcf7-email wpcf7-validates-as-required wpcf7-validates-as-email\" aria-required=\"true\" aria-invalid=\"false\" \/><\/span> <\/p>\n<p>Betreff<br \/>\n    <span class=\"wpcf7-form-control-wrap your-subject\"><input type=\"text\" name=\"your-subject\" value=\"\" size=\"40\" class=\"wpcf7-form-control wpcf7-text\" aria-invalid=\"false\" \/><\/span> <\/p>\n<p>Ihre Nachricht<br \/>\n    <span class=\"wpcf7-form-control-wrap your-message\"><textarea name=\"your-message\" cols=\"40\" rows=\"10\" class=\"wpcf7-form-control wpcf7-textarea\" aria-invalid=\"false\"><\/textarea><\/span> <\/p>\n<p><input type=\"submit\" value=\"Senden\" class=\"wpcf7-form-control has-spinner wpcf7-submit\" \/><\/p>\n<p style=\"display: none !important;\"><label>&#916;<textarea name=\"_wpcf7_ak_hp_textarea\" cols=\"45\" rows=\"8\" maxlength=\"100\"><\/textarea><\/label><input type=\"hidden\" id=\"ak_js_1\" name=\"_wpcf7_ak_js\" value=\"233\"\/><script>document.getElementById( \"ak_js_1\" ).setAttribute( \"value\", ( new Date() ).getTime() );<\/script><\/p><div class=\"wpcf7-response-output\" aria-hidden=\"true\"><\/div><\/form><\/div>\n<p>&nbsp;<\/p>\n<div style=\"width: 600px;\">&nbsp;<\/div>\n","protected":false},"excerpt":{"rendered":"<p>&nbsp; Teske&nbsp; Schwiede&nbsp; + Partner B\u00fcroleiter Herr J\u00f6rg Sawatzki&nbsp; B\u00fcro Berlin D\u00fcsseldorfer Str. 38 10707 Berlin B\u00fcro M\u00fcnchehofe Neuendorfer Stra\u00dfe 2 15748 M\u00fcnchehofe Zentrale Rufnummern Telefon: (030) 577 00 21 &#8211; 0 Telefax: (030) 577 00 21 &#8211; 99 email: office@teske-schwiede.de &nbsp; Gerne k\u00f6nnen Sie uns hier eine Kurznachricht schicken &nbsp; &nbsp;<\/p>\n","protected":false},"author":1,"featured_media":0,"parent":0,"menu_order":0,"comment_status":"closed","ping_status":"closed","template":"","meta":{"ngg_post_thumbnail":0},"_links":{"self":[{"href":"https:\/\/www.teske-schwiede.de\/index.php?rest_route=\/wp\/v2\/pages\/83"}],"collection":[{"href":"https:\/\/www.teske-schwiede.de\/index.php?rest_route=\/wp\/v2\/pages"}],"about":[{"href":"https:\/\/www.teske-schwiede.de\/index.php?rest_route=\/wp\/v2\/types\/page"}],"author":[{"embeddable":true,"href":"https:\/\/www.teske-schwiede.de\/index.php?rest_route=\/wp\/v2\/users\/1"}],"replies":[{"embeddable":true,"href":"https:\/\/www.teske-schwiede.de\/index.php?rest_route=%2Fwp%2Fv2%2Fcomments&post=83"}],"version-history":[{"count":72,"href":"https:\/\/www.teske-schwiede.de\/index.php?rest_route=\/wp\/v2\/pages\/83\/revisions"}],"predecessor-version":[{"id":3261,"href":"https:\/\/www.teske-schwiede.de\/index.php?rest_route=\/wp\/v2\/pages\/83\/revisions\/3261"}],"wp:attachment":[{"href":"https:\/\/www.teske-schwiede.de\/index.php?rest_route=%2Fwp%2Fv2%2Fmedia&parent=83"}],"curies":[{"name":"wp","href":"https:\/\/api.w.org\/{rel}","templated":true}]}}